{"id":8610,"date":"2021-02-25T02:55:14","date_gmt":"2021-02-25T02:55:14","guid":{"rendered":"https:\/\/childcancer.org\/?page_id=8610"},"modified":"2021-03-23T16:43:37","modified_gmt":"2021-03-23T16:43:37","slug":"st-baldricks-2021","status":"publish","type":"page","link":"https:\/\/childcancer.org\/es\/st-baldricks","title":{"rendered":"San Baldrick 2021"},"content":{"rendered":"<div class=\"wpb-content-wrapper\"><div class=\"vc_row wpb_row vc_row-fluid\"><div class=\"wpb_column vc_column_container vc_col-sm-12\"><div class=\"vc_column-inner\"><div class=\"wpb_wrapper\">\n\t<div class=\"wpb_text_column wpb_content_element\" >\n\t\t<div class=\"wpb_wrapper\">\n\t\t\t<p><img decoding=\"async\" class=\"aligncenter wp-image-8744 size-full\" src=\"https:\/\/childcancer.org\/wp-content\/uploads\/2021\/03\/Join-the-Fight-Flyer-2.png\" alt=\"\" width=\"100%\" height=\"auto\" srcset=\"https:\/\/childcancer.org\/wp-content\/uploads\/2021\/03\/Join-the-Fight-Flyer-2.png 1545w, https:\/\/childcancer.org\/wp-content\/uploads\/2021\/03\/Join-the-Fight-Flyer-2-232x300.png 232w, https:\/\/childcancer.org\/wp-content\/uploads\/2021\/03\/Join-the-Fight-Flyer-2-791x1024.png 791w, https:\/\/childcancer.org\/wp-content\/uploads\/2021\/03\/Join-the-Fight-Flyer-2-768x994.png 768w, https:\/\/childcancer.org\/wp-content\/uploads\/2021\/03\/Join-the-Fight-Flyer-2-1187x1536.png 1187w\" sizes=\"(max-width: 1545px) 100vw, 1545px\" \/><\/p>\n\n\t\t<\/div>\n\t<\/div>\n\n\t<div class=\"wpb_text_column wpb_content_element\" >\n\t\t<div class=\"wpb_wrapper\">\n\t\t\t<div style=\"text-align: left;\">\n<h4 class=\"p1\" style=\"text-align: center;\"><span class=\"s1\">\u00a1\u00danase a la lucha y apoye a los ni\u00f1os que luchan contra el c\u00e1ncer!<\/span><\/h4>\n<p style=\"text-align: center;\"><span class=\"s2\">Sea parte de los eventos anuales de afeitado de cabeza de St. Baldrick de Keaton&#039;s Child Cancer Alliance.\u00a0<\/span><\/p>\n<p style=\"text-align: center;\">Sintoniza Keaton&#039;s <strong><a href=\"http:\/\/bit.ly\/KeatonsYouTube\" target=\"_blank\" rel=\"noopener\">Canal de Youtube<\/a>,\u00a0<\/strong>Mi\u00e9rcoles 24 de marzo de 19 a 20 hs.<\/p>\n<p style=\"text-align: center;\">para ver Westfield Galleria en Roseville Virtual Shave.<\/p>\n<p>&nbsp;<\/p>\n<h4 style=\"text-align: center;\"><\/h4>\n<p class=\"p1\" style=\"text-align: center;\">Sea parte del evento de afeitado de cabeza del Centro Integral de C\u00e1ncer de UC Davis<\/p>\n<p class=\"p1\" style=\"text-align: center;\">al registrarse <a href=\"https:\/\/www.stbaldricks.org\/events\/UCdavis2021\" target=\"_blank\" rel=\"noopener\"><strong>AQU\u00cd <\/strong><\/a>y programar tu afeitado con Supercuts, <span class=\"JsGRdQ\">1589 W. El Camino Ave, Sacramento,<\/span><\/p>\n<p class=\"p1\" style=\"text-align: center;\">7 de abril de 16 a 18 hs.<\/p>\n<p class=\"_04xlpA direction-ltr align-center para-style-body\" style=\"text-align: center;\"><span class=\"JsGRdQ\">Vea el completo de UC Davis <\/span><span class=\"JsGRdQ\">Exposici\u00f3n Virtual del Centro de C\u00e1ncer, 23 de abril. <\/span><\/p>\n<p class=\"_04xlpA direction-ltr align-center para-style-body\" style=\"text-align: center;\"><span class=\"JsGRdQ\">Est\u00e9n atentos para la hora del espect\u00e1culo.<\/span><\/p>\n<p>&nbsp;<\/p>\n<\/div>\n<h5 style=\"text-align: center;\"><strong><span class=\"s1\">\u00a0\u00a1Juntos lograremos #ConquerKidsCancer!<\/span><\/strong><\/h5>\n\n\t\t<\/div>\n\t<\/div>\n\n\t<div class=\"wpb_text_column wpb_content_element\" >\n\t\t<div class=\"wpb_wrapper\">\n\t\t\t\n\t\t<\/div>\n\t<\/div>\n<div class=\"vc_row wpb_row vc_inner vc_row-fluid\"><div class=\"wpb_column vc_column_container vc_col-sm-6\"><div class=\"vc_column-inner\"><div class=\"wpb_wrapper\">\n\t<div class=\"wpb_video_widget wpb_content_element vc_clearfix   vc_video-aspect-ratio-169 vc_video-el-width-100 vc_video-align-left\" >\n\t\t<div class=\"wpb_wrapper\">\n\t\t\t\n\t\t\t<div class=\"wpb_video_wrapper\"><iframe title=\"\u00danete a la pelea. Afeitarte la cabeza. Voluntario. Salvar la vida de los ni\u00f1os.\" width=\"500\" height=\"281\" src=\"https:\/\/www.youtube.com\/embed\/mOh9i_lgzWM?feature=oembed\" frameborder=\"0\" allow=\"accelerometer; autoplay; clipboard-write; encrypted-media; gyroscope; picture-in-picture; web-share\" allowfullscreen><\/iframe><\/div>\n\t\t<\/div>\n\t<\/div>\n<\/div><\/div><\/div><div class=\"wpb_column vc_column_container vc_col-sm-6\"><div class=\"vc_column-inner\"><div class=\"wpb_wrapper\">\n\t<div class=\"wpb_video_widget wpb_content_element vc_clearfix   vc_video-aspect-ratio-169 vc_video-el-width-100 vc_video-align-left\" >\n\t\t<div class=\"wpb_wrapper\">\n\t\t\t\n\t\t\t<div class=\"wpb_video_wrapper\"><iframe title=\"Afeitarse las cabezas para el c\u00e1ncer ~ \u00a1Se necesita una comunidad!\" width=\"500\" height=\"281\" src=\"https:\/\/www.youtube.com\/embed\/wkXDqCEmVPc?feature=oembed\" frameborder=\"0\" allow=\"accelerometer; autoplay; clipboard-write; encrypted-media; gyroscope; picture-in-picture; web-share\" allowfullscreen><\/iframe><\/div>\n\t\t<\/div>\n\t<\/div>\n<\/div><\/div><\/div><\/div><\/div><\/div><\/div><\/div><div class=\"vc_row wpb_row vc_row-fluid\"><div class=\"wpb_column vc_column_container vc_col-sm-6\"><div class=\"vc_column-inner\"><div class=\"wpb_wrapper\"><div class=\"vc_btn3-container vc_btn3-center vc_do_btn\" ><a class=\"vc_general vc_btn3 vc_btn3-size-lg vc_btn3-shape-rounded vc_btn3-style-outline vc_btn3-block vc_btn3-color-primary\" href=\"http:\/\/www.getbald.com\" title=\"\" target=\"_blank\">Registro<\/a><\/div><\/div><\/div><\/div><div class=\"wpb_column vc_column_container vc_col-sm-6\"><div class=\"vc_column-inner\"><div class=\"wpb_wrapper\"><div class=\"vc_btn3-container vc_btn3-center vc_do_btn\" ><a class=\"vc_general vc_btn3 vc_btn3-size-lg vc_btn3-shape-rounded vc_btn3-style-outline vc_btn3-block vc_btn3-color-primary\" href=\"https:\/\/signup.com\/go\/taXLxty\" title=\"\" target=\"_blank\">Voluntario<\/a><\/div><\/div><\/div><\/div><\/div><div class=\"vc_row wpb_row vc_row-fluid\"><div class=\"wpb_column vc_column_container vc_col-sm-3\"><div class=\"vc_column-inner\"><div class=\"wpb_wrapper\"><\/div><\/div><\/div><div class=\"wpb_column vc_column_container vc_col-sm-3\"><div class=\"vc_column-inner\"><div class=\"wpb_wrapper\">\n\t<div class=\"wpb_text_column wpb_content_element\" >\n\t\t<div class=\"wpb_wrapper\">\n\t\t\t<p><img decoding=\"async\" class=\"aligncenter size-full wp-image-4981\" src=\"https:\/\/childcancer.org\/wp-content\/uploads\/2017\/10\/KCCA-700x394.jpg\" alt=\"\" width=\"100%\" height=\"auto\" srcset=\"https:\/\/childcancer.org\/wp-content\/uploads\/2017\/10\/KCCA-700x394.jpg 700w, https:\/\/childcancer.org\/wp-content\/uploads\/2017\/10\/KCCA-700x394-300x169.jpg 300w\" sizes=\"(max-width: 700px) 100vw, 700px\" \/><\/p>\n\n\t\t<\/div>\n\t<\/div>\n<\/div><\/div><\/div><div class=\"wpb_column vc_column_container vc_col-sm-3\"><div class=\"vc_column-inner\"><div class=\"wpb_wrapper\">\n\t<div class=\"wpb_text_column wpb_content_element\" >\n\t\t<div class=\"wpb_wrapper\">\n\t\t\t<p><a href=\"https:\/\/www.stbaldricks.org\/campaigns\/krm\" target=\"_blank\" rel=\"noopener noreferrer\"><img decoding=\"async\" class=\"aligncenter wp-image-5410 size-full\" src=\"https:\/\/childcancer.org\/wp-content\/uploads\/2018\/01\/SBFLogo-tagline.png\" alt=\"\" width=\"100%\" height=\"auto\" srcset=\"https:\/\/childcancer.org\/wp-content\/uploads\/2018\/01\/SBFLogo-tagline.png 468w, https:\/\/childcancer.org\/wp-content\/uploads\/2018\/01\/SBFLogo-tagline-300x90.png 300w\" sizes=\"(max-width: 468px) 100vw, 468px\" \/><\/a><\/p>\n\n\t\t<\/div>\n\t<\/div>\n<\/div><\/div><\/div><div class=\"wpb_column vc_column_container vc_col-sm-3\"><div class=\"vc_column-inner\"><div class=\"wpb_wrapper\"><\/div><\/div><\/div><\/div><div class=\"vc_row wpb_row vc_row-fluid\"><div class=\"wpb_column vc_column_container vc_col-sm-8\"><div class=\"vc_column-inner\"><div class=\"wpb_wrapper\"><\/div><\/div><\/div><\/div>\n<\/div>","protected":false},"excerpt":{"rendered":"Join the Fight &amp; Support Children Battling Cancer! Be a part of the annual Keaton\u2019s Child Cancer Alliance\u2019s St. Baldrick\u2019s head-shaving events.\u00a0 Tune into Keaton's YouTube Channel,\u00a0Wednesday, March 24th from [...]","protected":false},"author":5,"featured_media":0,"parent":0,"menu_order":0,"comment_status":"closed","ping_status":"closed","template":"","meta":{"_acf_changed":false,"give_campaign_id":0,"footnotes":""},"categories":[],"tags":[],"class_list":["post-8610","page","type-page","status-publish","hentry"],"acf":[],"campaignId":"","_links":{"self":[{"href":"https:\/\/childcancer.org\/es\/wp-json\/wp\/v2\/pages\/8610","targetHints":{"allow":["GET"]}}],"collection":[{"href":"https:\/\/childcancer.org\/es\/wp-json\/wp\/v2\/pages"}],"about":[{"href":"https:\/\/childcancer.org\/es\/wp-json\/wp\/v2\/types\/page"}],"author":[{"embeddable":true,"href":"https:\/\/childcancer.org\/es\/wp-json\/wp\/v2\/users\/5"}],"replies":[{"embeddable":true,"href":"https:\/\/childcancer.org\/es\/wp-json\/wp\/v2\/comments?post=8610"}],"version-history":[{"count":0,"href":"https:\/\/childcancer.org\/es\/wp-json\/wp\/v2\/pages\/8610\/revisions"}],"wp:attachment":[{"href":"https:\/\/childcancer.org\/es\/wp-json\/wp\/v2\/media?parent=8610"}],"wp:term":[{"taxonomy":"category","embeddable":true,"href":"https:\/\/childcancer.org\/es\/wp-json\/wp\/v2\/categories?post=8610"},{"taxonomy":"post_tag","embeddable":true,"href":"https:\/\/childcancer.org\/es\/wp-json\/wp\/v2\/tags?post=8610"}],"curies":[{"name":"palabra clave","href":"https:\/\/api.w.org\/{rel}","templated":true}]}}