{"id":78,"date":"2016-11-30T23:04:10","date_gmt":"2016-11-30T23:04:10","guid":{"rendered":"http:\/\/krm.dmsdevsite.com\/?page_id=78"},"modified":"2022-06-15T14:19:16","modified_gmt":"2022-06-15T21:19:16","slug":"angels","status":"publish","type":"page","link":"https:\/\/childcancer.org\/es\/about-us\/angels\/","title":{"rendered":"\u00e1ngeles"},"content":{"rendered":"<div class=\"wpb-content-wrapper\"><div class=\"vc_row wpb_row vc_row-fluid\"><div class=\"wpb_column vc_column_container vc_col-sm-12\"><div class=\"vc_column-inner\"><div class=\"wpb_wrapper\"><div class=\"vc_separator wpb_content_element vc_separator_align_center vc_sep_width_100 vc_sep_pos_align_center vc_separator_no_text vc_sep_color_grey wpb_content_element  wpb_content_element\" ><span class=\"vc_sep_holder vc_sep_holder_l\"><span class=\"vc_sep_line\"><\/span><\/span><span class=\"vc_sep_holder vc_sep_holder_r\"><span class=\"vc_sep_line\"><\/span><\/span>\n<\/div>\n\t<div class=\"wpb_text_column wpb_content_element\" >\n\t\t<div class=\"wpb_wrapper\">\n\t\t\t<h2 class=\"p1\"><span class=\"s1\">En Keaton Child Cancer Alliance, venimos a trabajar todos los d\u00edas con la mirada puesta en el momento en que nunca m\u00e1s tendremos que actualizar esta p\u00e1gina. Hasta ese d\u00eda, seguiremos luchando por una cura. Y siempre mantendremos en nuestros corazones un lugar sagrado para los \u00e1ngeles a los que hemos servido durante sus valientes batallas contra el c\u00e1ncer infantil. <\/span><\/h2>\n<h3>Los recordamos\u2026.<\/h3>\n<p><em>A la salida del sol y se pone,<\/em><br \/>\n<em> Los recordamos.<\/em><br \/>\n<em> Al soplo del viento y al fr\u00edo del invierno,<\/em><br \/>\n<em> Los recordamos.<\/em><br \/>\n<em> En la apertura de los capullos y en el renacimiento de la primavera,<\/em><br \/>\n<em> Los recordamos.<\/em><br \/>\n<em> En el susurro de las hojas y en la belleza del oto\u00f1o,<\/em><br \/>\n<em> Los recordamos.<\/em><br \/>\n<em> Al principio del a\u00f1o y cuando termina,<\/em><br \/>\n<em> Los recordamos.<\/em><br \/>\n<em> Mientras nosotros vivamos, ellos tambi\u00e9n vivir\u00e1n,<\/em><br \/>\n<em> son parte de nosotros,<\/em><\/p>\n<p><em>Los recordamos.<\/em><\/p>\n\n\t\t<\/div>\n\t<\/div>\n\n\t<div class=\"wpb_text_column wpb_content_element\" >\n\t\t<div class=\"wpb_wrapper\">\n\t\t\t<h2>2021<\/h2>\n<p>V\u00edctor<\/p>\n<h2>2020<\/h2>\n<p><span data-doc-id=\"2203116000000133001\" data-doc-type=\"writer\">Alayna, agosto<\/span>, Camila, <span data-doc-id=\"2203116000000133001\" data-doc-type=\"writer\">Christopher, Ethan, Joshua G., Joshua H., Xavier<\/span><\/p>\n<h2>2019<\/h2>\n<p>Vincent, Fabi\u00e1n, Jes\u00fas, Danica, Luciano, Finley, Alberto, Kendrick, Sophia, Wesley<\/p>\n<h2>2018<\/h2>\n<p>Alexander, Mirandah, Lily, Atreyu, Loren, Aliyah, Ruby, Yamilei, Ziano, Joseph \u201cSunny\u201d, Melod, Rocio, Henry, Gavin<\/p>\n<div><\/div>\n<h2>2017<\/h2>\n<p>Matthew, Ruben, Devin, Dominic, Priscilla, Dawson, Kristina, Kenzie, Mirella, Ariannah, Sofia<\/p>\n<div><\/div>\n<div><\/div>\n<h2>2016<\/h2>\n<p>Lillian, Marjorie, Carlos, John, Emily, George, Camryn, Belinda, Elias, Benjamin, Sawyer, Tomas, Raul, Anthony, Jonathan, Mason, Mariela, Hayden, Tyler<\/p>\n<h2>2015<\/h2>\n<p>Richana, Gabriela, Juan, Sunny, Pablo, Anthony, Francisco<\/p>\n<h2>2014<\/h2>\n<p>Konor, Byron, Jennifer, Ashley, Scott, Jacquiline, Laura, Tatianna, Emilce, Jacqueline, Martin, Brian, Marco, Emilio, Kassandra, Alex, Orion, Mason<\/p>\n<h2>2013<\/h2>\n<p>Rodrigue, Mario, Jaclynn, Amanda<\/p>\n<h2>2012<\/h2>\n<p>Ernie, Thalia, Edgor, Emma, Alexander, William, Billy, William, Leslie, Trevor, Wyatt, Alejandr\u00eda, Evelyn, Alexander<\/p>\n<h2>2011<\/h2>\n<p>Samantha, Sara, Anthony, Addison, Aaron, Jesse, Jedidiah, Angelena, David, Leslie, Justin<\/p>\n<h2>2010<\/h2>\n<p>Edward, Barry, Cameron, Savannah, James, Jabril, Emmanuel \u201cManu\u201d, Keoni, Dario,Khylee, Lindsey, Anastacia, Andre, Nasser, Tatiana, Fernando, Patricia<\/p>\n<h2>2009<\/h2>\n<p>Ayana, Evelyn, Malakai, Alexer, Samantha, Jesse, Tristan, Joshua, Christina, Victor, Gabrielle, David<\/p>\n<h2>2008<\/h2>\n<p>Erica, Alonso, Brianna, Shelby, Douglas, Joseph, Kendall, Nicolaus<\/p>\n<h2>2007<\/h2>\n<p>Gabriella, Kayla, Heather, Christopher, Jaden, Rebekah, Matthew, Ella, Lauren, Trevor, Diana, Ryan, Stephen, Shannon, Ashley, Steven<\/p>\n<h2>2006<\/h2>\n<p>Geovani, Kelley, Alejandra<\/p>\n<h2>2005<\/h2>\n<p>Maiku, Derek, Hunter, Ver\u00f3nica, Trisha, Sidney<\/p>\n<h2>2004<\/h2>\n<p>Chase, Ezequiel, Kendall, Elise, Benton<\/p>\n<h2>2003<\/h2>\n<p>Ang\u00e9lica, Aubrey, Ashley<\/p>\n<h2>2002<\/h2>\n<p>Travis, Tawnya<\/p>\n\n\t\t<\/div>\n\t<\/div>\n<\/div><\/div><\/div><\/div>\n<\/div>","protected":false},"excerpt":{"rendered":"At Keaton Child Cancer Alliance, we come to work every day with our eyes on the time we never have to update this page again. Until that day, we will [...]","protected":false},"author":5,"featured_media":0,"parent":23,"menu_order":5,"comment_status":"closed","ping_status":"closed","template":"","meta":{"_acf_changed":false,"give_campaign_id":0,"footnotes":""},"categories":[],"tags":[],"class_list":["post-78","page","type-page","status-publish","hentry"],"acf":[],"campaignId":"","_links":{"self":[{"href":"https:\/\/childcancer.org\/es\/wp-json\/wp\/v2\/pages\/78","targetHints":{"allow":["GET"]}}],"collection":[{"href":"https:\/\/childcancer.org\/es\/wp-json\/wp\/v2\/pages"}],"about":[{"href":"https:\/\/childcancer.org\/es\/wp-json\/wp\/v2\/types\/page"}],"author":[{"embeddable":true,"href":"https:\/\/childcancer.org\/es\/wp-json\/wp\/v2\/users\/5"}],"replies":[{"embeddable":true,"href":"https:\/\/childcancer.org\/es\/wp-json\/wp\/v2\/comments?post=78"}],"version-history":[{"count":0,"href":"https:\/\/childcancer.org\/es\/wp-json\/wp\/v2\/pages\/78\/revisions"}],"up":[{"embeddable":true,"href":"https:\/\/childcancer.org\/es\/wp-json\/wp\/v2\/pages\/23"}],"wp:attachment":[{"href":"https:\/\/childcancer.org\/es\/wp-json\/wp\/v2\/media?parent=78"}],"wp:term":[{"taxonomy":"category","embeddable":true,"href":"https:\/\/childcancer.org\/es\/wp-json\/wp\/v2\/categories?post=78"},{"taxonomy":"post_tag","embeddable":true,"href":"https:\/\/childcancer.org\/es\/wp-json\/wp\/v2\/tags?post=78"}],"curies":[{"name":"palabra clave","href":"https:\/\/api.w.org\/{rel}","templated":true}]}}