{"id":7729,"date":"2020-02-18T16:38:27","date_gmt":"2020-02-18T16:38:27","guid":{"rendered":"https:\/\/childcancer.org\/?page_id=7729"},"modified":"2020-02-18T16:38:27","modified_gmt":"2020-02-18T16:38:27","slug":"acute-lymphoblastic-leukemia-all","status":"publish","type":"page","link":"https:\/\/childcancer.org\/es\/acute-lymphoblastic-leukemia-all\/","title":{"rendered":"Leucemia linfobl\u00e1stica aguda (LLA)"},"content":{"rendered":"<div class=\"wpb-content-wrapper\"><div class=\"vc_row wpb_row vc_row-fluid\"><div class=\"wpb_column vc_column_container vc_col-sm-12\"><div class=\"vc_column-inner\"><div class=\"wpb_wrapper\">\n\t<div class=\"wpb_text_column wpb_content_element\" >\n\t\t<div class=\"wpb_wrapper\">\n\t\t\t<p><strong>leucemias<\/strong>\u00a0son c\u00e1nceres que comienzan en c\u00e9lulas que normalmente se desarrollar\u00edan en diferentes tipos de c\u00e9lulas sangu\u00edneas. La mayor\u00eda de las veces, la leucemia comienza en formas tempranas de gl\u00f3bulos blancos, pero algunas leucemias comienzan en otros tipos de c\u00e9lulas sangu\u00edneas.<\/p>\n<p>Hay varios tipos de leucemia, que se dividen principalmente en funci\u00f3n de si la leucemia es aguda (crecimiento r\u00e1pido) o cr\u00f3nica (crecimiento m\u00e1s lento), y si comienza en las c\u00e9lulas mieloides o en las c\u00e9lulas linfoides. Conocer el tipo espec\u00edfico de leucemia ayuda a los m\u00e9dicos a predecir mejor el pron\u00f3stico de cada persona y seleccionar el mejor tratamiento.<\/p>\n<p><strong>Leucemia linfoc\u00edtica aguda (LLA)<\/strong>\u00a0es tambien llamado\u00a0<strong>leucemia linfobl\u00e1stica aguda<\/strong>. \u201cAguda\u201d significa que la leucemia puede progresar r\u00e1pidamente y, si no se trata, probablemente sea fatal en unos pocos meses. \u201cLinfoc\u00edtico\u201d significa que se desarrolla a partir de formas tempranas (inmaduras) de\u00a0<strong>linfocitos<\/strong>, un tipo de gl\u00f3bulo blanco.<\/p>\n<p>La ALL comienza en la m\u00e9dula \u00f3sea (la parte interior blanda de ciertos huesos, donde se producen nuevas c\u00e9lulas sangu\u00edneas). Muy a menudo, las c\u00e9lulas leuc\u00e9micas invaden la sangre con bastante rapidez. A veces, tambi\u00e9n pueden propagarse a otras partes del cuerpo, incluidos los ganglios linf\u00e1ticos, el h\u00edgado, el bazo, el sistema nervioso central (cerebro y m\u00e9dula espinal) y los test\u00edculos (en los hombres). Algunos c\u00e1nceres tambi\u00e9n pueden comenzar en estos \u00f3rganos y luego diseminarse a la m\u00e9dula \u00f3sea, pero estos c\u00e1nceres no son leucemia.<\/p>\n<p>*Esta informaci\u00f3n es de la Sociedad Americana del C\u00e1ncer.<\/p>\n\n\t\t<\/div>\n\t<\/div>\n<\/div><\/div><\/div><\/div>\n<\/div>","protected":false},"excerpt":{"rendered":"Leukemias\u00a0are cancers that start in cells that would normally develop into different types of blood cells. Most often, leukemia starts in early forms of white blood cells, but some leukemias [...]","protected":false},"author":5,"featured_media":0,"parent":0,"menu_order":0,"comment_status":"closed","ping_status":"closed","template":"","meta":{"_acf_changed":false,"give_campaign_id":0,"footnotes":""},"categories":[],"tags":[],"class_list":["post-7729","page","type-page","status-publish","hentry"],"acf":[],"campaignId":"","_links":{"self":[{"href":"https:\/\/childcancer.org\/es\/wp-json\/wp\/v2\/pages\/7729","targetHints":{"allow":["GET"]}}],"collection":[{"href":"https:\/\/childcancer.org\/es\/wp-json\/wp\/v2\/pages"}],"about":[{"href":"https:\/\/childcancer.org\/es\/wp-json\/wp\/v2\/types\/page"}],"author":[{"embeddable":true,"href":"https:\/\/childcancer.org\/es\/wp-json\/wp\/v2\/users\/5"}],"replies":[{"embeddable":true,"href":"https:\/\/childcancer.org\/es\/wp-json\/wp\/v2\/comments?post=7729"}],"version-history":[{"count":0,"href":"https:\/\/childcancer.org\/es\/wp-json\/wp\/v2\/pages\/7729\/revisions"}],"wp:attachment":[{"href":"https:\/\/childcancer.org\/es\/wp-json\/wp\/v2\/media?parent=7729"}],"wp:term":[{"taxonomy":"category","embeddable":true,"href":"https:\/\/childcancer.org\/es\/wp-json\/wp\/v2\/categories?post=7729"},{"taxonomy":"post_tag","embeddable":true,"href":"https:\/\/childcancer.org\/es\/wp-json\/wp\/v2\/tags?post=7729"}],"curies":[{"name":"palabra clave","href":"https:\/\/api.w.org\/{rel}","templated":true}]}}