{"id":7603,"date":"2019-10-16T20:23:01","date_gmt":"2019-10-17T03:23:01","guid":{"rendered":"https:\/\/childcancer.org\/?page_id=7603"},"modified":"2025-10-09T12:05:06","modified_gmt":"2025-10-09T19:05:06","slug":"adopt-a-family","status":"publish","type":"page","link":"https:\/\/childcancer.org\/es\/adopt-a-family\/","title":{"rendered":"Adopta una familia"},"content":{"rendered":"<div data-elementor-type=\"wp-page\" data-elementor-id=\"7603\" class=\"elementor elementor-7603\" data-elementor-post-type=\"page\">\n\t\t\t\t\t\t<section class=\"elementor-section elementor-top-section elementor-element elementor-element-3b813ac3 elementor-section-boxed elementor-section-height-default elementor-section-height-default\" data-id=\"3b813ac3\" data-element_type=\"section\" data-e-type=\"section\" data-settings=\"{&quot;jet_parallax_layout_list&quot;:[]}\">\n\t\t\t\t\t\t<div class=\"elementor-container elementor-column-gap-default\">\n\t\t\t\t\t<div class=\"elementor-column elementor-col-100 elementor-top-column elementor-element elementor-element-6cf76bf8\" data-id=\"6cf76bf8\" data-element_type=\"column\" data-e-type=\"column\">\n\t\t\t<div class=\"elementor-widget-wrap elementor-element-populated\">\n\t\t\t\t\t\t<div class=\"elementor-element elementor-element-5d27f835 elementor-widget elementor-widget-text-editor\" data-id=\"5d27f835\" data-element_type=\"widget\" data-e-type=\"widget\" data-widget_type=\"text-editor.default\">\n\t\t\t\t<div class=\"elementor-widget-container\">\n\t\t\t\t\t\t\t\t\t<p><span data-contrast=\"auto\">Child Cancer Alliance de Keaton est\u00e1 organizando nuestro programa anual de vacaciones Adopt-A-Family con la esperanza de apoyar al menos a 50 familias en nuestra regi\u00f3n. Cada temporada de vacaciones, nuestra comunidad se une para brindar ALEGR\u00cdA y ESPERANZA a las familias con c\u00e1ncer infantil.<\/span><span data-ccp-props=\"{&quot;134233117&quot;:false,&quot;134233118&quot;:false,&quot;335559738&quot;:240,&quot;335559739&quot;:240}\">\u00a0<\/span><\/p><p><span data-contrast=\"auto\">Durante todo el a\u00f1o, la poblaci\u00f3n vulnerable a la que servimos ha experimentado mayores dificultades financieras debido al desempleo, gastos m\u00e9dicos imprevistos, inseguridad alimentaria y gastos de viaje a los centros de tratamiento.<\/span><span data-ccp-props=\"{&quot;134233117&quot;:false,&quot;134233118&quot;:false,&quot;335559738&quot;:240,&quot;335559739&quot;:240}\">\u00a0<\/span><\/p><p><span data-contrast=\"auto\">Actualmente estamos buscando empresas, organizaciones, familias e individuos interesados que deseen patrocinar a una familia. Su apoyo significa mucho para las familias necesitadas en esta temporada navide\u00f1a.<\/span><span data-ccp-props=\"{&quot;134233117&quot;:false,&quot;134233118&quot;:false,&quot;335559738&quot;:240,&quot;335559739&quot;:240}\">\u00a0<\/span><\/p><p>Para obtener m\u00e1s informaci\u00f3n, p\u00f3ngase en contacto <a href=\"mailto:programs@childcancer.org\" target=\"_blank\" rel=\"noopener noreferrer\">Keaton&#8217;s Programs<\/a>, <span class=\"NormalTextRun SCXW201327914 BCX9\">o llamar <a href=\"tel:1-916-784-6786\"><span aria-label=\"Call Phone Number (916) 784-6786\">916.784.6786<\/span><\/a><\/span>, no mas tarde que <strong>Friday, October 31st<\/strong>.<b><u><\/u><\/b><\/p>\t\t\t\t\t\t\t\t<\/div>\n\t\t\t\t<\/div>\n\t\t\t\t<div class=\"elementor-element elementor-element-8cabda7 elementor-widget__width-initial dce_masking-none elementor-widget elementor-widget-image\" data-id=\"8cabda7\" data-element_type=\"widget\" data-e-type=\"widget\" data-widget_type=\"image.default\">\n\t\t\t\t<div class=\"elementor-widget-container\">\n\t\t\t\t\t\t\t\t\t\t\t\t\t\t\t<img fetchpriority=\"high\" decoding=\"async\" width=\"800\" height=\"356\" src=\"https:\/\/childcancer.org\/wp-content\/uploads\/2023\/07\/Adopt-a-family-web-image-2023.png\" class=\"attachment-large size-large wp-image-13909\" alt=\"\" srcset=\"https:\/\/childcancer.org\/wp-content\/uploads\/2023\/07\/Adopt-a-family-web-image-2023.png 900w, https:\/\/childcancer.org\/wp-content\/uploads\/2023\/07\/Adopt-a-family-web-image-2023-300x133.png 300w, https:\/\/childcancer.org\/wp-content\/uploads\/2023\/07\/Adopt-a-family-web-image-2023-768x341.png 768w, https:\/\/childcancer.org\/wp-content\/uploads\/2023\/07\/Adopt-a-family-web-image-2023-18x8.png 18w\" sizes=\"(max-width: 800px) 100vw, 800px\" \/>\t\t\t\t\t\t\t\t\t\t\t\t\t\t\t<\/div>\n\t\t\t\t<\/div>\n\t\t\t\t<div class=\"elementor-element elementor-element-9d41c2a elementor-widget elementor-widget-spacer\" data-id=\"9d41c2a\" data-element_type=\"widget\" data-e-type=\"widget\" data-widget_type=\"spacer.default\">\n\t\t\t\t<div class=\"elementor-widget-container\">\n\t\t\t\t\t\t\t<div class=\"elementor-spacer\">\n\t\t\t<div class=\"elementor-spacer-inner\"><\/div>\n\t\t<\/div>\n\t\t\t\t\t\t<\/div>\n\t\t\t\t<\/div>\n\t\t\t\t<div class=\"elementor-element elementor-element-109e3dc elementor-widget elementor-widget-text-editor\" data-id=\"109e3dc\" data-element_type=\"widget\" data-e-type=\"widget\" data-widget_type=\"text-editor.default\">\n\t\t\t\t<div class=\"elementor-widget-container\">\n\t\t\t\t\t\t\t\t\t<h3>Directrices del programa:<\/h3><p class=\"zw-paragraph heading0\" data-header=\"0\" data-textformat=\"{&quot;fgc&quot;:&quot;rgb(0, 0, 0)&quot;,&quot;size&quot;:&quot;12.00&quot;,&quot;type&quot;:&quot;text&quot;}\" data-margin-bottom=\"12pt\" data-margin-top=\"12pt\" data-hd-info=\"0\" data-line-height=\"1.2\" data-doc-id=\"2203116000000858005\" data-doc-type=\"writer\"><span class=\"TextRun SCXW163513726 BCX8\" lang=\"EN-US\" xml:lang=\"EN-US\" data-contrast=\"auto\"><span class=\"NormalTextRun SCXW163513726 BCX8\">Families are <\/span><span class=\"NormalTextRun SCXW163513726 BCX8\">identified<\/span><span class=\"NormalTextRun SCXW163513726 BCX8\"> by their medical social worker as being \u201cin need\u201d of the program\u2019s support. <\/span><span class=\"NormalTextRun SCXW163513726 BCX8\">A Keaton\u2019s Family Navigator will be connecting with you to confirm the family size you are able to support and\/or any other special requests.<\/span> <span class=\"NormalTextRun SCXW163513726 BCX8\">Each family will complete a Wish List for the primary patient as well as the siblings.<\/span><span class=\"NormalTextRun SCXW163513726 BCX8\"> In addition, the parents\/guardians will provide their preference for grocery and gas cards. Sponsors will receive the family wish list beginning the week of <\/span><\/span><span class=\"TextRun MacChromeBold SCXW163513726 BCX8\" lang=\"EN-US\" xml:lang=\"EN-US\" data-contrast=\"auto\"><span class=\"NormalTextRun SCXW163513726 BCX8\"><strong>Monday, November 3rd<\/strong>.<\/span><\/span><span class=\"EOP SCXW163513726 BCX8\" data-ccp-props=\"{&quot;134233117&quot;:false,&quot;134233118&quot;:false,&quot;335559738&quot;:240,&quot;335559739&quot;:240}\">\u00a0<\/span><\/p><p><strong>Our 2025 Giving Request focuses on assistance that will meet each family\u2019s basic needs while maintaining the holiday spirit.<\/strong><\/p>\t\t\t\t\t\t\t\t<\/div>\n\t\t\t\t<\/div>\n\t\t\t\t\t<\/div>\n\t\t<\/div>\n\t\t\t\t\t<\/div>\n\t\t<\/section>\n\t\t\t\t<section class=\"elementor-section elementor-top-section elementor-element elementor-element-e1aa9c5 elementor-section-boxed elementor-section-height-default elementor-section-height-default\" data-id=\"e1aa9c5\" data-element_type=\"section\" data-e-type=\"section\" data-settings=\"{&quot;jet_parallax_layout_list&quot;:[]}\">\n\t\t\t\t\t\t<div class=\"elementor-container elementor-column-gap-default\">\n\t\t\t\t\t<div class=\"elementor-column elementor-col-100 elementor-top-column elementor-element elementor-element-6049fda\" data-id=\"6049fda\" data-element_type=\"column\" data-e-type=\"column\">\n\t\t\t<div class=\"elementor-widget-wrap elementor-element-populated\">\n\t\t\t\t\t\t<div data-dce-background-color=\"#1751A4\" class=\"elementor-element elementor-element-41b40f5 elementor-align-center elementor-widget elementor-widget-button\" data-id=\"41b40f5\" data-element_type=\"widget\" data-e-type=\"widget\" data-widget_type=\"button.default\">\n\t\t\t\t<div class=\"elementor-widget-container\">\n\t\t\t\t\t\t\t\t\t<div class=\"elementor-button-wrapper\">\n\t\t\t\t\t<a class=\"elementor-button elementor-button-link elementor-size-sm\" href=\"https:\/\/zfrmz.com\/OvzH7cfY0MZg3uk0bGT3\" target=\"_blank\">\n\t\t\t\t\t\t<span class=\"elementor-button-content-wrapper\">\n\t\t\t\t\t\t\t\t\t<span class=\"elementor-button-text\">Click Here to Adopt-A-Family<\/span>\n\t\t\t\t\t<\/span>\n\t\t\t\t\t<\/a>\n\t\t\t\t<\/div>\n\t\t\t\t\t\t\t\t<\/div>\n\t\t\t\t<\/div>\n\t\t\t\t\t<\/div>\n\t\t<\/div>\n\t\t\t\t\t<\/div>\n\t\t<\/section>\n\t\t\t\t<\/div>","protected":false},"excerpt":{"rendered":"<p>Child Cancer Alliance de Keaton est\u00e1 organizando nuestro programa anual de vacaciones Adopt-A-Family con la esperanza de apoyar al menos a 50 familias en nuestra regi\u00f3n. Cada temporada de vacaciones, nuestra comunidad se une para brindar ALEGR\u00cdA y ESPERANZA a las familias con c\u00e1ncer infantil.<\/p>","protected":false},"author":5,"featured_media":13963,"parent":0,"menu_order":0,"comment_status":"closed","ping_status":"closed","template":"","meta":{"_acf_changed":false,"give_campaign_id":0,"footnotes":""},"categories":[25],"tags":[],"class_list":["post-7603","page","type-page","status-publish","has-post-thumbnail","hentry","category-feature"],"acf":[],"campaignId":"","_links":{"self":[{"href":"https:\/\/childcancer.org\/es\/wp-json\/wp\/v2\/pages\/7603","targetHints":{"allow":["GET"]}}],"collection":[{"href":"https:\/\/childcancer.org\/es\/wp-json\/wp\/v2\/pages"}],"about":[{"href":"https:\/\/childcancer.org\/es\/wp-json\/wp\/v2\/types\/page"}],"author":[{"embeddable":true,"href":"https:\/\/childcancer.org\/es\/wp-json\/wp\/v2\/users\/5"}],"replies":[{"embeddable":true,"href":"https:\/\/childcancer.org\/es\/wp-json\/wp\/v2\/comments?post=7603"}],"version-history":[{"count":24,"href":"https:\/\/childcancer.org\/es\/wp-json\/wp\/v2\/pages\/7603\/revisions"}],"predecessor-version":[{"id":16953,"href":"https:\/\/childcancer.org\/es\/wp-json\/wp\/v2\/pages\/7603\/revisions\/16953"}],"wp:featuredmedia":[{"embeddable":true,"href":"https:\/\/childcancer.org\/es\/wp-json\/wp\/v2\/media\/13963"}],"wp:attachment":[{"href":"https:\/\/childcancer.org\/es\/wp-json\/wp\/v2\/media?parent=7603"}],"wp:term":[{"taxonomy":"category","embeddable":true,"href":"https:\/\/childcancer.org\/es\/wp-json\/wp\/v2\/categories?post=7603"},{"taxonomy":"post_tag","embeddable":true,"href":"https:\/\/childcancer.org\/es\/wp-json\/wp\/v2\/tags?post=7603"}],"curies":[{"name":"palabra clave","href":"https:\/\/api.w.org\/{rel}","templated":true}]}}