{"id":7339,"date":"2019-07-29T17:41:48","date_gmt":"2019-07-29T17:41:48","guid":{"rendered":"https:\/\/childcancer.org\/?page_id=7339"},"modified":"2019-07-31T20:37:23","modified_gmt":"2019-07-31T20:37:23","slug":"acute-myeloid-leukemia","status":"publish","type":"page","link":"https:\/\/childcancer.org\/es\/acute-myeloid-leukemia\/","title":{"rendered":"Leucemia mieloide aguda"},"content":{"rendered":"<div class=\"wpb-content-wrapper\"><div class=\"vc_row wpb_row vc_row-fluid\"><div class=\"wpb_column vc_column_container vc_col-sm-12\"><div class=\"vc_column-inner\"><div class=\"wpb_wrapper\">\n\t<div class=\"wpb_text_column wpb_content_element\" >\n\t\t<div class=\"wpb_wrapper\">\n\t\t\t<p class=\"p1\"><span class=\"s1\"><strong>leucemias<\/strong>\u00a0son c\u00e1nceres que comienzan en c\u00e9lulas que normalmente se desarrollar\u00edan en diferentes tipos de c\u00e9lulas sangu\u00edneas. La mayor\u00eda de las veces, la leucemia comienza en formas tempranas de gl\u00f3bulos blancos, pero algunas leucemias comienzan en otros tipos de c\u00e9lulas sangu\u00edneas. Hay varios tipos de leucemia, que se dividen principalmente en funci\u00f3n de si la leucemia es aguda (crecimiento r\u00e1pido) o cr\u00f3nica (crecimiento m\u00e1s lento), y si comienza en las c\u00e9lulas mieloides o en las c\u00e9lulas linfoides.<\/span><\/p>\n<p class=\"p1\"><span class=\"s1\"><strong>Leucemia mieloide aguda (LMA)<\/strong>\u00a0comienza en la m\u00e9dula \u00f3sea (la parte interna blanda de ciertos huesos, donde se producen nuevas c\u00e9lulas sangu\u00edneas), pero en la mayor\u00eda de los casos tambi\u00e9n pasa r\u00e1pidamente a la sangre. A veces se puede propagar a otras partes del cuerpo, incluidos los ganglios linf\u00e1ticos, el h\u00edgado, el bazo, el sistema nervioso central (cerebro y m\u00e9dula espinal) y los test\u00edculos.<\/span><\/p>\n<p class=\"p1\"><span class=\"s1\">M\u00e1s amenudo,\u00a0<strong>LMA<\/strong>\u00a0se desarrolla a partir de c\u00e9lulas que se convertir\u00edan en gl\u00f3bulos blancos (que no sean linfocitos), pero a veces la AML se desarrolla en otros tipos de c\u00e9lulas formadoras de sangre. Los diferentes tipos de AML se analizan en Subtipos y factores pron\u00f3sticos de la leucemia mieloide aguda (AML).<\/span><\/p>\n<p class=\"p1\"><span class=\"s1\"><strong>Leucemia mieloide aguda (LMA)<\/strong>\u00a0tiene muchos otros nombres, como leucemia mieloc\u00edtica aguda, leucemia miel\u00f3gena aguda, leucemia granuloc\u00edtica aguda y leucemia no linfoc\u00edtica aguda.<\/span><\/p>\n<p class=\"p1\"><span class=\"s1\">**Esta informaci\u00f3n es de la Sociedad Americana del C\u00e1ncer.<\/span><\/p>\n\n\t\t<\/div>\n\t<\/div>\n<\/div><\/div><\/div><\/div>\n<\/div>","protected":false},"excerpt":{"rendered":"Leukemias\u00a0are cancers that start in cells that would normally develop into different types of blood cells. Most often, leukemia starts in early forms of white blood cells, but some leukemias [...]","protected":false},"author":5,"featured_media":0,"parent":0,"menu_order":0,"comment_status":"closed","ping_status":"closed","template":"","meta":{"_acf_changed":false,"give_campaign_id":0,"footnotes":""},"categories":[],"tags":[],"class_list":["post-7339","page","type-page","status-publish","hentry"],"acf":[],"campaignId":"","_links":{"self":[{"href":"https:\/\/childcancer.org\/es\/wp-json\/wp\/v2\/pages\/7339","targetHints":{"allow":["GET"]}}],"collection":[{"href":"https:\/\/childcancer.org\/es\/wp-json\/wp\/v2\/pages"}],"about":[{"href":"https:\/\/childcancer.org\/es\/wp-json\/wp\/v2\/types\/page"}],"author":[{"embeddable":true,"href":"https:\/\/childcancer.org\/es\/wp-json\/wp\/v2\/users\/5"}],"replies":[{"embeddable":true,"href":"https:\/\/childcancer.org\/es\/wp-json\/wp\/v2\/comments?post=7339"}],"version-history":[{"count":0,"href":"https:\/\/childcancer.org\/es\/wp-json\/wp\/v2\/pages\/7339\/revisions"}],"wp:attachment":[{"href":"https:\/\/childcancer.org\/es\/wp-json\/wp\/v2\/media?parent=7339"}],"wp:term":[{"taxonomy":"category","embeddable":true,"href":"https:\/\/childcancer.org\/es\/wp-json\/wp\/v2\/categories?post=7339"},{"taxonomy":"post_tag","embeddable":true,"href":"https:\/\/childcancer.org\/es\/wp-json\/wp\/v2\/tags?post=7339"}],"curies":[{"name":"palabra clave","href":"https:\/\/api.w.org\/{rel}","templated":true}]}}