{"id":72,"date":"2016-11-30T23:03:01","date_gmt":"2016-11-30T23:03:01","guid":{"rendered":"http:\/\/krm.dmsdevsite.com\/?page_id=72"},"modified":"2019-05-29T19:56:26","modified_gmt":"2019-05-29T19:56:26","slug":"testimonials","status":"publish","type":"page","link":"https:\/\/childcancer.org\/es\/about-us\/testimonials\/","title":{"rendered":"Testimonios"},"content":{"rendered":"<h2 class=\"p1\"><span class=\"s1\">Las historias de nuestros hijos, padres, hermanos, otros miembros de la familia y amigos realmente representan nuestra misi\u00f3n y nos inspiran a seguir avanzando todos los d\u00edas hasta que podamos celebrar la noticia de que se ha encontrado una cura.<\/span><\/h2>\n<h3>Travis<\/h3>\n<p>\u00a1Nos envi\u00f3 un cheque $500 por el cual no podemos agradecerle lo suficiente! Nuestro hijo Travis contrajo neumon\u00eda y luego su ANC cay\u00f3 muy por debajo de 500 durante 3 semanas. Debido a esto, mi esposo o yo ten\u00edamos que quedarnos en casa con \u00e9l y, por lo tanto, faltar al trabajo. No \u00edbamos a poder hacer el pago de nuestra hipoteca y el $500 que enviaste nos ayud\u00f3 a poder hacer el pago. \u2013 Familia Hutchinson<\/p>\n<h3>Andr\u00e9s<\/h3>\n<p>Gracias por su apoyo, amabilidad y generosidad. Mi familia y yo siempre apreciaremos lo que has hecho por el beb\u00e9 Andrew. Recuerdo la primera vez que escuch\u00e9 de su fundaci\u00f3n. Andrew recibi\u00f3 una caja grande llena de regalos (juguetes educativos, mantas, gorros). Ese regalo fue un mensaje a nuestros corazones. Tambi\u00e9n recibimos un cheque de $500 que nos ayud\u00f3 mucho para cubrir algunos gastos, especialmente gasolina y comida mientras est\u00e1bamos en el hospital. A medida que nos acercamos a esta nueva etapa del tratamiento, la terapia de protones en San Diego, \u00a1nos bendice con $250 en tarjetas de gasolina! \u00a1Agradecemos que haya estado con nosotros en cada paso del camino! Creemos que Andrew est\u00e1 en camino de recuperarse (los escaneos tambi\u00e9n lo confirman) y estaremos eternamente agradecidos por todo su apoyo. Much\u00edsimas gracias: la mam\u00e1 de Andrew, la familia Anderson<\/p>\n<h3>Quentin<\/h3>\n<p>Gracias por su reciente apoyo a nuestro hijo Quentin y su batalla contra el c\u00e1ncer pedi\u00e1trico. Se ha sometido a un tratamiento de quimioterapia semanal desde noviembre de 2013 y est\u00e1 excepcionalmente bien. Hemos tenido la suerte de estar rodeados de personas incre\u00edbles en quienes apoyarnos durante su batalla. \u00a1Gracias por ser parte de este equipo! \u2013 Familia R\u00edos<\/p>\n<h3>Mason 3 a\u00f1os<\/h3>\n<p>Diagn\u00f3stico-Leucemia<\/p>\n<p>Hospital: Kaiser Roseville<\/p>\n<p>\u201cMuchas gracias por su generosidad con mi hijo y nuestra familia. Nuestro hijo de tres a\u00f1os estuvo hospitalizado durante seis meses y tuvimos que mudarnos y vivir en el tr\u00e1iler en el estacionamiento del hospital. Fue un viaje incre\u00edblemente dif\u00edcil. Pero nos conmovi\u00f3 mucho cuando recibimos los regalos de su fundaci\u00f3n. Es muy reconfortante saber que hab\u00eda otras personas y padres que sab\u00edan exactamente lo que est\u00e1bamos sintiendo y con lo que est\u00e1bamos lidiando. La asistencia financiera fue una gran bendici\u00f3n y gracias por todo lo que hacen, ayudando a navegar en tiempos tan dif\u00edciles\u201d. Atentamente, Mark y Michelle<\/p>\n<h3>Liliana 3 a\u00f1os<\/h3>\n<p>Diagn\u00f3stico- Rabdomiosarcoma alvealar<\/p>\n<p>\u201cEl paquete de cuidados de Lillian lleg\u00f3 en el momento justo de su tratamiento en febrero, despu\u00e9s de una estad\u00eda de una semana en el hospital con 7 transfusiones de plaquetas, 4 transfusiones de sangre y 1 transfusi\u00f3n de FFP. Cuando finalmente regresamos a casa, su paquete estaba en la puerta junto con un cheque de $500 para nosotros. Fue como si un \u00c1ngel supiera que hab\u00edamos recorrido un largo camino esa semana y al final nos bendijo con tu generosidad. Somos realmente mejores personas por conocerlos a todos y conocer el hermoso legado de Keaton\u201d. Atentamente, Ben, Natalie, Lillian y Kyle<\/p>\n<h3>Beb\u00e9 Makayla diagnosticada con solo 8 meses de edad<\/h3>\n<p>Beb\u00e9 Makayla Concientizaci\u00f3n sobre el c\u00e1ncer infantil 28 de marzo \u2013 Facebook Makayla Recib\u00ed un paquete conmovedor en el correo hoy de la Fundaci\u00f3n Keaton Raphael. Incluye una manta personalizada, juguetes, ropa, sombreros e incluso juguetes para su hermano Braden. Tambi\u00e9n incluye un cheque para ayudar a pagar sus facturas m\u00e9dicas. Nos sentimos muy agradecidos. No puedo esperar a que terminen sus tratamientos para que podamos ser voluntarios en organizaciones como esta. Tambi\u00e9n quiero mencionar que desde que fue diagnosticada recibimos muchos regalos y tarjetas de muchos en Facebook. Realmente apreciamos todos y cada uno de los obsequios y mensajes considerados. Estoy guardando todo en una caja para Makayla. Entonces, cuando crezca, sabr\u00e1 que es muy querida por muchos en todo el pa\u00eds.<\/p>\n<h3>Las palabras de la Madre Shannon\u2026.<\/h3>\n<p>Hace un tiempo, mi hija era una paciente de UC Davis que padec\u00eda una forma muy rara de luecemia. Nos enviaste un paquete de ayuda. Con el torbellino que fue el tratamiento y el trasplante de m\u00e9dula \u00f3sea, a veces me olvidaba de agradecer a quienes nos ayudaron. Esta ma\u00f1ana estoy recordando decir gracias. Fue hace un par de a\u00f1os, pero s\u00e9 que esta organizaci\u00f3n se preocupa por todos los ni\u00f1os a los que ayuda. Sobrevivi\u00f3 a su tratamiento y trasplante y ahora est\u00e1 muy bien. Entonces, para terminar, gracias por desempe\u00f1ar un papel en cuidarnos y ayudarnos a mantener la fe. Quiero que sepan cu\u00e1nto ayudan a familias como la m\u00eda. Cu\u00eddate Shannon<\/p>\n<h3>Escrito en marzo de 2012 Carta de la madre de Emily:<\/h3>\n<p>Estimado personal de Robyn y KRM<\/p>\n<p>Mis hijos y yo somos extra\u00f1os para ti. Sin embargo, te acercaste con tanta amabilidad y generosidad. Nos haces saber que te preocupas por lo que estamos pasando. Hace solo siete semanas se les present\u00f3 una nueva vida... \u00a1C\u00e1ncer! Lo llamamos nuestra fea y horrible pesadilla. Mi hija de doce a\u00f1os, Emily, fue diagnosticada con sarcoma pediactivo. Es un c\u00e1ncer de h\u00edgado raro. \u201cEso\u201d (como llamamos a este tumor) es del tama\u00f1o de una toronja y no hubo se\u00f1ales de \u00e9l hasta el 7 de febrero de 2012 cuando sali\u00f3 del ba\u00f1o y dijo que ten\u00eda un bulto en el vientre y \u00bfqu\u00e9 es? A la ma\u00f1ana siguiente fuimos directamente al m\u00e9dico y no hemos parado desde entonces. Hemos pasado m\u00e1s noches y d\u00edas en Kaiser Roseville que en casa. Mientras escribo esto, ella est\u00e1 recibiendo otro tratamiento de quimioterapia. Seguro que la quimioterapia nos ha pasado factura a ella ya m\u00ed. En tan poco tiempo le han pasado tantas cosas. Quiero que sepas cu\u00e1nto le gusta la manta que le enviaste. Cuando estamos en casa est\u00e1 sobre la cama y ella opt\u00f3 por llev\u00e1rselo al hospital. \u00a1No solo por la calidez, sino que tambi\u00e9n ilumina la habitaci\u00f3n! Disfrut\u00f3 recibir la caja de golosinas, dentro hab\u00eda un sombrero, manualidades, libros, etc. \u00a1Mi hijo Austin estaba complacido de que tambi\u00e9n se pensara en \u00e9l! Tiene diecisiete a\u00f1os y est\u00e1 en casa con mi mam\u00e1 de 83 a\u00f1os. Ha sido de mucha ayuda para ella cuando no est\u00e1 en la escuela. \u00bfComo para m\u00ed? \u00a1Otra vez digo que somos extra\u00f1os para usted y nos envi\u00f3 un cheque para usar como deseemos! Todav\u00eda no lo he cobrado. No he tenido tiempo de llegar al banco. Voy a ahorrar el dinero hasta que decida qu\u00e9 es lo mejor para usarlo. Con suerte, podemos usarlo en algo divertido y tener un recuerdo para compartir, en lugar de una factura que surge inesperadamente. Soy una madre soltera y no recibo ning\u00fan apoyo financiero de su padre. As\u00ed que su cheque es muy apreciado para nosotros. Tenemos todo un camino por recorrer en este nuevo mundo llamado C\u00e1ncer. Lo has hecho un poco m\u00e1s f\u00e1cil con tu consideraci\u00f3n. La operar\u00e1n el 10 de abril de 2012. La semana pasada nos dijeron que es diez semanas antes de lo esperado. Estamos muy emocionados pero por supuesto asustados. Cuando el tiempo lo permita esta semana me pondr\u00e9 en su sitio web.<br \/>\nMuchas gracias de nuevo por pensar en m\u00ed y en mis hijos. Karen, Emily y Austin<\/p>\n<h3>Karla, 12 a\u00f1os<\/h3>\n<p>&quot;\u00c1ngel&quot;<\/p>\n<p>A todos ustedes en Keaton Raphael Staff,<br \/>\nQueremos agradecerte por estar siempre aqu\u00ed para nosotros. Todos ustedes son tan amables de habernos ayudado en nuestro momento de necesidad y la caja que el abuelo de Keaton hizo para Karla es hermosa; guardamos todas las tarjetas de Karla adentro con fotos. Queremos agradecerles nuevamente por su amabilidad durante un momento como este, nos damos cuenta de lo mucho que nuestra familia y amigos realmente significan para nosotros. Sus muestras de simpat\u00eda y generosidad siempre ser\u00e1n recordadas. Amor Siempre, Familia de Karla<\/p>\n<p>\u201cEs muy bueno saber que no solo tienes a alguien que se preocupa por tu hijo que est\u00e1 enfermo, sino que tambi\u00e9n se preocupa genuinamente por toda la familia. Prescilla ha sido una bendici\u00f3n en nuestras vidas y nos ha ayudado much\u00edsimo con cualquier cosa que podamos necesitar y ha sido un gran apoyo emocional para mi esposa, especialmente porque puede comunicarse con nosotros en nuestro propio idioma. KRM es una organizaci\u00f3n maravillosa y una vez que mi hijo termine con su tratamiento, planeamos involucrarnos activamente. Nuevamente, \u00a1muchas gracias por todo su apoyo, KRM!\u201d -Rigoberto -Padre<\/p>\n<h3>Roselia Noviembre 2012, Madre de: Lily<\/h3>\n<p>Diagn\u00f3stico: S\u00edndrome de Down y Leucemia Hospital: UCD \u201cKeaton Raphael Memorial ha sido una gran bendici\u00f3n en nuestras vidas; han estado ah\u00ed para ayudarnos en lo que podamos necesitar. Este a\u00f1o, debido a nuestras limitaciones financieras, no \u00edbamos a celebrar el D\u00eda de Acci\u00f3n de Gracias, pero tan pronto como les dije a mis hijos que este a\u00f1o iba a ser un poco diferente, recibimos una llamada de KRM con la maravillosa noticia de que ten\u00edan un pavo para nosotros. Siempre est\u00e1n pensando en mis hijos y en m\u00ed y estamos extremadamente agradecidos de tenerlos en nuestras vidas y tambi\u00e9n en los donantes y simpatizantes de KRM\u201d.<\/p>","protected":false},"excerpt":{"rendered":"<p>The stories from our kids, parents, siblings, other family members and friends truly represent our mission and inspire us to continue moving forward every day until we can celebrate the [&hellip;]<\/p>\n","protected":false},"author":5,"featured_media":0,"parent":23,"menu_order":2,"comment_status":"closed","ping_status":"closed","template":"","meta":{"_acf_changed":false,"give_campaign_id":0,"footnotes":""},"categories":[],"tags":[],"class_list":["post-72","page","type-page","status-publish","hentry"],"acf":[],"campaignId":"","_links":{"self":[{"href":"https:\/\/childcancer.org\/es\/wp-json\/wp\/v2\/pages\/72","targetHints":{"allow":["GET"]}}],"collection":[{"href":"https:\/\/childcancer.org\/es\/wp-json\/wp\/v2\/pages"}],"about":[{"href":"https:\/\/childcancer.org\/es\/wp-json\/wp\/v2\/types\/page"}],"author":[{"embeddable":true,"href":"https:\/\/childcancer.org\/es\/wp-json\/wp\/v2\/users\/5"}],"replies":[{"embeddable":true,"href":"https:\/\/childcancer.org\/es\/wp-json\/wp\/v2\/comments?post=72"}],"version-history":[{"count":0,"href":"https:\/\/childcancer.org\/es\/wp-json\/wp\/v2\/pages\/72\/revisions"}],"up":[{"embeddable":true,"href":"https:\/\/childcancer.org\/es\/wp-json\/wp\/v2\/pages\/23"}],"wp:attachment":[{"href":"https:\/\/childcancer.org\/es\/wp-json\/wp\/v2\/media?parent=72"}],"wp:term":[{"taxonomy":"category","embeddable":true,"href":"https:\/\/childcancer.org\/es\/wp-json\/wp\/v2\/categories?post=72"},{"taxonomy":"post_tag","embeddable":true,"href":"https:\/\/childcancer.org\/es\/wp-json\/wp\/v2\/tags?post=72"}],"curies":[{"name":"palabra clave","href":"https:\/\/api.w.org\/{rel}","templated":true}]}}