{"id":7091,"date":"2019-06-05T18:37:02","date_gmt":"2019-06-05T18:37:02","guid":{"rendered":"https:\/\/childcancer.org\/?page_id=7091"},"modified":"2019-06-19T20:40:37","modified_gmt":"2019-06-19T20:40:37","slug":"services-2","status":"publish","type":"page","link":"https:\/\/childcancer.org\/es\/services-2\/","title":{"rendered":"How We Help &#8211; Draft"},"content":{"rendered":"<div class=\"wpb-content-wrapper\"><div class=\"vc_row wpb_row vc_row-fluid\"><div class=\"wpb_column vc_column_container vc_col-sm-12\"><div class=\"vc_column-inner\"><div class=\"wpb_wrapper\">\n\t<div class=\"wpb_text_column wpb_content_element\" >\n\t\t<div class=\"wpb_wrapper\">\n\t\t\t<h2><span class=\"s1\">Childhood Cancer Targets the entire Family &amp; so does Keaton\u2019s Child Cancer Alliance.\u00a0 <\/span><\/h2>\n<p>As a family&#8217;s life is turned up-side-down by a childhood cancer diagnosis, Keaton&#8217;s Child Cancer Alliance&#8217;s goal is to assist in taking care of the family and relieve daily stresses to provide them the time to focus on their child&#8217;s recovery.<\/p>\n\n\t\t<\/div>\n\t<\/div>\n<\/div><\/div><\/div><\/div><div class=\"vc_row wpb_row vc_row-fluid\"><div class=\"wpb_column vc_column_container vc_col-sm-12\"><div class=\"vc_column-inner\"><div class=\"wpb_wrapper\">\n\t<div class=\"wpb_text_column wpb_content_element\" >\n\t\t<div class=\"wpb_wrapper\">\n\t\t\t<h2><strong>Uniendo Familias, Construyendo Esperanza, Brindando Apoyo<\/strong><\/h2>\n<header><\/header>\n<div class=\"entry-content\">\n<p>Our Family Navigator Program provides customized supportive services to local families as they navigate the complexities of their childhood cancer journey.<\/p>\n<p><em>Nuestro objetivo es cuidar a la familia para que su atenci\u00f3n se centre en su hijo y entienda que cada familia junto con cada diagn\u00f3stico de c\u00e1ncer infantil es \u00fanica.\u00a0<\/em><\/p>\n<\/div>\n\n\t\t<\/div>\n\t<\/div>\n<div class=\"vc_row wpb_row vc_inner vc_row-fluid\"><div class=\"wpb_column vc_column_container vc_col-sm-12\"><div class=\"vc_column-inner\"><div class=\"wpb_wrapper\">\n\t<div class=\"wpb_text_column wpb_content_element\" >\n\t\t<div class=\"wpb_wrapper\">\n\t\t\t<h4>Family-Centered Support may include:<\/h4>\n<p>\u00b7 Financial Support<\/p>\n<p>\u00b7 Hope Chest \u2013 family care package<\/p>\n<p>\u00b7 Case Management<\/p>\n<p>\u00b7 Informal Emotional Support<\/p>\n<p>\u00b7 Family Events<\/p>\n<p>\u00b7 Travel Assistance<\/p>\n<p>\u00b7 Auto Maintenance &amp; Repair Support<\/p>\n<p>\u00b7 Financial Literacy Education<\/p>\n<p>\u00b7 Parent-to-Parent Support<\/p>\n<p>\u00b7 Teen Support<\/p>\n<p>\u00b7 Sibling Support<\/p>\n<p>\u00b7 Bereavement Support<\/p>\n<p>\u00b7 Holiday Adopt-A-Family Program<\/p>\n<p>\u00b7 Links to Community Resources<\/p>\n\n\t\t<\/div>\n\t<\/div>\n<\/div><\/div><\/div><\/div><\/div><\/div><\/div><\/div><div class=\"vc_row wpb_row vc_row-fluid\"><div class=\"wpb_column vc_column_container vc_col-sm-12\"><div class=\"vc_column-inner\"><div class=\"wpb_wrapper\">\n\t<div class=\"wpb_text_column wpb_content_element\" >\n\t\t<div class=\"wpb_wrapper\">\n\t\t\t<p>Family Navigators provide on-going support and resources based on each family\u2019s unique needs. By helping families eliminate stressors and potential barriers, their attention can be focused on their child.<\/p>\n\n\t\t<\/div>\n\t<\/div>\n<\/div><\/div><\/div><\/div>\n<\/div>","protected":false},"excerpt":{"rendered":"Childhood Cancer Targets the entire Family &amp; so does Keaton\u2019s Child Cancer Alliance.\u00a0 As a family's life is turned up-side-down by a childhood cancer diagnosis, Keaton's Child Cancer Alliance's goal [...]","protected":false},"author":5,"featured_media":0,"parent":0,"menu_order":0,"comment_status":"closed","ping_status":"closed","template":"","meta":{"_acf_changed":false,"give_campaign_id":0,"footnotes":""},"categories":[],"tags":[],"class_list":["post-7091","page","type-page","status-publish","hentry"],"acf":[],"campaignId":"","_links":{"self":[{"href":"https:\/\/childcancer.org\/es\/wp-json\/wp\/v2\/pages\/7091","targetHints":{"allow":["GET"]}}],"collection":[{"href":"https:\/\/childcancer.org\/es\/wp-json\/wp\/v2\/pages"}],"about":[{"href":"https:\/\/childcancer.org\/es\/wp-json\/wp\/v2\/types\/page"}],"author":[{"embeddable":true,"href":"https:\/\/childcancer.org\/es\/wp-json\/wp\/v2\/users\/5"}],"replies":[{"embeddable":true,"href":"https:\/\/childcancer.org\/es\/wp-json\/wp\/v2\/comments?post=7091"}],"version-history":[{"count":0,"href":"https:\/\/childcancer.org\/es\/wp-json\/wp\/v2\/pages\/7091\/revisions"}],"wp:attachment":[{"href":"https:\/\/childcancer.org\/es\/wp-json\/wp\/v2\/media?parent=7091"}],"wp:term":[{"taxonomy":"category","embeddable":true,"href":"https:\/\/childcancer.org\/es\/wp-json\/wp\/v2\/categories?post=7091"},{"taxonomy":"post_tag","embeddable":true,"href":"https:\/\/childcancer.org\/es\/wp-json\/wp\/v2\/tags?post=7091"}],"curies":[{"name":"palabra clave","href":"https:\/\/api.w.org\/{rel}","templated":true}]}}