{"id":70,"date":"2016-11-30T22:55:05","date_gmt":"2016-11-30T22:55:05","guid":{"rendered":"http:\/\/krm.dmsdevsite.com\/?page_id=70"},"modified":"2019-01-28T22:06:33","modified_gmt":"2019-01-28T22:06:33","slug":"family-navigator","status":"publish","type":"page","link":"https:\/\/childcancer.org\/es\/family-navigator\/","title":{"rendered":"Navegador familiar"},"content":{"rendered":"<h1><b>Uniendo Familias, Construyendo Esperanza, Brindando Apoyo<\/b><\/h1>\n<h3>Nuestros programas Family Navigator brindan a las familias la informaci\u00f3n, los recursos y la educaci\u00f3n necesarios para navegar las complejidades de su viaje contra el c\u00e1ncer infantil.<\/h3>\n<p><em>Nuestro objetivo es cuidar a la familia para que su atenci\u00f3n se centre en su hijo y entienda que cada familia junto con cada diagn\u00f3stico de c\u00e1ncer infantil es \u00fanica. Nuestro Family Navigator est\u00e1 aqu\u00ed para brindar el apoyo y los recursos que cada familia necesita a trav\u00e9s de los siguientes programas<\/em><\/p>\n<h3>Cofre de esperanza<\/h3>\n<p>Los trabajadores sociales de cinco hospitales del \u00e1rea derivan a familias que se encuentran en graves dificultades financieras. Nuestro Family Navigator personaliza una caja de esperanza que incluye; una manta para acurrucarse personalizada, una variedad de materiales terap\u00e9uticos y educativos, y obsequios para los hermanos para que recuerden que son una parte importante del viaje de su familia.<\/p>\n<h3>Apoyo<\/h3>\n<p>Cada Hope Chest incluye un cheque para ayudar a la familia a cubrir los gastos diarios adicionales relacionados con el diagn\u00f3stico y tratamiento del c\u00e1ncer infantil, como viajes, alojamiento y comidas fuera de casa.<\/p>\n<h3>Servicios y apoyo en especie<\/h3>\n<p>Un diagn\u00f3stico de c\u00e1ncer infantil tiene consecuencias que se extienden m\u00e1s all\u00e1 del tratamiento y cuidado del ni\u00f1o, al tejido de la vida cotidiana. Nuestro Family Navigator trabaja con una variedad de empresas y organizaciones locales para ayudar a las familias a ampliar sus recursos. Ejemplos de asociaciones recientes con empresas del \u00e1rea incluyen aquellas que se especializan en reparaci\u00f3n de autom\u00f3viles, sistemas de aire acondicionado y calefacci\u00f3n, reparaci\u00f3n de electrodom\u00e9sticos, muebles para el hogar y administraci\u00f3n de propiedades.<\/p>\n<h3>Conexi\u00f3n de padre a padre<\/h3>\n<p>A menudo, los padres con c\u00e1ncer infantil quieren hablar con otros padres que han experimentado el camino del c\u00e1ncer infantil. Nuestro Family Navigator juega un papel vital en conectar a los padres y proporcionar foros recreativos y terap\u00e9uticos para fomentar la interacci\u00f3n.<\/p>\n<h3>Recursos de duelo<\/h3>\n<p>Estamos comprometidos con un duelo saludable y entendemos la devastaci\u00f3n que la p\u00e9rdida de un ni\u00f1o precioso puede tener en toda la familia, proporcionamos libros y recursos de duelo apropiados para todos los miembros de la familia. La informaci\u00f3n se coloca en un &quot;Estuche de recuerdos&quot; de madera hecho a mano en el que los miembros de la familia pueden guardar sus preciados recuerdos. Nuestro Family Navigator proporciona recursos adicionales y apoyo a la familia asegur\u00e1ndoles que no est\u00e1n solos en su proceso de duelo.<\/p>\n<p><em>Ayudar a las familias a navegar el viaje aterrador y confuso del diagn\u00f3stico del c\u00e1ncer, el tratamiento y la supervivencia o la p\u00e9rdida es un honor y un privilegio incre\u00edbles, pero no podemos hacerlo solos. Si est\u00e1 interesado en obtener m\u00e1s informaci\u00f3n, ser voluntario para nuestra causa o hacer una donaci\u00f3n, comun\u00edquese con Child Cancer Alliance de Keaton al 916.784.6786<\/em><\/p>","protected":false},"excerpt":{"rendered":"<p>Linking Families, Building Hope, Providing Support Our Family Navigator programs provide families with the information, resources and education necessary to navigate the complexities of their childhood cancer journey. Our goal [&hellip;]<\/p>\n","protected":false},"author":5,"featured_media":0,"parent":0,"menu_order":1,"comment_status":"closed","ping_status":"closed","template":"","meta":{"_acf_changed":false,"give_campaign_id":0,"footnotes":""},"categories":[],"tags":[],"class_list":["post-70","page","type-page","status-publish","hentry"],"acf":[],"campaignId":"","_links":{"self":[{"href":"https:\/\/childcancer.org\/es\/wp-json\/wp\/v2\/pages\/70","targetHints":{"allow":["GET"]}}],"collection":[{"href":"https:\/\/childcancer.org\/es\/wp-json\/wp\/v2\/pages"}],"about":[{"href":"https:\/\/childcancer.org\/es\/wp-json\/wp\/v2\/types\/page"}],"author":[{"embeddable":true,"href":"https:\/\/childcancer.org\/es\/wp-json\/wp\/v2\/users\/5"}],"replies":[{"embeddable":true,"href":"https:\/\/childcancer.org\/es\/wp-json\/wp\/v2\/comments?post=70"}],"version-history":[{"count":0,"href":"https:\/\/childcancer.org\/es\/wp-json\/wp\/v2\/pages\/70\/revisions"}],"wp:attachment":[{"href":"https:\/\/childcancer.org\/es\/wp-json\/wp\/v2\/media?parent=70"}],"wp:term":[{"taxonomy":"category","embeddable":true,"href":"https:\/\/childcancer.org\/es\/wp-json\/wp\/v2\/categories?post=70"},{"taxonomy":"post_tag","embeddable":true,"href":"https:\/\/childcancer.org\/es\/wp-json\/wp\/v2\/tags?post=70"}],"curies":[{"name":"palabra clave","href":"https:\/\/api.w.org\/{rel}","templated":true}]}}