{"id":6929,"date":"2019-05-15T18:31:28","date_gmt":"2019-05-15T18:31:28","guid":{"rendered":"https:\/\/childcancer.org\/?page_id=6929"},"modified":"2019-05-29T18:50:31","modified_gmt":"2019-05-29T18:50:31","slug":"about-us-2","status":"publish","type":"page","link":"https:\/\/childcancer.org\/es\/about-us-2\/","title":{"rendered":"About Us Draft"},"content":{"rendered":"<div class=\"wpb-content-wrapper\"><div class=\"vc_row wpb_row vc_row-fluid\"><div class=\"wpb_column vc_column_container vc_col-sm-12\"><div class=\"vc_column-inner\"><div class=\"wpb_wrapper\">\n\t<div class=\"wpb_text_column wpb_content_element\" >\n\t\t<div class=\"wpb_wrapper\">\n\t\t\t<h3>At <strong>Alianza contra el c\u00e1ncer infantil de Keaton<\/strong>, our highest purpose is to provide an invaluable resource for thousands of Northern California children with cancer and their families.<\/h3>\n<h2>Nuestra misi\u00f3n<\/h2>\n<p style=\"text-align: left;\">\u201cNuestra misi\u00f3n es apoyar a los ni\u00f1os con c\u00e1ncer y a sus familias con apoyo emocional, educativo y financiero, al mismo tiempo que aumentamos la conciencia y financiamos la investigaci\u00f3n para encontrar una cura\u201d.<\/p>\n\n\t\t<\/div>\n\t<\/div>\n\n\t<div class=\"wpb_text_column wpb_content_element\" >\n\t\t<div class=\"wpb_wrapper\">\n\t\t\t<h2>Why We Exist<\/h2>\n<h3><strong>El c\u00e1ncer infantil es un diagn\u00f3stico familiar <a href=\"http:\/\/www.kamere.com\/congratualtions-10-inspiring-nonprofits-capital-region\/\"><img decoding=\"async\" class=\"wp-image-2521 alignright\" src=\"https:\/\/childcancer.org\/assets\/Inspiring-Nonprofit-Winner-Badge-Comstocks-272x300.jpg\" alt=\"Inspiring Nonprofit Winner Badge Comstock's\" width=\"190\" height=\"209\" \/><\/a><\/strong><\/h3>\n<p><strong>There are three key facts about childhood cancer:<\/strong><\/p>\n<div class=\"entry-content\">\n<ol>\n<li>Childhood cancer does not discriminate.<\/li>\n<li>A childhood cancer diagnosis targets the entire family.<\/li>\n<li>No family can prepare for a childhood cancer diagnosis.How We Help<\/li>\n<\/ol>\n<\/div>\n<p class=\"p1\"><span class=\"s1\">\u00c9l <strong>Alianza contra el c\u00e1ncer infantil de Keaton<\/strong> provides a network of compassionate support to children with cancer and their families. Our staff, interns, volunteers, and supporters serve as a vital resource for hope to those going through a fight no child or family should have to endure alone.<\/span><\/p>\n<h2 class=\"p1\"><span class=\"s1\"><b>Programa de navegador familiar<\/b> <\/span><\/h2>\n<header><\/header>\n<p class=\"p1\"><span class=\"s1\">Each family we serve is assigned a navigator who provides support along with the information, resources, and education necessary to navigate the complexities of the family\u2019s childhood cancer journey.\u00a0 The personal support and resources help families deal with the anxiety induced by a cancer diagnosis. <\/span><\/p>\n<h2>A qui\u00e9n servimos<\/h2>\n<p><b>Keaton&#8217;s Child Cancer Alliance serves children and their families referred from the following partner hospitals:<\/b>\u00a0UC Davis Comprehensive Cancer Center, Sutter Memorial, Kaiser Permanente Roseville,\u00a0<b>UCSF<\/b>\u00a0Benioff Children\u2019s\u00a0Hospital Oakland, Kaiser Permanente Oakland.\u00a0\u00a0<span class=\"s1\">As community support enables us to grow, we look forward to serving every Northern California child and family facing the fight against cancer.<\/span><\/p>\n<p><em>Childhood cancer numbers have improved over the years however, it is still affecting far too many children and families and the support of communities and organizations like <strong>Alianza contra el c\u00e1ncer infantil de Keaton<\/strong> is what will eventually put an end to this silent killer and give our children the life they deserve to live.<\/em><\/p>\n<h4>Tax ID Number: #68-0406980<\/h4>\n\n\t\t<\/div>\n\t<\/div>\n<\/div><\/div><\/div><\/div>\n<\/div>","protected":false},"excerpt":{"rendered":"At Keaton\u2019s Child Cancer Alliance, our highest purpose is to provide an invaluable resource for thousands of Northern California children with cancer and their families. Our Mission \u201cOur mission is [...]","protected":false},"author":5,"featured_media":0,"parent":0,"menu_order":0,"comment_status":"closed","ping_status":"closed","template":"","meta":{"_acf_changed":false,"give_campaign_id":0,"footnotes":""},"categories":[],"tags":[],"class_list":["post-6929","page","type-page","status-publish","hentry"],"acf":[],"campaignId":"","_links":{"self":[{"href":"https:\/\/childcancer.org\/es\/wp-json\/wp\/v2\/pages\/6929","targetHints":{"allow":["GET"]}}],"collection":[{"href":"https:\/\/childcancer.org\/es\/wp-json\/wp\/v2\/pages"}],"about":[{"href":"https:\/\/childcancer.org\/es\/wp-json\/wp\/v2\/types\/page"}],"author":[{"embeddable":true,"href":"https:\/\/childcancer.org\/es\/wp-json\/wp\/v2\/users\/5"}],"replies":[{"embeddable":true,"href":"https:\/\/childcancer.org\/es\/wp-json\/wp\/v2\/comments?post=6929"}],"version-history":[{"count":0,"href":"https:\/\/childcancer.org\/es\/wp-json\/wp\/v2\/pages\/6929\/revisions"}],"wp:attachment":[{"href":"https:\/\/childcancer.org\/es\/wp-json\/wp\/v2\/media?parent=6929"}],"wp:term":[{"taxonomy":"category","embeddable":true,"href":"https:\/\/childcancer.org\/es\/wp-json\/wp\/v2\/categories?post=6929"},{"taxonomy":"post_tag","embeddable":true,"href":"https:\/\/childcancer.org\/es\/wp-json\/wp\/v2\/tags?post=6929"}],"curies":[{"name":"palabra clave","href":"https:\/\/api.w.org\/{rel}","templated":true}]}}