{"id":6296,"date":"2018-09-21T18:07:03","date_gmt":"2018-09-21T18:07:03","guid":{"rendered":"https:\/\/childcancer.org\/?page_id=6296"},"modified":"2018-09-21T18:11:45","modified_gmt":"2018-09-21T18:11:45","slug":"hodgkin-lymphoma","status":"publish","type":"page","link":"https:\/\/childcancer.org\/es\/hodgkin-lymphoma\/","title":{"rendered":"Linfoma de Hodgkin"},"content":{"rendered":"<h1>Linfoma de Hodgkin<\/h1>\n<p>El linfoma de Hodgkin (enfermedad de Hodgkin) es un c\u00e1ncer que comienza en los gl\u00f3bulos blancos llamados linfocitos. Los linfocitos son parte del sistema inmunol\u00f3gico del cuerpo.<\/p>\n<p>Aunque el linfoma de Hodgkin puede comenzar casi en cualquier lugar, lo m\u00e1s frecuente es que comience en los ganglios linf\u00e1ticos de la parte superior del cuerpo. Los sitios m\u00e1s comunes son el pecho, el cuello o debajo de los brazos.<\/p>\n<p>El linfoma de Hodgkin se disemina con mayor frecuencia a trav\u00e9s de los vasos linf\u00e1ticos de un ganglio linf\u00e1tico a otro. En raras ocasiones, al final de la enfermedad, puede invadir el torrente sangu\u00edneo y diseminarse a otras partes del cuerpo, como el h\u00edgado, los pulmones y\/o la m\u00e9dula \u00f3sea.<\/p>\n<p>El linfoma de Hodgkin cl\u00e1sico (cHL) representa m\u00e1s de 9 de cada 10 casos de linfoma de Hodgkin en los pa\u00edses desarrollados.<\/p>\n<p>Las c\u00e9lulas cancerosas en cHL se llaman c\u00e9lulas de Reed-Sternberg. Estas c\u00e9lulas suelen ser un tipo anormal de linfocito B. Los ganglios linf\u00e1ticos agrandados en personas con cHL generalmente tienen una peque\u00f1a cantidad de c\u00e9lulas de Reed-Sternberg con muchas c\u00e9lulas inmunitarias normales a su alrededor. Estas otras c\u00e9lulas inmunitarias causan la mayor parte de la inflamaci\u00f3n de los ganglios linf\u00e1ticos.<\/p>\n<p>Classic HL tiene 4 subtipos:<\/p>\n<ul>\n<li><strong>esclerosis nodular <\/strong><strong>linfoma de Hodgkin <\/strong>o<strong> NSCHL:<\/strong> Este es el tipo m\u00e1s com\u00fan de enfermedad de Hodgkin en los pa\u00edses desarrollados. Representa alrededor de 7 de cada 10 casos. Es m\u00e1s com\u00fan en adolescentes y adultos j\u00f3venes, pero puede ocurrir en personas de cualquier edad. Suele comenzar en los ganglios linf\u00e1ticos del cuello o el t\u00f3rax.<\/li>\n<li><strong>Linfoma de Hodgkin de celularidad mixta<\/strong> o<strong> MCCHL:<\/strong> Este es el segundo tipo m\u00e1s com\u00fan, que se encuentra en aproximadamente 4 de cada 10 casos. Se ve principalmente en personas con infecci\u00f3n por VIH. Tambi\u00e9n se encuentra en ni\u00f1os o ancianos. Puede comenzar en cualquier ganglio linf\u00e1tico, pero ocurre con mayor frecuencia en la mitad superior del cuerpo.<\/li>\n<li><strong>Linfoma de Hodgkin rico en linfocitos:<\/strong> Este subtipo no es com\u00fan. Por lo general, ocurre en la mitad superior del cuerpo y rara vez se encuentra en m\u00e1s de unos pocos ganglios linf\u00e1ticos.<\/li>\n<li><strong>Linfoma de Hodgkin empobrecido en linfocitos:<\/strong> Esta es una forma rara de la enfermedad de Hodgkin. Se ve principalmente en personas mayores y en personas con infecci\u00f3n por VIH. Es m\u00e1s agresivo que otros tipos de HL y es probable que est\u00e9 avanzado cuando se encuentra por primera vez. Es m\u00e1s frecuente en los ganglios linf\u00e1ticos del abdomen (vientre), as\u00ed como en el bazo, el h\u00edgado y la m\u00e9dula \u00f3sea.<\/li>\n<\/ul>\n<p>**Contenido de la Sociedad Americana Contra El C\u00e1ncer.**<\/p>","protected":false},"excerpt":{"rendered":"<p>Hodgkin Lymphoma Hodgkin lymphoma (Hodgkin disease) is a cancer that starts in white blood cells called lymphocytes. Lymphocytes are part of the body\u2019s immune system. Although Hodgkin lymphoma can start [&hellip;]<\/p>\n","protected":false},"author":5,"featured_media":0,"parent":0,"menu_order":0,"comment_status":"closed","ping_status":"closed","template":"","meta":{"_acf_changed":false,"give_campaign_id":0,"footnotes":""},"categories":[],"tags":[],"class_list":["post-6296","page","type-page","status-publish","hentry"],"acf":[],"campaignId":"","_links":{"self":[{"href":"https:\/\/childcancer.org\/es\/wp-json\/wp\/v2\/pages\/6296","targetHints":{"allow":["GET"]}}],"collection":[{"href":"https:\/\/childcancer.org\/es\/wp-json\/wp\/v2\/pages"}],"about":[{"href":"https:\/\/childcancer.org\/es\/wp-json\/wp\/v2\/types\/page"}],"author":[{"embeddable":true,"href":"https:\/\/childcancer.org\/es\/wp-json\/wp\/v2\/users\/5"}],"replies":[{"embeddable":true,"href":"https:\/\/childcancer.org\/es\/wp-json\/wp\/v2\/comments?post=6296"}],"version-history":[{"count":0,"href":"https:\/\/childcancer.org\/es\/wp-json\/wp\/v2\/pages\/6296\/revisions"}],"wp:attachment":[{"href":"https:\/\/childcancer.org\/es\/wp-json\/wp\/v2\/media?parent=6296"}],"wp:term":[{"taxonomy":"category","embeddable":true,"href":"https:\/\/childcancer.org\/es\/wp-json\/wp\/v2\/categories?post=6296"},{"taxonomy":"post_tag","embeddable":true,"href":"https:\/\/childcancer.org\/es\/wp-json\/wp\/v2\/tags?post=6296"}],"curies":[{"name":"palabra clave","href":"https:\/\/api.w.org\/{rel}","templated":true}]}}