{"id":59,"date":"2016-11-30T22:49:20","date_gmt":"2016-11-30T22:49:20","guid":{"rendered":"http:\/\/krm.dmsdevsite.com\/?page_id=59"},"modified":"2019-01-28T22:06:29","modified_gmt":"2019-01-28T22:06:29","slug":"childhood-cancer-facts-overview","status":"publish","type":"page","link":"https:\/\/childcancer.org\/es\/about-us\/childhood-cancer-facts-overview\/","title":{"rendered":"Informaci\u00f3n general sobre el c\u00e1ncer infantil"},"content":{"rendered":"<h2>Incidencia<\/h2>\n<p>Actualmente, uno de cada 330 ni\u00f1os en los Estados Unidos desarrolla c\u00e1ncer antes de los diecinueve a\u00f1os. La incidencia de c\u00e1ncer entre los ni\u00f1os est\u00e1 aumentando. \u00a1Cada d\u00eda escolar, se diagnostica c\u00e1ncer infantil a suficientes ni\u00f1os como para vaciar dos aulas! (De acuerdo a <a href=\"https:\/\/www.cancer.org\/research.html\" target=\"_blank\" rel=\"noopener\">www.cancer.org<\/a>)<\/p>\n<h2>Tasa de supervivencia<\/h2>\n<p>Seg\u00fan el tipo de c\u00e1ncer y el desarrollo al momento del diagn\u00f3stico, la ACS estima que aproximadamente 2,300 ni\u00f1os morir\u00e1n de c\u00e1ncer en el a\u00f1o 2000. La cantidad de ni\u00f1os diagnosticados con c\u00e1ncer en los EE. UU. cada a\u00f1o pone en riesgo m\u00e1s a\u00f1os potenciales de vida que cualquier \u00fanico tipo de c\u00e1ncer en adultos. (De acuerdo a <a href=\"https:\/\/www.cancer.org\/research.html\" target=\"_blank\" rel=\"noopener\">www.caner.org<\/a>)<\/p>\n<h2>Causas<\/h2>\n<p>En gran parte desconocido. Actualmente, no existen pautas establecidas para la prevenci\u00f3n del c\u00e1ncer infantil. (De acuerdo a <a href=\"https:\/\/www.cancer.org\/research.html\" target=\"_blank\" rel=\"noopener\">www.cancer.org<\/a>)<\/p>\n<h2>Descripci\u00f3n<\/h2>\n<p>Los c\u00e1nceres infantiles son principalmente los de los gl\u00f3bulos blancos (leucemia), cerebro, hueso, sistema linf\u00e1tico y tumores de los m\u00fasculos, ri\u00f1ones y sistema nervioso. Cada uno de estos se comporta de manera diferente. Los c\u00e1nceres en ni\u00f1os muy peque\u00f1os son muy agresivos y se comportan de manera diferente a las enfermedades malignas que se observan en otros momentos de la vida. La edad promedio para el c\u00e1ncer infantil es de seis a\u00f1os. Los ni\u00f1os con frecuencia tienen una etapa m\u00e1s avanzada de c\u00e1ncer cuando se les diagnostica por primera vez. 80% de ni\u00f1os muestran que el c\u00e1ncer se ha diseminado a sitios distantes del cuerpo cuando se diagnostica la enfermedad por primera vez. (De acuerdo a <a href=\"https:\/\/www.cancer.org\/research.html\" target=\"_blank\" rel=\"noopener\">www.cancer.org<\/a>)<\/p>\n<h2>Opciones de tratamiento actuales<\/h2>\n<p>Un ni\u00f1o con c\u00e1ncer debe ser diagnosticado con precisi\u00f3n y tratado por cient\u00edficos cl\u00ednicos y de laboratorio que tengan experiencia en el manejo de ni\u00f1os con c\u00e1ncer. Se han logrado avances en el tratamiento de algunos c\u00e1nceres infantiles; sin embargo, muchos tipos de c\u00e1ncer ofrecen tratamientos muy agresivos con tasas de supervivencia m\u00e1s bajas. Muchos tratamientos incluyen: varias rondas de quimioterapia, extirpaci\u00f3n del tumor, radioterapia, trasplante de m\u00e9dula \u00f3sea y varios procedimientos cl\u00ednicos. (De acuerdo a <a href=\"https:\/\/www.cancer.org\/research.html\" target=\"_blank\" rel=\"noopener\">www.cancer.org<\/a>)<\/p>\n<h2>Datos\/estad\u00edsticas del c\u00e1ncer<\/h2>\n<ul>\n<li>A pesar del gran progreso en la investigaci\u00f3n de algunos tipos de c\u00e1ncer infantil, el c\u00e1ncer todav\u00eda mata a m\u00e1s ni\u00f1os de 1 a 20 a\u00f1os que cualquier otra enfermedad, \u00a1m\u00e1s que el SIDA, el asma, la diabetes y la fibrosis qu\u00edstica combinados!<\/li>\n<li>\u00a1El c\u00e1ncer infantil es el asesino relacionado con la enfermedad #1 de ni\u00f1os menores de 15 a\u00f1os!<\/li>\n<li>En todo el mundo, cada 3 minutos se diagnostica c\u00e1ncer a un ni\u00f1o.<\/li>\n<li>La incidencia del c\u00e1ncer infantil ha aumentado cada a\u00f1o desde hace m\u00e1s de 25 a\u00f1os.<\/li>\n<li>Actualmente, m\u00e1s de 175000 ni\u00f1os y adolescentes est\u00e1n siendo tratados cada a\u00f1o por c\u00e1nceres infantiles. (<a href=\"http:\/\/www.stbaldricks.org\/why-we-exist\" target=\"_blank\" rel=\"noopener\">http:\/\/www.stbaldricks.org\/why-we-exist<\/a>)<\/li>\n<li>El n\u00famero de a\u00f1os de vida en riesgo es mayor para el c\u00e1ncer infantil que para cualquier otro tipo, excepto el c\u00e1ncer de mama.<\/li>\n<li>Los ni\u00f1os blancos e hispanos tienen m\u00e1s probabilidades que los ni\u00f1os de cualquier otro grupo racial o \u00e9tnico de desarrollar c\u00e1ncer. (<a href=\"https:\/\/www.cancer.gov\/research\" target=\"_blank\" rel=\"noopener\">https:\/\/www.cancer.gov\/research<\/a>)<\/li>\n<li>Los tumores cerebrales siguen siendo la principal causa de muerte relacionada con el c\u00e1ncer en los ni\u00f1os. (<a href=\"https:\/\/www.cancer.gov\/research\" target=\"_blank\" rel=\"noopener\">https:\/\/www.cancer.gov\/research<\/a>)<\/li>\n<li>Se desconocen las causas de la mayor\u00eda de los c\u00e1nceres infantiles y, en su mayor parte, no se pueden prevenir. En casos raros, ni\u00f1os que tienen un mayor riesgo de desarrollar cierto tipo de c\u00e1ncer debido a alteraciones gen\u00e9ticas heredadas. (<a href=\"https:\/\/www.cancer.gov\/research\" target=\"_blank\" rel=\"noopener\">https:\/\/www.cancer.gov\/research<\/a>)<\/li>\n<\/ul>","protected":false},"excerpt":{"rendered":"<p>Incidence Currently, one in every 330 children in the United States develops cancer before the age\u00a0of nineteen. The incidence of cancer among children is increasing. Each school day, enough children [&hellip;]<\/p>\n","protected":false},"author":5,"featured_media":0,"parent":23,"menu_order":2,"comment_status":"closed","ping_status":"closed","template":"","meta":{"_acf_changed":false,"give_campaign_id":0,"footnotes":""},"categories":[],"tags":[],"class_list":["post-59","page","type-page","status-publish","hentry"],"acf":[],"campaignId":"","_links":{"self":[{"href":"https:\/\/childcancer.org\/es\/wp-json\/wp\/v2\/pages\/59","targetHints":{"allow":["GET"]}}],"collection":[{"href":"https:\/\/childcancer.org\/es\/wp-json\/wp\/v2\/pages"}],"about":[{"href":"https:\/\/childcancer.org\/es\/wp-json\/wp\/v2\/types\/page"}],"author":[{"embeddable":true,"href":"https:\/\/childcancer.org\/es\/wp-json\/wp\/v2\/users\/5"}],"replies":[{"embeddable":true,"href":"https:\/\/childcancer.org\/es\/wp-json\/wp\/v2\/comments?post=59"}],"version-history":[{"count":0,"href":"https:\/\/childcancer.org\/es\/wp-json\/wp\/v2\/pages\/59\/revisions"}],"up":[{"embeddable":true,"href":"https:\/\/childcancer.org\/es\/wp-json\/wp\/v2\/pages\/23"}],"wp:attachment":[{"href":"https:\/\/childcancer.org\/es\/wp-json\/wp\/v2\/media?parent=59"}],"wp:term":[{"taxonomy":"category","embeddable":true,"href":"https:\/\/childcancer.org\/es\/wp-json\/wp\/v2\/categories?post=59"},{"taxonomy":"post_tag","embeddable":true,"href":"https:\/\/childcancer.org\/es\/wp-json\/wp\/v2\/tags?post=59"}],"curies":[{"name":"palabra clave","href":"https:\/\/api.w.org\/{rel}","templated":true}]}}