{"id":5026,"date":"2017-10-11T23:31:07","date_gmt":"2017-10-11T23:31:07","guid":{"rendered":"https:\/\/childcancer.org\/?page_id=5026"},"modified":"2025-11-14T09:48:53","modified_gmt":"2025-11-14T17:48:53","slug":"become-annual-partner","status":"publish","type":"page","link":"https:\/\/childcancer.org\/es\/get-involved\/become-annual-partner\/","title":{"rendered":"Convi\u00e9rtase en un socio anual"},"content":{"rendered":"<div data-elementor-type=\"wp-page\" data-elementor-id=\"5026\" class=\"elementor elementor-5026\" data-elementor-post-type=\"page\">\n\t\t\t\t\t\t<section class=\"elementor-section elementor-top-section elementor-element elementor-element-edc276b elementor-section-boxed elementor-section-height-default elementor-section-height-default\" data-id=\"edc276b\" data-element_type=\"section\" data-e-type=\"section\" data-settings=\"{&quot;jet_parallax_layout_list&quot;:[]}\">\n\t\t\t\t\t\t<div class=\"elementor-container elementor-column-gap-default\">\n\t\t\t\t\t<div class=\"elementor-column elementor-col-100 elementor-top-column elementor-element elementor-element-d0a17fb\" data-id=\"d0a17fb\" data-element_type=\"column\" data-e-type=\"column\">\n\t\t\t<div class=\"elementor-widget-wrap elementor-element-populated\">\n\t\t\t\t\t\t<div class=\"elementor-element elementor-element-0c5932f elementor-widget elementor-widget-heading\" data-id=\"0c5932f\" data-element_type=\"widget\" data-e-type=\"widget\" data-widget_type=\"heading.default\">\n\t\t\t\t<div class=\"elementor-widget-container\">\n\t\t\t\t\t<h2 class=\"elementor-heading-title elementor-size-default\">Oportunidades de asociaci\u00f3n<\/h2>\t\t\t\t<\/div>\n\t\t\t\t<\/div>\n\t\t\t\t<section class=\"elementor-section elementor-inner-section elementor-element elementor-element-86dcfba elementor-section-boxed elementor-section-height-default elementor-section-height-default\" data-id=\"86dcfba\" data-element_type=\"section\" data-e-type=\"section\" data-settings=\"{&quot;jet_parallax_layout_list&quot;:[]}\">\n\t\t\t\t\t\t<div class=\"elementor-container elementor-column-gap-default\">\n\t\t\t\t\t<div class=\"elementor-column elementor-col-100 elementor-inner-column elementor-element elementor-element-b60d357\" data-id=\"b60d357\" data-element_type=\"column\" data-e-type=\"column\">\n\t\t\t<div class=\"elementor-widget-wrap elementor-element-populated\">\n\t\t\t\t\t\t<div class=\"elementor-element elementor-element-eeb9ae4 elementor-widget elementor-widget-text-editor\" data-id=\"eeb9ae4\" data-element_type=\"widget\" data-e-type=\"widget\" data-widget_type=\"text-editor.default\">\n\t\t\t\t<div class=\"elementor-widget-container\">\n\t\t\t\t\t\t\t\t\t<p>Las donaciones corporativas y personales nos ayudan a lograr nuestra misi\u00f3n de amar y apoyar a los ni\u00f1os con c\u00e1ncer y sus familias. Cada d\u00f3lar donado a las estancias de Keaton en el norte de California.<\/p><p>Keaton&#039;s atender\u00e1 a m\u00e1s de 500 familias en todo el norte de California este a\u00f1o a trav\u00e9s de nuestros servicios personalizados. Las familias recibir\u00e1n apoyo emocional, financiero y educativo mientras navegan por el desafiante viaje del c\u00e1ncer infantil.<\/p><p>Su compromiso con una asociaci\u00f3n Alliance con Keaton&#039;s nos permite hacer crecer nuestros servicios.<\/p>\t\t\t\t\t\t\t\t<\/div>\n\t\t\t\t<\/div>\n\t\t\t\t\t<\/div>\n\t\t<\/div>\n\t\t\t\t\t<\/div>\n\t\t<\/section>\n\t\t\t\t<section class=\"elementor-section elementor-inner-section elementor-element elementor-element-c69d58a elementor-section-boxed elementor-section-height-default elementor-section-height-default\" data-id=\"c69d58a\" data-element_type=\"section\" data-e-type=\"section\" data-settings=\"{&quot;jet_parallax_layout_list&quot;:[]}\">\n\t\t\t\t\t\t<div class=\"elementor-container elementor-column-gap-default\">\n\t\t\t\t\t<div class=\"elementor-column elementor-col-50 elementor-inner-column elementor-element elementor-element-1f1f46c\" data-id=\"1f1f46c\" data-element_type=\"column\" data-e-type=\"column\">\n\t\t\t<div class=\"elementor-widget-wrap elementor-element-populated\">\n\t\t\t\t\t\t<div class=\"elementor-element elementor-element-c65b948 dce_masking-none elementor-widget elementor-widget-image\" data-id=\"c65b948\" data-element_type=\"widget\" data-e-type=\"widget\" data-widget_type=\"image.default\">\n\t\t\t\t<div class=\"elementor-widget-container\">\n\t\t\t\t\t\t\t\t\t\t\t\t\t\t\t<img fetchpriority=\"high\" decoding=\"async\" width=\"800\" height=\"534\" src=\"https:\/\/childcancer.org\/wp-content\/uploads\/2022\/09\/Anabelle-Outside-1024x683.jpeg\" class=\"attachment-large size-large wp-image-12746\" alt=\"\" srcset=\"https:\/\/childcancer.org\/wp-content\/uploads\/2022\/09\/Anabelle-Outside-1024x683.jpeg 1024w, https:\/\/childcancer.org\/wp-content\/uploads\/2022\/09\/Anabelle-Outside-300x200.jpeg 300w, https:\/\/childcancer.org\/wp-content\/uploads\/2022\/09\/Anabelle-Outside-768x512.jpeg 768w, https:\/\/childcancer.org\/wp-content\/uploads\/2022\/09\/Anabelle-Outside-1536x1024.jpeg 1536w, https:\/\/childcancer.org\/wp-content\/uploads\/2022\/09\/Anabelle-Outside-2048x1365.jpeg 2048w\" sizes=\"(max-width: 800px) 100vw, 800px\" \/>\t\t\t\t\t\t\t\t\t\t\t\t\t\t\t<\/div>\n\t\t\t\t<\/div>\n\t\t\t\t\t<\/div>\n\t\t<\/div>\n\t\t\t\t<div class=\"elementor-column elementor-col-50 elementor-inner-column elementor-element elementor-element-aefba7d\" data-id=\"aefba7d\" data-element_type=\"column\" data-e-type=\"column\">\n\t\t\t<div class=\"elementor-widget-wrap elementor-element-populated\">\n\t\t\t\t\t\t<div class=\"elementor-element elementor-element-d02653b elementor-widget elementor-widget-text-editor\" data-id=\"d02653b\" data-element_type=\"widget\" data-e-type=\"widget\" data-widget_type=\"text-editor.default\">\n\t\t\t\t<div class=\"elementor-widget-container\">\n\t\t\t\t\t\t\t\t\t<h4>Estas son formas en las que puede marcar una diferencia significativa en la vida de los ni\u00f1os con c\u00e1ncer:<\/h4><p><strong>$10,000 Asociaci\u00f3n de la Alianza &quot;Esperanza&quot;<\/strong> ayuda a financiar nuestros programas de servicios de apoyo personalizados<\/p><p><strong>$5,000 Asociaci\u00f3n de alianza &quot;Fuerza&quot;<\/strong> ayuda a reducir la tensi\u00f3n financiera causada por un diagn\u00f3stico de c\u00e1ncer<\/p><p><strong>$2,500 \u201cHealing\u201d Alliance Partnership<\/strong> ayuda a crear recuerdos de la infancia llenos de alegr\u00eda para los pacientes con c\u00e1ncer infantil y sus familias<\/p><p><strong>$1,250 \u201cApoyo\u201d Alianza Asociaci\u00f3n<\/strong> ayuda a las familias a navegar los recursos de c\u00e1ncer infantil y los servicios directos<\/p>\t\t\t\t\t\t\t\t<\/div>\n\t\t\t\t<\/div>\n\t\t\t\t\t<\/div>\n\t\t<\/div>\n\t\t\t\t\t<\/div>\n\t\t<\/section>\n\t\t\t\t<div class=\"elementor-element elementor-element-41b8594 elementor-widget elementor-widget-spacer\" data-id=\"41b8594\" data-element_type=\"widget\" data-e-type=\"widget\" data-widget_type=\"spacer.default\">\n\t\t\t\t<div class=\"elementor-widget-container\">\n\t\t\t\t\t\t\t<div class=\"elementor-spacer\">\n\t\t\t<div class=\"elementor-spacer-inner\"><\/div>\n\t\t<\/div>\n\t\t\t\t\t\t<\/div>\n\t\t\t\t<\/div>\n\t\t\t\t<div class=\"elementor-element elementor-element-c63af82 elementor-widget elementor-widget-text-editor\" data-id=\"c63af82\" data-element_type=\"widget\" data-e-type=\"widget\" data-widget_type=\"text-editor.default\">\n\t\t\t\t<div class=\"elementor-widget-container\">\n\t\t\t\t\t\t\t\t\t<h4>Como socio de la alianza de Keaton, recibir\u00e1:<\/h4><ul><li>Reconocimiento en los eventos exclusivos anuales de Keaton: &quot;Glow for Gold Gala&quot; de Keaton y el torneo de golf &quot;Chipping Away at Childhood Cancer&quot; de Keaton<\/li><li>Inclusi\u00f3n del logotipo en el sitio web, bolet\u00edn informativo y materiales promocionales de Keaton<\/li><li>Reconocimiento en redes sociales y m\u00e1s.<\/li><\/ul><p>\u00a0<\/p><p>Estas plataformas le brindan la oportunidad de interactuar y divertirse con otras personas que comparten nuestra causa.<\/p><p>Como socio de la alianza, lo invitamos a unirse a la familia Keaton mientras apoyamos a los ni\u00f1os con c\u00e1ncer y sus familias para recordarles que no est\u00e1n solos en esta batalla ~ <strong>#JuntosLuchamos #JuntosCuramos #JuntosSuperamos<\/strong><\/p><p>Hay muchas otras opciones personalizables para marcar la diferencia, incluida una contribuci\u00f3n \u00fanica o un regalo mensual asequible.<\/p><p>P\u00f3ngase en contacto con Jessica Alonso, directora ejecutiva de Keaton<strong> <a href=\"emailto:jessicaalonso@childcancer.org\" target=\"_blank\" rel=\"noopener\">AQU\u00cd<\/a><\/strong> o llamar <a href=\"tel: 1-916-757-6134\" target=\"_blank\" rel=\"noopener\">916.757.6134<\/a>.<\/p>\t\t\t\t\t\t\t\t<\/div>\n\t\t\t\t<\/div>\n\t\t\t\t\t<\/div>\n\t\t<\/div>\n\t\t\t\t\t<\/div>\n\t\t<\/section>\n\t\t\t\t<\/div>","protected":false},"excerpt":{"rendered":"<p>Las donaciones corporativas y personales nos ayudan a lograr nuestra misi\u00f3n de amar y apoyar a los ni\u00f1os con c\u00e1ncer y sus familias. Cada d\u00f3lar donado a las estancias de Keaton en el norte de California.<\/p>","protected":false},"author":5,"featured_media":12746,"parent":29,"menu_order":1,"comment_status":"closed","ping_status":"closed","template":"","meta":{"_acf_changed":false,"give_campaign_id":0,"footnotes":""},"categories":[35],"tags":[],"class_list":["post-5026","page","type-page","status-publish","has-post-thumbnail","hentry","category-get-involved"],"acf":[],"campaignId":"","_links":{"self":[{"href":"https:\/\/childcancer.org\/es\/wp-json\/wp\/v2\/pages\/5026","targetHints":{"allow":["GET"]}}],"collection":[{"href":"https:\/\/childcancer.org\/es\/wp-json\/wp\/v2\/pages"}],"about":[{"href":"https:\/\/childcancer.org\/es\/wp-json\/wp\/v2\/types\/page"}],"author":[{"embeddable":true,"href":"https:\/\/childcancer.org\/es\/wp-json\/wp\/v2\/users\/5"}],"replies":[{"embeddable":true,"href":"https:\/\/childcancer.org\/es\/wp-json\/wp\/v2\/comments?post=5026"}],"version-history":[{"count":3,"href":"https:\/\/childcancer.org\/es\/wp-json\/wp\/v2\/pages\/5026\/revisions"}],"predecessor-version":[{"id":17104,"href":"https:\/\/childcancer.org\/es\/wp-json\/wp\/v2\/pages\/5026\/revisions\/17104"}],"up":[{"embeddable":true,"href":"https:\/\/childcancer.org\/es\/wp-json\/wp\/v2\/pages\/29"}],"wp:featuredmedia":[{"embeddable":true,"href":"https:\/\/childcancer.org\/es\/wp-json\/wp\/v2\/media\/12746"}],"wp:attachment":[{"href":"https:\/\/childcancer.org\/es\/wp-json\/wp\/v2\/media?parent=5026"}],"wp:term":[{"taxonomy":"category","embeddable":true,"href":"https:\/\/childcancer.org\/es\/wp-json\/wp\/v2\/categories?post=5026"},{"taxonomy":"post_tag","embeddable":true,"href":"https:\/\/childcancer.org\/es\/wp-json\/wp\/v2\/tags?post=5026"}],"curies":[{"name":"palabra clave","href":"https:\/\/api.w.org\/{rel}","templated":true}]}}