{"id":5013,"date":"2017-10-11T20:58:37","date_gmt":"2017-10-11T20:58:37","guid":{"rendered":"https:\/\/childcancer.org\/?page_id=5013"},"modified":"2019-10-15T15:46:46","modified_gmt":"2019-10-15T15:46:46","slug":"help-host-holly-jolly-celebration-children-battling-cancer","status":"publish","type":"page","link":"https:\/\/childcancer.org\/es\/get-involved\/help-host-holly-jolly-celebration-children-battling-cancer\/","title":{"rendered":"Ayude a organizar la celebraci\u00f3n de Holly Jolly"},"content":{"rendered":"<div class=\"wpb-content-wrapper\"><div class=\"vc_row wpb_row vc_row-fluid\"><div class=\"wpb_column vc_column_container vc_col-sm-12\"><div class=\"vc_column-inner\"><div class=\"wpb_wrapper\">\n\t<div class=\"wpb_text_column wpb_content_element\" >\n\t\t<div class=\"wpb_wrapper\">\n\t\t\t<p><img decoding=\"async\" class=\"aligncenter size-full wp-image-5381\" src=\"https:\/\/childcancer.org\/wp-content\/uploads\/2016\/11\/HJ-Collage-500x385.jpg\" alt=\"\" width=\"100%\" height=\"auto\" srcset=\"https:\/\/childcancer.org\/wp-content\/uploads\/2016\/11\/HJ-Collage-500x385.jpg 500w, https:\/\/childcancer.org\/wp-content\/uploads\/2016\/11\/HJ-Collage-500x385-300x231.jpg 300w\" sizes=\"(max-width: 500px) 100vw, 500px\" \/><\/p>\n\n\t\t<\/div>\n\t<\/div>\n<\/div><\/div><\/div><\/div><div class=\"vc_row wpb_row vc_row-fluid\"><div class=\"wpb_column vc_column_container vc_col-sm-6\"><div class=\"vc_column-inner\"><div class=\"wpb_wrapper\">\n\t<div class=\"wpb_video_widget wpb_content_element vc_clearfix   vc_video-aspect-ratio-169 vc_video-el-width-100 vc_video-align-center\" >\n\t\t<div class=\"wpb_wrapper\">\n\t\t\t\n\t\t\t<div class=\"wpb_video_wrapper\"><iframe title=\"Holly Jolly Celebraci\u00f3n 2018\" width=\"500\" height=\"281\" src=\"https:\/\/www.youtube.com\/embed\/waSMFbfl6F4?feature=oembed\" frameborder=\"0\" allow=\"accelerometer; autoplay; clipboard-write; encrypted-media; gyroscope; picture-in-picture; web-share\" allowfullscreen><\/iframe><\/div>\n\t\t<\/div>\n\t<\/div>\n<\/div><\/div><\/div><div class=\"wpb_column vc_column_container vc_col-sm-6\"><div class=\"vc_column-inner\"><div class=\"wpb_wrapper\">\n\t<div class=\"wpb_text_column wpb_content_element\" >\n\t\t<div class=\"wpb_wrapper\">\n\t\t\t<p><img decoding=\"async\" class=\"aligncenter size-full wp-image-7597\" src=\"https:\/\/childcancer.org\/wp-content\/uploads\/2019\/10\/IMG_3382-2.jpg\" alt=\"\" width=\"100%\" height=\"auto\" srcset=\"https:\/\/childcancer.org\/wp-content\/uploads\/2019\/10\/IMG_3382-2.jpg 5184w, https:\/\/childcancer.org\/wp-content\/uploads\/2019\/10\/IMG_3382-2-300x200.jpg 300w, https:\/\/childcancer.org\/wp-content\/uploads\/2019\/10\/IMG_3382-2-768x512.jpg 768w, https:\/\/childcancer.org\/wp-content\/uploads\/2019\/10\/IMG_3382-2-1024x683.jpg 1024w\" sizes=\"(max-width: 5184px) 100vw, 5184px\" \/><\/p>\n\n\t\t<\/div>\n\t<\/div>\n<\/div><\/div><\/div><\/div><div class=\"vc_row wpb_row vc_row-fluid\"><div class=\"wpb_column vc_column_container vc_col-sm-12\"><div class=\"vc_column-inner\"><div class=\"wpb_wrapper\">\n\t<div class=\"wpb_text_column wpb_content_element\" >\n\t\t<div class=\"wpb_wrapper\">\n\t\t\t\n\t\t<\/div>\n\t<\/div>\n\n\t<div class=\"wpb_text_column wpb_content_element\" >\n\t\t<div class=\"wpb_wrapper\">\n\t\t\t<h1 style=\"text-align: center;\">Ayude a organizar la celebraci\u00f3n Holly Jolly para ni\u00f1os que luchan contra el c\u00e1ncer<\/h1>\n<p style=\"text-align: center;\">Su patrocinio hace posible esta reuni\u00f3n navide\u00f1a anual para ni\u00f1os con c\u00e1ncer y sus familias.<\/p>\n<p style=\"text-align: center;\">Considere apoyar la Celebraci\u00f3n Holly Jolly con su donaci\u00f3n.<\/p>\n<p style=\"text-align: center;\">Niveles de patrocinio<\/p>\n<p style=\"text-align: center;\">$1,000<\/p>\n<p style=\"text-align: center;\">$500<\/p>\n<p style=\"text-align: center;\">$250<\/p>\n<p style=\"text-align: center;\">Para convertirse en patrocinador contacte <a href=\"http:\/\/catrina.arcularius@childcancer.org\/es\/\" target=\"_blank\" rel=\"noopener noreferrer\">Catrina Arculario<\/a> en Child Cancer Alliance de Keaton, o llame al 916-276-5080.<\/p>\n<p style=\"text-align: center;\">Este evento anual incluir\u00e1 una visita de Pap\u00e1 Noel con regalos para cada ni\u00f1o y sus hermanos, cena, postre, pintura facial, manualidades navide\u00f1as, retratos familiares y apariciones de invitados especiales. La celebraci\u00f3n Holly Jolly es gratuita para los ni\u00f1os con c\u00e1ncer y sus familias.<\/p>\n<p style=\"text-align: center;\">Gracias por tu apoyo.<\/p>\n\n\t\t<\/div>\n\t<\/div>\n<\/div><\/div><\/div><\/div>\n<\/div>","protected":false},"excerpt":{"rendered":"Help Host the Holly Jolly Celebration for Children Battling Cancer Your sponsorship makes this annual holiday gathering possible for children with cancer and their families. Please consider supporting the Holly [...]","protected":false},"author":5,"featured_media":0,"parent":29,"menu_order":1,"comment_status":"closed","ping_status":"closed","template":"","meta":{"_acf_changed":false,"give_campaign_id":0,"footnotes":""},"categories":[],"tags":[],"class_list":["post-5013","page","type-page","status-publish","hentry"],"acf":[],"campaignId":"","_links":{"self":[{"href":"https:\/\/childcancer.org\/es\/wp-json\/wp\/v2\/pages\/5013","targetHints":{"allow":["GET"]}}],"collection":[{"href":"https:\/\/childcancer.org\/es\/wp-json\/wp\/v2\/pages"}],"about":[{"href":"https:\/\/childcancer.org\/es\/wp-json\/wp\/v2\/types\/page"}],"author":[{"embeddable":true,"href":"https:\/\/childcancer.org\/es\/wp-json\/wp\/v2\/users\/5"}],"replies":[{"embeddable":true,"href":"https:\/\/childcancer.org\/es\/wp-json\/wp\/v2\/comments?post=5013"}],"version-history":[{"count":0,"href":"https:\/\/childcancer.org\/es\/wp-json\/wp\/v2\/pages\/5013\/revisions"}],"up":[{"embeddable":true,"href":"https:\/\/childcancer.org\/es\/wp-json\/wp\/v2\/pages\/29"}],"wp:attachment":[{"href":"https:\/\/childcancer.org\/es\/wp-json\/wp\/v2\/media?parent=5013"}],"wp:term":[{"taxonomy":"category","embeddable":true,"href":"https:\/\/childcancer.org\/es\/wp-json\/wp\/v2\/categories?post=5013"},{"taxonomy":"post_tag","embeddable":true,"href":"https:\/\/childcancer.org\/es\/wp-json\/wp\/v2\/tags?post=5013"}],"curies":[{"name":"palabra clave","href":"https:\/\/api.w.org\/{rel}","templated":true}]}}