{"id":4564,"date":"2017-07-26T20:22:06","date_gmt":"2017-07-26T20:22:06","guid":{"rendered":"https:\/\/childcancer.org\/?page_id=4564"},"modified":"2017-08-03T21:33:47","modified_gmt":"2017-08-03T21:33:47","slug":"medical-resources","status":"publish","type":"page","link":"https:\/\/childcancer.org\/es\/medical-resources\/","title":{"rendered":"Recursos m\u00e9dicos"},"content":{"rendered":"<ul>\n<li><a href=\"https:\/\/beatcc.org\/about\/\" target=\"_blank\" rel=\"noopener\">Vence al C\u00e1ncer Infantil<\/a><\/li>\n<li><a href=\"http:\/\/childrenscancerrecovery.org\" target=\"_blank\" rel=\"noopener\">Fundaci\u00f3n para la recuperaci\u00f3n del c\u00e1ncer infantil<\/a><\/li>\n<li><a href=\"http:\/\/www.cncfhope.org\/Home\" target=\"_blank\" rel=\"noopener\">Fundaci\u00f3n de c\u00e1ncer de neuroblastoma infantil<\/a><\/li>\n<li><a href=\"http:\/\/www.studentseries.org\/\" target=\"_blank\" rel=\"noopener\">Sociedad de Leucemia y Linfoma<\/a><\/li>\n<li><a href=\"http:\/\/www.curethekids.org\/\" target=\"_blank\" rel=\"noopener\">Fundaci\u00f3n de Tumores Cerebrales Pedi\u00e1tricos<\/a><\/li>\n<li><a href=\"http:\/\/sarcomahelp.org\/\" target=\"_blank\" rel=\"noopener\">La iniciativa del sarcoma de Liddy Shriver<\/a><\/li>\n<\/ul>","protected":false},"excerpt":{"rendered":"<p>Beat Childhood Cancer Children&#8217;s Cancer Recovery Foundation Children&#8217;s Neuroblastoma Cancer Foundation Leukemia &amp; Lymphoma Society Pediatric Brain Tumor Foundation The Liddy Shriver Sarcoma Initiative<\/p>","protected":false},"author":5,"featured_media":0,"parent":0,"menu_order":0,"comment_status":"closed","ping_status":"closed","template":"","meta":{"_acf_changed":false,"give_campaign_id":0,"footnotes":""},"categories":[],"tags":[],"class_list":["post-4564","page","type-page","status-publish","hentry"],"acf":[],"campaignId":"","_links":{"self":[{"href":"https:\/\/childcancer.org\/es\/wp-json\/wp\/v2\/pages\/4564","targetHints":{"allow":["GET"]}}],"collection":[{"href":"https:\/\/childcancer.org\/es\/wp-json\/wp\/v2\/pages"}],"about":[{"href":"https:\/\/childcancer.org\/es\/wp-json\/wp\/v2\/types\/page"}],"author":[{"embeddable":true,"href":"https:\/\/childcancer.org\/es\/wp-json\/wp\/v2\/users\/5"}],"replies":[{"embeddable":true,"href":"https:\/\/childcancer.org\/es\/wp-json\/wp\/v2\/comments?post=4564"}],"version-history":[{"count":0,"href":"https:\/\/childcancer.org\/es\/wp-json\/wp\/v2\/pages\/4564\/revisions"}],"wp:attachment":[{"href":"https:\/\/childcancer.org\/es\/wp-json\/wp\/v2\/media?parent=4564"}],"wp:term":[{"taxonomy":"category","embeddable":true,"href":"https:\/\/childcancer.org\/es\/wp-json\/wp\/v2\/categories?post=4564"},{"taxonomy":"post_tag","embeddable":true,"href":"https:\/\/childcancer.org\/es\/wp-json\/wp\/v2\/tags?post=4564"}],"curies":[{"name":"palabra clave","href":"https:\/\/api.w.org\/{rel}","templated":true}]}}