{"id":4500,"date":"2017-07-25T21:11:42","date_gmt":"2017-07-25T21:11:42","guid":{"rendered":"https:\/\/childcancer.org\/?page_id=4500"},"modified":"2017-08-03T21:23:50","modified_gmt":"2017-08-03T21:23:50","slug":"support-advocacy-important-resources","status":"publish","type":"page","link":"https:\/\/childcancer.org\/es\/family-navigator\/resources\/family-resources\/support-advocacy-important-resources\/","title":{"rendered":"Apoyo, defensa y recursos importantes"},"content":{"rendered":"<ul>\n<li><span class=\"s1\"><a href=\"http:\/\/www.acco.org\/\" target=\"_blank\" rel=\"noopener\">Organizaci\u00f3n Americana del C\u00e1ncer Infantil<\/a><\/span><\/li>\n<li><a href=\"http:\/\/www.cancerrecovery.org\/\" target=\"_blank\" rel=\"noopener\">Fundaci\u00f3n Internacional para la Recuperaci\u00f3n del C\u00e1ncer<\/a><\/li>\n<li><a href=\"https:\/\/www.childhoodcancerguides.org\/\" target=\"_blank\" rel=\"noopener\">Gu\u00edas de c\u00e1ncer infantil<\/a><\/li>\n<li><a href=\"http:\/\/childrenscancerrecovery.org\/\" target=\"_blank\" rel=\"noopener\">Fundaci\u00f3n para la recuperaci\u00f3n del c\u00e1ncer infantil<\/a><\/li>\n<li><span class=\"s1\"><a href=\"https:\/\/www.clf4kids.org\/hopebinder.php\" target=\"_blank\" rel=\"noopener\">Fundaci\u00f3n contra la Leucemia Infantil<\/a><\/span><\/li>\n<li><a href=\"https:\/\/curesearch.org\/CureSearch-CancerCare-App\" target=\"_blank\" rel=\"noopener\">B\u00fasqueda de cura para el c\u00e1ncer infantil<\/a><\/li>\n<li><span class=\"s1\"><a href=\"http:\/\/chemoduck.org\/\" target=\"_blank\" rel=\"noopener\">Programa de pato de quimioterapia de Gabe<\/a><\/span><\/li>\n<li><a href=\"https:\/\/www.clf4kids.org\/hugsuwear.php\" target=\"_blank\" rel=\"noopener\">Abrazos U Wear<\/a><\/li>\n<li><span class=\"s1\"><a href=\"http:\/\/lighthousefrc.com\/\" target=\"_blank\" rel=\"noopener\">Centro de recursos y asesoramiento familiar Lighthouse<\/a><\/span><\/li>\n<li class=\"p1\"><span class=\"s1\"><a href=\"http:\/\/www.lucyslovebus.org\/\" target=\"_blank\" rel=\"noopener\">El autob\u00fas del amor de Lucy<\/a><\/span><\/li>\n<li><a href=\"https:\/\/www.momcology.org\/sitepage\/pediaric-cancer-resources\" target=\"_blank\" rel=\"noopener\">Momcolog\u00eda<\/a><\/li>\n<li><a href=\"http:\/\/www.uhccf.org\/\" target=\"_blank\" rel=\"noopener\">Fundaci\u00f3n de Ni\u00f1os Unidos de Cuidado de la Salud<\/a><\/li>\n<li class=\"p1\"><a href=\"https:\/\/www.clf4kids.org\/wishbaskets.php\" target=\"_blank\" rel=\"noopener\">Cestas de deseos<\/a><\/li>\n<\/ul>","protected":false},"excerpt":{"rendered":"<p>American Childhood Cancer Organization Cancer Recovery Foundation International Childhood Cancer Guides Children&#8217;s Cancer Recovery Foundation Childhood Leukemia Foundation Cure Search For Children&#8217;s Cancer Gabe&#8217;s Chemo Duck Program Hugs U Wear [&hellip;]<\/p>\n","protected":false},"author":5,"featured_media":0,"parent":114,"menu_order":0,"comment_status":"closed","ping_status":"closed","template":"","meta":{"_acf_changed":false,"give_campaign_id":0,"footnotes":""},"categories":[],"tags":[],"class_list":["post-4500","page","type-page","status-publish","hentry"],"acf":[],"campaignId":"","_links":{"self":[{"href":"https:\/\/childcancer.org\/es\/wp-json\/wp\/v2\/pages\/4500","targetHints":{"allow":["GET"]}}],"collection":[{"href":"https:\/\/childcancer.org\/es\/wp-json\/wp\/v2\/pages"}],"about":[{"href":"https:\/\/childcancer.org\/es\/wp-json\/wp\/v2\/types\/page"}],"author":[{"embeddable":true,"href":"https:\/\/childcancer.org\/es\/wp-json\/wp\/v2\/users\/5"}],"replies":[{"embeddable":true,"href":"https:\/\/childcancer.org\/es\/wp-json\/wp\/v2\/comments?post=4500"}],"version-history":[{"count":0,"href":"https:\/\/childcancer.org\/es\/wp-json\/wp\/v2\/pages\/4500\/revisions"}],"up":[{"embeddable":true,"href":"https:\/\/childcancer.org\/es\/wp-json\/wp\/v2\/pages\/114"}],"wp:attachment":[{"href":"https:\/\/childcancer.org\/es\/wp-json\/wp\/v2\/media?parent=4500"}],"wp:term":[{"taxonomy":"category","embeddable":true,"href":"https:\/\/childcancer.org\/es\/wp-json\/wp\/v2\/categories?post=4500"},{"taxonomy":"post_tag","embeddable":true,"href":"https:\/\/childcancer.org\/es\/wp-json\/wp\/v2\/tags?post=4500"}],"curies":[{"name":"palabra clave","href":"https:\/\/api.w.org\/{rel}","templated":true}]}}