{"id":4286,"date":"2017-05-31T20:36:09","date_gmt":"2017-05-31T20:36:09","guid":{"rendered":"http:\/\/krm.dmsdevsite.com\/?page_id=4286"},"modified":"2025-08-14T11:30:15","modified_gmt":"2025-08-14T18:30:15","slug":"become-a-sponsor","status":"publish","type":"page","link":"https:\/\/childcancer.org\/es\/get-involved\/events\/","title":{"rendered":"Eventos"},"content":{"rendered":"<div data-elementor-type=\"wp-page\" data-elementor-id=\"4286\" class=\"elementor elementor-4286\" data-elementor-post-type=\"page\">\n\t\t\t\t\t\t<section class=\"elementor-section elementor-top-section elementor-element elementor-element-3584d05f elementor-section-boxed elementor-section-height-default elementor-section-height-default\" data-id=\"3584d05f\" data-element_type=\"section\" data-e-type=\"section\" data-settings=\"{&quot;jet_parallax_layout_list&quot;:[]}\">\n\t\t\t\t\t\t<div class=\"elementor-container elementor-column-gap-default\">\n\t\t\t\t\t<div class=\"elementor-column elementor-col-100 elementor-top-column elementor-element elementor-element-72ef9e63\" data-id=\"72ef9e63\" data-element_type=\"column\" data-e-type=\"column\">\n\t\t\t<div class=\"elementor-widget-wrap elementor-element-populated\">\n\t\t\t\t\t\t<div class=\"elementor-element elementor-element-9a7e388 elementor-widget elementor-widget-heading\" data-id=\"9a7e388\" data-element_type=\"widget\" data-e-type=\"widget\" data-widget_type=\"heading.default\">\n\t\t\t\t<div class=\"elementor-widget-container\">\n\t\t\t\t\t<h2 class=\"elementor-heading-title elementor-size-default\">Convi\u00e9rtase en patrocinador<\/h2>\t\t\t\t<\/div>\n\t\t\t\t<\/div>\n\t\t\t\t<div class=\"elementor-element elementor-element-bbabf7c elementor-widget elementor-widget-text-editor\" data-id=\"bbabf7c\" data-element_type=\"widget\" data-e-type=\"widget\" data-widget_type=\"text-editor.default\">\n\t\t\t\t<div class=\"elementor-widget-container\">\n\t\t\t\t\t\t\t\t\t<p>\u00bfInteresado en ser un patrocinador? Los patrocinios son una oportunidad maravillosa para que su empresa u organizaci\u00f3n se asocie con Child Cancer Alliance de Keaton y ayude a los ni\u00f1os que luchan contra el c\u00e1ncer ya sus familias en nuestra comunidad durante su viaje m\u00e1s dif\u00edcil. A lo largo del a\u00f1o tenemos patrocinios disponibles para nuestros eventos familiares y de recaudaci\u00f3n de fondos espec\u00edficos.<\/p><p>Como nuestro socio, su misi\u00f3n filantr\u00f3pica corporativa, junto con la nuestra, puede brindar la esperanza, la fortaleza y la curaci\u00f3n que tanto necesitan los ni\u00f1os con c\u00e1ncer y sus familias. Con gran orgullo compartimos su colaboraci\u00f3n en nuestros eventos, en nuestros anunciantes y en el sitio web para mostrarle a la comunidad cu\u00e1nto se preocupa por su empresa u organizaci\u00f3n.<\/p>\t\t\t\t\t\t\t\t<\/div>\n\t\t\t\t<\/div>\n\t\t\t\t<div class=\"elementor-element elementor-element-d0f6b06 elementor-align-left elementor-widget elementor-widget-button\" data-id=\"d0f6b06\" data-element_type=\"widget\" data-e-type=\"widget\" data-widget_type=\"button.default\">\n\t\t\t\t<div class=\"elementor-widget-container\">\n\t\t\t\t\t\t\t\t\t<div class=\"elementor-button-wrapper\">\n\t\t\t\t\t<a class=\"elementor-button elementor-button-link elementor-size-sm\" href=\"https:\/\/childcancer.org\/es\/sponsorship-form\/\">\n\t\t\t\t\t\t<span class=\"elementor-button-content-wrapper\">\n\t\t\t\t\t\t\t\t\t<span class=\"elementor-button-text\">Convi\u00e9rtase en patrocinador<\/span>\n\t\t\t\t\t<\/span>\n\t\t\t\t\t<\/a>\n\t\t\t\t<\/div>\n\t\t\t\t\t\t\t\t<\/div>\n\t\t\t\t<\/div>\n\t\t\t\t<div class=\"elementor-element elementor-element-6187441 elementor-widget elementor-widget-spacer\" data-id=\"6187441\" data-element_type=\"widget\" data-e-type=\"widget\" data-widget_type=\"spacer.default\">\n\t\t\t\t<div class=\"elementor-widget-container\">\n\t\t\t\t\t\t\t<div class=\"elementor-spacer\">\n\t\t\t<div class=\"elementor-spacer-inner\"><\/div>\n\t\t<\/div>\n\t\t\t\t\t\t<\/div>\n\t\t\t\t<\/div>\n\t\t\t\t<div class=\"elementor-element elementor-element-7abc660 elementor-widget elementor-widget-heading\" data-id=\"7abc660\" data-element_type=\"widget\" data-e-type=\"widget\" data-widget_type=\"heading.default\">\n\t\t\t\t<div class=\"elementor-widget-container\">\n\t\t\t\t\t<h2 class=\"elementor-heading-title elementor-size-default\">Join Our Events<\/h2>\t\t\t\t<\/div>\n\t\t\t\t<\/div>\n\t\t\t\t<div class=\"elementor-element elementor-element-0aa0182 elementor-widget elementor-widget-text-editor\" data-id=\"0aa0182\" data-element_type=\"widget\" data-e-type=\"widget\" data-widget_type=\"text-editor.default\">\n\t\t\t\t<div class=\"elementor-widget-container\">\n\t\t\t\t\t\t\t\t\t<p>Gracias por su inter\u00e9s en asociarse con Child Cancer Alliance de Keaton. Tenemos muchas oportunidades durante todo el a\u00f1o para patrocinios de eventos.<\/p>\t\t\t\t\t\t\t\t<\/div>\n\t\t\t\t<\/div>\n\t\t\t\t<div class=\"elementor-element elementor-element-c791780 elementor-align-left elementor-widget elementor-widget-button\" data-id=\"c791780\" data-element_type=\"widget\" data-e-type=\"widget\" data-widget_type=\"button.default\">\n\t\t\t\t<div class=\"elementor-widget-container\">\n\t\t\t\t\t\t\t\t\t<div class=\"elementor-button-wrapper\">\n\t\t\t\t\t<a class=\"elementor-button elementor-button-link elementor-size-sm\" href=\"https:\/\/childcancer.org\/es\/events\/\">\n\t\t\t\t\t\t<span class=\"elementor-button-content-wrapper\">\n\t\t\t\t\t\t\t\t\t<span class=\"elementor-button-text\">Ver eventos<\/span>\n\t\t\t\t\t<\/span>\n\t\t\t\t\t<\/a>\n\t\t\t\t<\/div>\n\t\t\t\t\t\t\t\t<\/div>\n\t\t\t\t<\/div>\n\t\t\t\t<div class=\"elementor-element elementor-element-64712ad elementor-widget elementor-widget-spacer\" data-id=\"64712ad\" data-element_type=\"widget\" data-e-type=\"widget\" data-widget_type=\"spacer.default\">\n\t\t\t\t<div class=\"elementor-widget-container\">\n\t\t\t\t\t\t\t<div class=\"elementor-spacer\">\n\t\t\t<div class=\"elementor-spacer-inner\"><\/div>\n\t\t<\/div>\n\t\t\t\t\t\t<\/div>\n\t\t\t\t<\/div>\n\t\t\t\t<div class=\"elementor-element elementor-element-db8923b elementor-widget elementor-widget-heading\" data-id=\"db8923b\" data-element_type=\"widget\" data-e-type=\"widget\" data-widget_type=\"heading.default\">\n\t\t\t\t<div class=\"elementor-widget-container\">\n\t\t\t\t\t<h2 class=\"elementor-heading-title elementor-size-default\">Adoptar una familia<\/h2>\t\t\t\t<\/div>\n\t\t\t\t<\/div>\n\t\t\t\t<div class=\"elementor-element elementor-element-26f90a0 elementor-widget elementor-widget-text-editor\" data-id=\"26f90a0\" data-element_type=\"widget\" data-e-type=\"widget\" data-widget_type=\"text-editor.default\">\n\t\t\t\t<div class=\"elementor-widget-container\">\n\t\t\t\t\t\t\t\t\t<p><span data-doc-id=\"2203116000000848001\" data-doc-type=\"writer\">S\u00e9 parte de Keaton&#039;s <\/span>Programa anual de vacaciones Adopt-A-Family para llevar ALEGR\u00cdA y ESPERANZA durante la temporada navide\u00f1a a las familias afectadas por el c\u00e1ncer infantil dentro de nuestra regi\u00f3n.<\/p>\t\t\t\t\t\t\t\t<\/div>\n\t\t\t\t<\/div>\n\t\t\t\t<div class=\"elementor-element elementor-element-4cb7f24 elementor-align-left elementor-widget elementor-widget-button\" data-id=\"4cb7f24\" data-element_type=\"widget\" data-e-type=\"widget\" data-widget_type=\"button.default\">\n\t\t\t\t<div class=\"elementor-widget-container\">\n\t\t\t\t\t\t\t\t\t<div class=\"elementor-button-wrapper\">\n\t\t\t\t\t<a class=\"elementor-button elementor-button-link elementor-size-sm\" href=\"https:\/\/childcancer.org\/es\/feature\/adopt-a-family\/\">\n\t\t\t\t\t\t<span class=\"elementor-button-content-wrapper\">\n\t\t\t\t\t\t\t\t\t<span class=\"elementor-button-text\">Aprende m\u00e1s<\/span>\n\t\t\t\t\t<\/span>\n\t\t\t\t\t<\/a>\n\t\t\t\t<\/div>\n\t\t\t\t\t\t\t\t<\/div>\n\t\t\t\t<\/div>\n\t\t\t\t\t<\/div>\n\t\t<\/div>\n\t\t\t\t\t<\/div>\n\t\t<\/section>\n\t\t\t\t<\/div>","protected":false},"excerpt":{"rendered":"<p>Become a Sponsor Interested in becoming a Sponsor? Sponsorships are a wonderful opportunity for your company or organization to partner with Keaton\u2019s Child Cancer Alliance and help children battling cancer [&hellip;]<\/p>\n","protected":false},"author":5,"featured_media":0,"parent":180,"menu_order":1,"comment_status":"closed","ping_status":"closed","template":"","meta":{"_acf_changed":false,"give_campaign_id":0,"footnotes":""},"categories":[35],"tags":[],"class_list":["post-4286","page","type-page","status-publish","hentry","category-get-involved"],"acf":[],"campaignId":"","_links":{"self":[{"href":"https:\/\/childcancer.org\/es\/wp-json\/wp\/v2\/pages\/4286","targetHints":{"allow":["GET"]}}],"collection":[{"href":"https:\/\/childcancer.org\/es\/wp-json\/wp\/v2\/pages"}],"about":[{"href":"https:\/\/childcancer.org\/es\/wp-json\/wp\/v2\/types\/page"}],"author":[{"embeddable":true,"href":"https:\/\/childcancer.org\/es\/wp-json\/wp\/v2\/users\/5"}],"replies":[{"embeddable":true,"href":"https:\/\/childcancer.org\/es\/wp-json\/wp\/v2\/comments?post=4286"}],"version-history":[{"count":5,"href":"https:\/\/childcancer.org\/es\/wp-json\/wp\/v2\/pages\/4286\/revisions"}],"predecessor-version":[{"id":16567,"href":"https:\/\/childcancer.org\/es\/wp-json\/wp\/v2\/pages\/4286\/revisions\/16567"}],"up":[{"embeddable":true,"href":"https:\/\/childcancer.org\/es\/wp-json\/wp\/v2\/pages\/180"}],"wp:attachment":[{"href":"https:\/\/childcancer.org\/es\/wp-json\/wp\/v2\/media?parent=4286"}],"wp:term":[{"taxonomy":"category","embeddable":true,"href":"https:\/\/childcancer.org\/es\/wp-json\/wp\/v2\/categories?post=4286"},{"taxonomy":"post_tag","embeddable":true,"href":"https:\/\/childcancer.org\/es\/wp-json\/wp\/v2\/tags?post=4286"}],"curies":[{"name":"palabra clave","href":"https:\/\/api.w.org\/{rel}","templated":true}]}}