{"id":4247,"date":"2017-05-31T19:15:48","date_gmt":"2017-05-31T19:15:48","guid":{"rendered":"http:\/\/krm.dmsdevsite.com\/?page_id=4247"},"modified":"2020-01-09T18:51:27","modified_gmt":"2020-01-09T18:51:27","slug":"marketing-committee","status":"publish","type":"page","link":"https:\/\/childcancer.org\/es\/about-us\/marketing-committee\/","title":{"rendered":"Comit\u00e9 de Mercadeo"},"content":{"rendered":"<div class=\"wpb-content-wrapper\"><div class=\"vc_row wpb_row vc_row-fluid\"><div class=\"wpb_column vc_column_container vc_col-sm-12\"><div class=\"vc_column-inner\"><div class=\"wpb_wrapper\">\n\t<div class=\"wpb_text_column wpb_content_element\" >\n\t\t<div class=\"wpb_wrapper\">\n\t\t\t<p class=\"p1\"><em><span class=\"s1\">La colaboraci\u00f3n, la cooperaci\u00f3n y la asociaci\u00f3n son las claves de nuestro \u00e9xito. Trabajamos con socios comunitarios y voluntarios locales para desarrollar y perfeccionar nuestros esfuerzos de divulgaci\u00f3n. Este esfuerzo de todos los voluntarios nos ayuda a ampliar nuestra capacidad para ayudar a m\u00e1s ni\u00f1os del norte de California con c\u00e1ncer ya sus familias.<\/span><\/em><\/p>\n\n\t\t<\/div>\n\t<\/div>\n<div class=\"vc_row wpb_row vc_inner vc_row-fluid\"><div class=\"wpb_column vc_column_container vc_col-sm-3\"><div class=\"vc_column-inner\"><div class=\"wpb_wrapper\">\n\t<div class=\"wpb_text_column wpb_content_element\" >\n\t\t<div class=\"wpb_wrapper\">\n\t\t\t<figure id=\"attachment_4252\" aria-describedby=\"caption-attachment-4252\" style=\"width: 724px\" class=\"wp-caption alignnone\"><a href=\"https:\/\/bellbroshvac.com\/\" target=\"_blank\" rel=\"noopener noreferrer\"><img fetchpriority=\"high\" decoding=\"async\" class=\"wp-image-4252 size-full\" src=\"https:\/\/childcancer.org\/wp-content\/uploads\/2017\/05\/Bell-Brothers-KRM-Marketing.jpg\" alt=\"\" width=\"724\" height=\"339\" srcset=\"https:\/\/childcancer.org\/wp-content\/uploads\/2017\/05\/Bell-Brothers-KRM-Marketing.jpg 724w, https:\/\/childcancer.org\/wp-content\/uploads\/2017\/05\/Bell-Brothers-KRM-Marketing-300x140.jpg 300w\" sizes=\"(max-width: 724px) 100vw, 724px\" \/><\/a><figcaption id=\"caption-attachment-4252\" class=\"wp-caption-text\">Jackie Estrella<\/figcaption><\/figure>\n\n\t\t<\/div>\n\t<\/div>\n\n\t<div class=\"wpb_text_column wpb_content_element\" >\n\t\t<div class=\"wpb_wrapper\">\n\t\t\t<figure id=\"attachment_4256\" aria-describedby=\"caption-attachment-4256\" style=\"width: 724px\" class=\"wp-caption alignnone\"><a href=\"http:\/\/www.danielleroeevents.com\/\" target=\"_blank\" rel=\"noopener noreferrer\"><img decoding=\"async\" class=\"wp-image-4256 size-full\" src=\"https:\/\/childcancer.org\/wp-content\/uploads\/2017\/05\/Danielle-Roe-Events-KRM-Marketing.jpg\" alt=\"\" width=\"724\" height=\"339\" srcset=\"https:\/\/childcancer.org\/wp-content\/uploads\/2017\/05\/Danielle-Roe-Events-KRM-Marketing.jpg 724w, https:\/\/childcancer.org\/wp-content\/uploads\/2017\/05\/Danielle-Roe-Events-KRM-Marketing-300x140.jpg 300w\" sizes=\"(max-width: 724px) 100vw, 724px\" \/><\/a><figcaption id=\"caption-attachment-4256\" class=\"wp-caption-text\">Danielle Roe<\/figcaption><\/figure>\n\n\t\t<\/div>\n\t<\/div>\n\n\t<div class=\"wpb_text_column wpb_content_element\" >\n\t\t<div class=\"wpb_wrapper\">\n\t\t\t<figure id=\"attachment_4260\" aria-describedby=\"caption-attachment-4260\" style=\"width: 724px\" class=\"wp-caption alignnone\"><a href=\"http:\/\/www.marqueemediaus.com\" target=\"_blank\" rel=\"noopener noreferrer\"><img decoding=\"async\" class=\"wp-image-4260 size-full\" src=\"https:\/\/childcancer.org\/wp-content\/uploads\/2017\/05\/New-York-Life-KRM-Marketing.jpg\" alt=\"\" width=\"724\" height=\"339\" srcset=\"https:\/\/childcancer.org\/wp-content\/uploads\/2017\/05\/New-York-Life-KRM-Marketing.jpg 724w, https:\/\/childcancer.org\/wp-content\/uploads\/2017\/05\/New-York-Life-KRM-Marketing-300x140.jpg 300w\" sizes=\"(max-width: 724px) 100vw, 724px\" \/><\/a><figcaption id=\"caption-attachment-4260\" class=\"wp-caption-text\">kristin marshall kelly<\/figcaption><\/figure>\n\n\t\t<\/div>\n\t<\/div>\n<\/div><\/div><\/div><div class=\"wpb_column vc_column_container vc_col-sm-3\"><div class=\"vc_column-inner\"><div class=\"wpb_wrapper\">\n\t<div class=\"wpb_text_column wpb_content_element\" >\n\t\t<div class=\"wpb_wrapper\">\n\t\t\t<figure id=\"attachment_4253\" aria-describedby=\"caption-attachment-4253\" style=\"width: 724px\" class=\"wp-caption alignnone\"><a href=\"http:\/\/www.capradio.org\/\" target=\"_blank\" rel=\"noopener noreferrer\"><img loading=\"lazy\" decoding=\"async\" class=\"wp-image-4253 size-full\" src=\"https:\/\/childcancer.org\/wp-content\/uploads\/2017\/05\/Capital-Public-Radio-Logo-KRM-1.jpg\" alt=\"\" width=\"724\" height=\"339\" srcset=\"https:\/\/childcancer.org\/wp-content\/uploads\/2017\/05\/Capital-Public-Radio-Logo-KRM-1.jpg 724w, https:\/\/childcancer.org\/wp-content\/uploads\/2017\/05\/Capital-Public-Radio-Logo-KRM-1-300x140.jpg 300w\" sizes=\"(max-width: 724px) 100vw, 724px\" \/><\/a><figcaption id=\"caption-attachment-4253\" class=\"wp-caption-text\">Lisa Cooper<\/figcaption><\/figure>\n\n\t\t<\/div>\n\t<\/div>\n\n\t<div class=\"wpb_text_column wpb_content_element\" >\n\t\t<div class=\"wpb_wrapper\">\n\t\t\t<figure id=\"attachment_4261\" aria-describedby=\"caption-attachment-4261\" style=\"width: 724px\" class=\"wp-caption alignnone\"><a href=\"http:\/\/www.abc10.com\/\" target=\"_blank\" rel=\"noopener noreferrer\"><img loading=\"lazy\" decoding=\"async\" class=\"wp-image-4261 size-full\" src=\"https:\/\/childcancer.org\/wp-content\/uploads\/2017\/05\/News-10-KRM-Marketing-.jpg\" alt=\"\" width=\"724\" height=\"339\" srcset=\"https:\/\/childcancer.org\/wp-content\/uploads\/2017\/05\/News-10-KRM-Marketing-.jpg 724w, https:\/\/childcancer.org\/wp-content\/uploads\/2017\/05\/News-10-KRM-Marketing--300x140.jpg 300w\" sizes=\"(max-width: 724px) 100vw, 724px\" \/><\/a><figcaption id=\"caption-attachment-4261\" class=\"wp-caption-text\">madelyn bruegger<\/figcaption><\/figure>\n\n\t\t<\/div>\n\t<\/div>\n\n\t<div class=\"wpb_text_column wpb_content_element\" >\n\t\t<div class=\"wpb_wrapper\">\n\t\t\t<figure id=\"attachment_4265\" aria-describedby=\"caption-attachment-4265\" style=\"width: 724px\" class=\"wp-caption alignnone\"><a href=\"https:\/\/www.supercuts.com\/\" target=\"_blank\" rel=\"noopener noreferrer\"><img loading=\"lazy\" decoding=\"async\" class=\"wp-image-4265 size-full\" src=\"https:\/\/childcancer.org\/wp-content\/uploads\/2017\/05\/Supercuts-KRM-sponsor.jpg\" alt=\"\" width=\"724\" height=\"339\" srcset=\"https:\/\/childcancer.org\/wp-content\/uploads\/2017\/05\/Supercuts-KRM-sponsor.jpg 724w, https:\/\/childcancer.org\/wp-content\/uploads\/2017\/05\/Supercuts-KRM-sponsor-300x140.jpg 300w\" sizes=\"(max-width: 724px) 100vw, 724px\" \/><\/a><figcaption id=\"caption-attachment-4265\" class=\"wp-caption-text\">Jodi McCray<\/figcaption><\/figure>\n\n\t\t<\/div>\n\t<\/div>\n<\/div><\/div><\/div><div class=\"wpb_column vc_column_container vc_col-sm-3\"><div class=\"vc_column-inner\"><div class=\"wpb_wrapper\">\n\t<div class=\"wpb_text_column wpb_content_element\" >\n\t\t<div class=\"wpb_wrapper\">\n\t\t\t<figure id=\"attachment_4266\" aria-describedby=\"caption-attachment-4266\" style=\"width: 724px\" class=\"wp-caption alignnone\"><a href=\"https:\/\/tabercreative.com\/\" target=\"_blank\" rel=\"noopener noreferrer\"><img loading=\"lazy\" decoding=\"async\" class=\"wp-image-4266 size-full\" src=\"https:\/\/childcancer.org\/wp-content\/uploads\/2017\/05\/Taber-Creative-Group-KRM-Marketing.jpg\" alt=\"\" width=\"724\" height=\"339\" srcset=\"https:\/\/childcancer.org\/wp-content\/uploads\/2017\/05\/Taber-Creative-Group-KRM-Marketing.jpg 724w, https:\/\/childcancer.org\/wp-content\/uploads\/2017\/05\/Taber-Creative-Group-KRM-Marketing-300x140.jpg 300w\" sizes=\"(max-width: 724px) 100vw, 724px\" \/><\/a><figcaption id=\"caption-attachment-4266\" class=\"wp-caption-text\">Kirk y Michele Taber<\/figcaption><\/figure>\n\n\t\t<\/div>\n\t<\/div>\n\n\t<div class=\"wpb_text_column wpb_content_element\" >\n\t\t<div class=\"wpb_wrapper\">\n\t\t\t<p><a href=\"http:\/\/www.nba.com\/kings\/\" target=\"_blank\" rel=\"noopener noreferrer\"><img decoding=\"async\" class=\"alignnone wp-image-4263 size-full\" src=\"https:\/\/childcancer.org\/wp-content\/uploads\/2017\/05\/Sacramento-Kings-KRM-Sponsor.jpg\" alt=\"\" width=\"100%\" height=\"auto\" srcset=\"https:\/\/childcancer.org\/wp-content\/uploads\/2017\/05\/Sacramento-Kings-KRM-Sponsor.jpg 724w, https:\/\/childcancer.org\/wp-content\/uploads\/2017\/05\/Sacramento-Kings-KRM-Sponsor-300x140.jpg 300w\" sizes=\"(max-width: 724px) 100vw, 724px\" \/><\/a><\/p>\n\n\t\t<\/div>\n\t<\/div>\n\n\t<div class=\"wpb_text_column wpb_content_element\" >\n\t\t<div class=\"wpb_wrapper\">\n\t\t\t\n\t\t<\/div>\n\t<\/div>\n<\/div><\/div><\/div><div class=\"wpb_column vc_column_container vc_col-sm-3\"><div class=\"vc_column-inner\"><div class=\"wpb_wrapper\">\n\t<div class=\"wpb_text_column wpb_content_element\" >\n\t\t<div class=\"wpb_wrapper\">\n\t\t\t<figure id=\"attachment_4254\" aria-describedby=\"caption-attachment-4254\" style=\"width: 724px\" class=\"wp-caption alignnone\"><a href=\"http:\/\/cbsradio.com\/\" target=\"_blank\" rel=\"noopener noreferrer\"><img loading=\"lazy\" decoding=\"async\" class=\"wp-image-4254 size-full\" src=\"https:\/\/childcancer.org\/wp-content\/uploads\/2017\/05\/CBS-Radio-KRM-Marketing-.jpg\" alt=\"\" width=\"724\" height=\"339\" srcset=\"https:\/\/childcancer.org\/wp-content\/uploads\/2017\/05\/CBS-Radio-KRM-Marketing-.jpg 724w, https:\/\/childcancer.org\/wp-content\/uploads\/2017\/05\/CBS-Radio-KRM-Marketing--300x140.jpg 300w\" sizes=\"(max-width: 724px) 100vw, 724px\" \/><\/a><figcaption id=\"caption-attachment-4254\" class=\"wp-caption-text\">abril ayala y jennifer davis cox<\/figcaption><\/figure>\n\n\t\t<\/div>\n\t<\/div>\n\n\t<div class=\"wpb_text_column wpb_content_element\" >\n\t\t<div class=\"wpb_wrapper\">\n\t\t\t<figure id=\"attachment_4259\" aria-describedby=\"caption-attachment-4259\" style=\"width: 724px\" class=\"wp-caption alignnone\"><a href=\"http:\/\/www.marqueemediaus.com\" target=\"_blank\" rel=\"noopener noreferrer\"><img loading=\"lazy\" decoding=\"async\" class=\"wp-image-4259 size-full\" src=\"https:\/\/childcancer.org\/wp-content\/uploads\/2017\/05\/Marquee-Media-KRM-Marketing.jpg\" alt=\"\" width=\"724\" height=\"339\" srcset=\"https:\/\/childcancer.org\/wp-content\/uploads\/2017\/05\/Marquee-Media-KRM-Marketing.jpg 724w, https:\/\/childcancer.org\/wp-content\/uploads\/2017\/05\/Marquee-Media-KRM-Marketing-300x140.jpg 300w\" sizes=\"(max-width: 724px) 100vw, 724px\" \/><\/a><figcaption id=\"caption-attachment-4259\" class=\"wp-caption-text\">miguel wagener<\/figcaption><\/figure>\n\n\t\t<\/div>\n\t<\/div>\n\n\t<div class=\"wpb_text_column wpb_content_element\" >\n\t\t<div class=\"wpb_wrapper\">\n\t\t\t<p><a href=\"http:\/\/deverespub.com\/\" target=\"_blank\" rel=\"noopener noreferrer\"><img decoding=\"async\" class=\"alignnone wp-image-4257 size-full\" src=\"https:\/\/childcancer.org\/wp-content\/uploads\/2017\/05\/deveres-KRM-Marketing.jpg\" alt=\"\" width=\"100%\" height=\"auto\" srcset=\"https:\/\/childcancer.org\/wp-content\/uploads\/2017\/05\/deveres-KRM-Marketing.jpg 724w, https:\/\/childcancer.org\/wp-content\/uploads\/2017\/05\/deveres-KRM-Marketing-300x140.jpg 300w\" sizes=\"(max-width: 724px) 100vw, 724px\" \/><\/a><\/p>\n\n\t\t<\/div>\n\t<\/div>\n\n\t<div class=\"wpb_text_column wpb_content_element\" >\n\t\t<div class=\"wpb_wrapper\">\n\t\t\t\n\t\t<\/div>\n\t<\/div>\n<\/div><\/div><\/div><\/div><\/div><\/div><\/div><\/div><div class=\"vc_row wpb_row vc_row-fluid\"><div class=\"wpb_column vc_column_container vc_col-sm-3\"><div class=\"vc_column-inner\"><div class=\"wpb_wrapper\">\n\t<div class=\"wpb_text_column wpb_content_element\" >\n\t\t<div class=\"wpb_wrapper\">\n\t\t\t<p><a href=\"https:\/\/www.comstocksmag.com\/\" target=\"_blank\" rel=\"noopener noreferrer\"><img decoding=\"async\" class=\"alignnone wp-image-4255 size-full\" src=\"https:\/\/childcancer.org\/wp-content\/uploads\/2017\/05\/Comstocks-Magazine-KRM-Marketing.jpg\" alt=\"\" width=\"100%\" height=\"auto\" srcset=\"https:\/\/childcancer.org\/wp-content\/uploads\/2017\/05\/Comstocks-Magazine-KRM-Marketing.jpg 724w, https:\/\/childcancer.org\/wp-content\/uploads\/2017\/05\/Comstocks-Magazine-KRM-Marketing-300x140.jpg 300w\" sizes=\"(max-width: 724px) 100vw, 724px\" \/><\/a><\/p>\n\n\t\t<\/div>\n\t<\/div>\n<\/div><\/div><\/div><div class=\"wpb_column vc_column_container vc_col-sm-3\"><div class=\"vc_column-inner\"><div class=\"wpb_wrapper\">\n\t<div class=\"wpb_text_column wpb_content_element\" >\n\t\t<div class=\"wpb_wrapper\">\n\t\t\t<p><a href=\"http:\/\/www.kcra.com\/\" target=\"_blank\" rel=\"noopener noreferrer\"><img decoding=\"async\" class=\"alignnone wp-image-4258 size-full\" src=\"https:\/\/childcancer.org\/wp-content\/uploads\/2017\/05\/KCRA-3-KRM-Marketing.jpg\" alt=\"\" width=\"100%\" height=\"auto\" srcset=\"https:\/\/childcancer.org\/wp-content\/uploads\/2017\/05\/KCRA-3-KRM-Marketing.jpg 724w, https:\/\/childcancer.org\/wp-content\/uploads\/2017\/05\/KCRA-3-KRM-Marketing-300x140.jpg 300w\" sizes=\"(max-width: 724px) 100vw, 724px\" \/><\/a><\/p>\n\n\t\t<\/div>\n\t<\/div>\n<\/div><\/div><\/div><div class=\"wpb_column vc_column_container vc_col-sm-3\"><div class=\"vc_column-inner\"><div class=\"wpb_wrapper\">\n\t<div class=\"wpb_text_column wpb_content_element\" >\n\t\t<div class=\"wpb_wrapper\">\n\t\t\t<p><a href=\"http:\/\/www.milb.com\/index.jsp?sid=t105\" target=\"_blank\" rel=\"noopener noreferrer\"><img decoding=\"async\" class=\"alignnone wp-image-4264 size-full\" src=\"https:\/\/childcancer.org\/wp-content\/uploads\/2017\/05\/Sacramento-River-Cats-KRM-Logo-Marketing-.jpg\" alt=\"\" width=\"100%\" height=\"auto\" srcset=\"https:\/\/childcancer.org\/wp-content\/uploads\/2017\/05\/Sacramento-River-Cats-KRM-Logo-Marketing-.jpg 724w, https:\/\/childcancer.org\/wp-content\/uploads\/2017\/05\/Sacramento-River-Cats-KRM-Logo-Marketing--300x140.jpg 300w\" sizes=\"(max-width: 724px) 100vw, 724px\" \/><\/a><\/p>\n\n\t\t<\/div>\n\t<\/div>\n<\/div><\/div><\/div><div class=\"wpb_column vc_column_container vc_col-sm-3\"><div class=\"vc_column-inner\"><div class=\"wpb_wrapper\">\n\t<div class=\"wpb_text_column wpb_content_element\" >\n\t\t<div class=\"wpb_wrapper\">\n\t\t\t<p><a href=\"https:\/\/www.westfield.com\/galleriaatroseville\" target=\"_blank\" rel=\"noopener noreferrer\"><img decoding=\"async\" class=\"alignnone wp-image-4267 size-full\" src=\"https:\/\/childcancer.org\/wp-content\/uploads\/2017\/05\/Westfield-Galleria-KRM-Marketing.jpg\" alt=\"\" width=\"100%\" height=\"auto\" srcset=\"https:\/\/childcancer.org\/wp-content\/uploads\/2017\/05\/Westfield-Galleria-KRM-Marketing.jpg 724w, https:\/\/childcancer.org\/wp-content\/uploads\/2017\/05\/Westfield-Galleria-KRM-Marketing-300x140.jpg 300w\" sizes=\"(max-width: 724px) 100vw, 724px\" \/><\/a><\/p>\n\n\t\t<\/div>\n\t<\/div>\n<\/div><\/div><\/div><\/div>\n<\/div>","protected":false},"excerpt":{"rendered":"Collaboration, cooperation and partnership are the keys to our success. We work with community partners and local volunteers to develop and refine our outreach efforts. This all-volunteer effort helps us [...]","protected":false},"author":5,"featured_media":0,"parent":23,"menu_order":7,"comment_status":"closed","ping_status":"closed","template":"","meta":{"_acf_changed":false,"give_campaign_id":0,"footnotes":""},"categories":[],"tags":[],"class_list":["post-4247","page","type-page","status-publish","hentry"],"acf":[],"campaignId":"","_links":{"self":[{"href":"https:\/\/childcancer.org\/es\/wp-json\/wp\/v2\/pages\/4247","targetHints":{"allow":["GET"]}}],"collection":[{"href":"https:\/\/childcancer.org\/es\/wp-json\/wp\/v2\/pages"}],"about":[{"href":"https:\/\/childcancer.org\/es\/wp-json\/wp\/v2\/types\/page"}],"author":[{"embeddable":true,"href":"https:\/\/childcancer.org\/es\/wp-json\/wp\/v2\/users\/5"}],"replies":[{"embeddable":true,"href":"https:\/\/childcancer.org\/es\/wp-json\/wp\/v2\/comments?post=4247"}],"version-history":[{"count":0,"href":"https:\/\/childcancer.org\/es\/wp-json\/wp\/v2\/pages\/4247\/revisions"}],"up":[{"embeddable":true,"href":"https:\/\/childcancer.org\/es\/wp-json\/wp\/v2\/pages\/23"}],"wp:attachment":[{"href":"https:\/\/childcancer.org\/es\/wp-json\/wp\/v2\/media?parent=4247"}],"wp:term":[{"taxonomy":"category","embeddable":true,"href":"https:\/\/childcancer.org\/es\/wp-json\/wp\/v2\/categories?post=4247"},{"taxonomy":"post_tag","embeddable":true,"href":"https:\/\/childcancer.org\/es\/wp-json\/wp\/v2\/tags?post=4247"}],"curies":[{"name":"palabra clave","href":"https:\/\/api.w.org\/{rel}","templated":true}]}}