{"id":27,"date":"2016-11-29T23:37:17","date_gmt":"2016-11-29T23:37:17","guid":{"rendered":"http:\/\/krm.dmsdevsite.com\/?page_id=27"},"modified":"2019-01-28T22:06:35","modified_gmt":"2019-01-28T22:06:35","slug":"the-facts","status":"publish","type":"page","link":"https:\/\/childcancer.org\/es\/the-facts\/","title":{"rendered":"Los hechos"},"content":{"rendered":"<div class=\"page-header\">\n<h1>Datos y estad\u00edsticas del c\u00e1ncer infantil<\/h1>\n<h2><b>El c\u00e1ncer se dirige a toda la familia y la Alianza contra el C\u00e1ncer Infantil de Keaton tambi\u00e9n lo hace<\/b><\/h2>\n<h2>Hechos<\/h2>\n<ul>\n<li>A pesar del gran progreso en la investigaci\u00f3n de algunos tipos de c\u00e1ncer infantil, el c\u00e1ncer todav\u00eda mata a m\u00e1s ni\u00f1os de 1 a 20 a\u00f1os que cualquier otra enfermedad, \u00a1m\u00e1s que el SIDA, el asma, la diabetes y la fibrosis qu\u00edstica combinados!<\/li>\n<li>\u00a1El c\u00e1ncer infantil es el asesino relacionado con la enfermedad #1 de ni\u00f1os menores de 15 a\u00f1os!<\/li>\n<li>En todo el mundo, cada 3 minutos se diagnostica c\u00e1ncer a un ni\u00f1o.<\/li>\n<li>La incidencia del c\u00e1ncer infantil ha aumentado cada a\u00f1o desde hace m\u00e1s de 25 a\u00f1os.<\/li>\n<li>Actualmente, m\u00e1s de 175000 ni\u00f1os y adolescentes est\u00e1n siendo tratados cada a\u00f1o por c\u00e1nceres infantiles. (<a href=\"http:\/\/www.stbaldricks.org\/why-we-exist\" target=\"_blank\" rel=\"noopener\">http:\/\/www.stbaldricks.org\/why-we-exist<\/a>)<\/li>\n<li>El n\u00famero de a\u00f1os de vida en riesgo es mayor para el c\u00e1ncer infantil que para cualquier otro tipo, excepto el c\u00e1ncer de mama.<\/li>\n<li>Los ni\u00f1os blancos e hispanos tienen m\u00e1s probabilidades que los ni\u00f1os de cualquier otro grupo racial o \u00e9tnico de desarrollar c\u00e1ncer. (<a href=\"https:\/\/www.cancer.gov\/research\" target=\"_blank\" rel=\"noopener\">https:\/\/www.cancer.gov\/research<\/a>)<\/li>\n<li>Los tumores cerebrales siguen siendo la principal causa de muerte relacionada con el c\u00e1ncer en los ni\u00f1os. (<a href=\"https:\/\/www.cancer.gov\/research\" target=\"_blank\" rel=\"noopener\">https:\/\/www.cancer.gov\/research<\/a>)<\/li>\n<li>Se desconocen las causas de la mayor\u00eda de los c\u00e1nceres infantiles y, en su mayor parte, no se pueden prevenir. En casos raros, ni\u00f1os que tienen un mayor riesgo de desarrollar cierto tipo de c\u00e1ncer debido a alteraciones gen\u00e9ticas heredadas. (<a href=\"https:\/\/www.cancer.gov\/research\" target=\"_blank\" rel=\"noopener\">https:\/\/www.cancer.gov\/research<\/a>)<\/li>\n<\/ul>\n<h2>El c\u00e1ncer infantil es diferente del c\u00e1ncer en adultos<\/h2>\n<ul>\n<li>La mayor\u00eda de los c\u00e1nceres en adultos son el resultado de factores relacionados con el estilo de vida: el tabaquismo, la dieta y la exposici\u00f3n a agentes cancer\u00edgenos.<\/li>\n<li>Las causas de la mayor\u00eda de los c\u00e1nceres infantiles a\u00fan se desconocen. Alrededor del 80% de los ni\u00f1os muestra evidencia de que la enfermedad ya se ha propagado en el momento del diagn\u00f3stico, en comparaci\u00f3n con solo alrededor del 20% de los adultos.<\/li>\n<li>La edad promedio de un adulto diagnosticado con c\u00e1ncer es de 67 a\u00f1os; la edad promedio de diagn\u00f3stico del c\u00e1ncer infantil es de 6 a\u00f1os. Est\u00e1n en juego toda una vida, una carrera y una futura familia.<\/li>\n<\/ul>\n<h2>Investigaci\u00f3n<strong>\u00a0<\/strong><\/h2>\n<ul>\n<li>Gracias a m\u00e1s de 50 a\u00f1os de investigaci\u00f3n realizada por Children&#039;s Oncology Group y sus grupos heredados, hay m\u00e1s de un cuarto de mill\u00f3n de sobrevivientes de c\u00e1ncer infantil que ahora viven en los Estados Unidos. (<a href=\"https:\/\/childrensoncologygroup.org\/\" target=\"_blank\" rel=\"noopener\">https:\/\/childrensoncologygroup.org\/<\/a>)<\/li>\n<li>El NCI est\u00e1 financiando una gran cartera de estudios (<a href=\"http:\/\/fundedresearch.cancer.gov\/\" target=\"_blank\" rel=\"noopener\">http:\/\/fundedresearch.cancer.gov\/<\/a>) analizando las causas y los tratamientos m\u00e1s efectivos para los c\u00e1nceres infantiles. (<a href=\"https:\/\/www.cancer.gov\/research\" target=\"_blank\" rel=\"noopener\">https:\/\/www.cancer.gov\/research<\/a>)<\/li>\n<li>Se ha completado una gran parte de los estudios sobre la infancia. <a href=\"https:\/\/www.cancer.gov\/publications\/dictionaries\/cancer-terms?cdrid=45586\" target=\"_blank\" rel=\"noopener\">leucemia linfobl\u00e1stica aguda<\/a>,\u00a0<a href=\"https:\/\/www.cancer.gov\/publications\/dictionaries\/cancer-terms?cdrid=46347\" target=\"_blank\" rel=\"noopener\">leucemia mieloide aguda<\/a>, linfoma no Hodgkin, tumores neuroectod\u00e9rmicos primitivos del cerebro,\u00a0<a href=\"https:\/\/www.cancer.gov\/publications\/dictionaries\/cancer-terms?cdrid=45602\" target=\"_blank\" rel=\"noopener\">astrocitoma<\/a>, <a href=\"https:\/\/www.cancer.gov\/publications\/dictionaries\/cancer-terms?cdrid=45418\" target=\"_blank\" rel=\"noopener\">neuroblastoma<\/a>y tumores de c\u00e9lulas germinales. (<a href=\"https:\/\/www.cancer.gov\/research\" target=\"_blank\" rel=\"noopener\">https:\/\/www.cancer.gov\/research<\/a>)<\/li>\n<\/ul>\n<p>La inversi\u00f3n del NCI en la investigaci\u00f3n del c\u00e1ncer pedi\u00e1trico ha aumentado 20% en los \u00faltimos 5 a\u00f1os. Los descubrimientos de estas inversiones han mejorado nuestro conocimiento del conjunto complejo de enfermedades que constituyen los c\u00e1nceres pedi\u00e1tricos y probablemente contribuir\u00e1n a la reducci\u00f3n de la mortalidad y mejoras en el tratamiento con el tiempo.(<a href=\"https:\/\/www.cancer.gov\/research\/progress\/annual-report-nation\" target=\"_blank\" rel=\"noopener\">https:\/\/www.cancer.gov\/research\/progress\/annual-report-nation<\/a>)<\/p>\n<\/div>","protected":false},"excerpt":{"rendered":"<p>Childhood Cancer Facts and Statistics Cancer Targets the Entire Family and Keaton&#8217;s Child Cancer Alliance Does Too Facts Despite great progress in research for some types of childhood cancer, cancer [&hellip;]<\/p>\n","protected":false},"author":5,"featured_media":0,"parent":0,"menu_order":0,"comment_status":"closed","ping_status":"closed","template":"","meta":{"_acf_changed":false,"give_campaign_id":0,"footnotes":""},"categories":[],"tags":[],"class_list":["post-27","page","type-page","status-publish","hentry"],"acf":[],"campaignId":"","_links":{"self":[{"href":"https:\/\/childcancer.org\/es\/wp-json\/wp\/v2\/pages\/27","targetHints":{"allow":["GET"]}}],"collection":[{"href":"https:\/\/childcancer.org\/es\/wp-json\/wp\/v2\/pages"}],"about":[{"href":"https:\/\/childcancer.org\/es\/wp-json\/wp\/v2\/types\/page"}],"author":[{"embeddable":true,"href":"https:\/\/childcancer.org\/es\/wp-json\/wp\/v2\/users\/5"}],"replies":[{"embeddable":true,"href":"https:\/\/childcancer.org\/es\/wp-json\/wp\/v2\/comments?post=27"}],"version-history":[{"count":0,"href":"https:\/\/childcancer.org\/es\/wp-json\/wp\/v2\/pages\/27\/revisions"}],"wp:attachment":[{"href":"https:\/\/childcancer.org\/es\/wp-json\/wp\/v2\/media?parent=27"}],"wp:term":[{"taxonomy":"category","embeddable":true,"href":"https:\/\/childcancer.org\/es\/wp-json\/wp\/v2\/categories?post=27"},{"taxonomy":"post_tag","embeddable":true,"href":"https:\/\/childcancer.org\/es\/wp-json\/wp\/v2\/tags?post=27"}],"curies":[{"name":"palabra clave","href":"https:\/\/api.w.org\/{rel}","templated":true}]}}