{"id":157,"date":"2016-12-01T16:43:20","date_gmt":"2016-12-01T16:43:20","guid":{"rendered":"http:\/\/krm.dmsdevsite.com\/?page_id=157"},"modified":"2019-01-28T22:06:35","modified_gmt":"2019-01-28T22:06:35","slug":"links-to-video-of-dr-satake-dr-chan","status":"publish","type":"page","link":"https:\/\/childcancer.org\/es\/the-facts\/research\/links-to-video-of-dr-satake-dr-chan\/","title":{"rendered":"Video del Dr. Satake y el Dr. Chan"},"content":{"rendered":"<p><iframe src=\"\/\/www.youtube.com\/embed\/NR-EYfmBYfc?rel=0\" width=\"560\" height=\"315\" frameborder=\"0\"><\/iframe><br \/>\n(Biofot\u00f3nica; Tecnolog\u00eda L\u00e1ser Raman \u2013 James Chan, Ph.D)<\/p>\n<p><iframe src=\"\/\/www.youtube.com\/embed\/kG1RnNTTGok?rel=0\" width=\"560\" height=\"315\" frameborder=\"0\"><\/iframe><br \/>\n(Investigaci\u00f3n de Terapia Dirigida \u2013 Dr. Noriko Satake)<\/p>\n<p class=\"p1\"><span class=\"s1\">El objetivo de este proyecto es desarrollar nuevos tratamientos para los c\u00e1nceres infantiles (actualmente nuestro enfoque est\u00e1 en la leucemia linfobl\u00e1stica aguda y el neuroblastoma, los dos tipos de c\u00e1ncer m\u00e1s comunes en los ni\u00f1os).<span class=\"Apple-converted-space\">\u00a0 <\/span>Hemos identificado un nuevo gen diana prometedor en c\u00e9lulas de leucemia y neuroblastoma, que funciona como un &quot;interruptor de encendido y apagado&quot; para una prote\u00edna que regula el crecimiento celular.<span class=\"Apple-converted-space\">\u00a0 <\/span>Estamos desarrollando un nuevo medicamento para &quot;apagar&quot; el gen para detener el crecimiento de las c\u00e9lulas cancerosas.<span class=\"Apple-converted-space\">\u00a0 <\/span>Este m\u00e9todo se llama terapia dirigida.<span class=\"Apple-converted-space\">\u00a0 <\/span>Si tiene \u00e9xito, nuestra terapia dirigida tambi\u00e9n permitir\u00e1 la administraci\u00f3n de tratamientos contra el c\u00e1ncer directamente a las c\u00e9lulas de leucemia o neuroblastoma, limitando el da\u00f1o causado a las c\u00e9lulas sanas y reduciendo los efectos secundarios negativos de la terapia convencional.<span class=\"Apple-converted-space\">\u00a0 <\/span>Adem\u00e1s, ajustando el m\u00e9todo que usamos para &quot;apagar&quot; el gen y tambi\u00e9n encontrando algo \u00fanico en las c\u00e9lulas tumorales de cada paciente, podemos desarrollar tratamientos personalizados para pacientes individuales.<\/span><\/p>\n<p class=\"p1\"><span class=\"s1\">Noriko Satake MD<\/span><\/p>","protected":false},"excerpt":{"rendered":"<p>(Biophotonics; Raman Laser Technology &#8211; James Chan, Ph.D) (Targeted Therapy Research \u2013 Dr. Noriko Satake) The goal of this project is to develop new treatments for childhood cancers (currently our [&hellip;]<\/p>\n","protected":false},"author":5,"featured_media":0,"parent":151,"menu_order":2,"comment_status":"closed","ping_status":"closed","template":"","meta":{"_acf_changed":false,"give_campaign_id":0,"footnotes":""},"categories":[],"tags":[],"class_list":["post-157","page","type-page","status-publish","hentry"],"acf":[],"campaignId":"","_links":{"self":[{"href":"https:\/\/childcancer.org\/es\/wp-json\/wp\/v2\/pages\/157","targetHints":{"allow":["GET"]}}],"collection":[{"href":"https:\/\/childcancer.org\/es\/wp-json\/wp\/v2\/pages"}],"about":[{"href":"https:\/\/childcancer.org\/es\/wp-json\/wp\/v2\/types\/page"}],"author":[{"embeddable":true,"href":"https:\/\/childcancer.org\/es\/wp-json\/wp\/v2\/users\/5"}],"replies":[{"embeddable":true,"href":"https:\/\/childcancer.org\/es\/wp-json\/wp\/v2\/comments?post=157"}],"version-history":[{"count":0,"href":"https:\/\/childcancer.org\/es\/wp-json\/wp\/v2\/pages\/157\/revisions"}],"up":[{"embeddable":true,"href":"https:\/\/childcancer.org\/es\/wp-json\/wp\/v2\/pages\/151"}],"wp:attachment":[{"href":"https:\/\/childcancer.org\/es\/wp-json\/wp\/v2\/media?parent=157"}],"wp:term":[{"taxonomy":"category","embeddable":true,"href":"https:\/\/childcancer.org\/es\/wp-json\/wp\/v2\/categories?post=157"},{"taxonomy":"post_tag","embeddable":true,"href":"https:\/\/childcancer.org\/es\/wp-json\/wp\/v2\/tags?post=157"}],"curies":[{"name":"palabra clave","href":"https:\/\/api.w.org\/{rel}","templated":true}]}}