{"id":155,"date":"2016-12-01T16:42:55","date_gmt":"2016-12-01T16:42:55","guid":{"rendered":"http:\/\/krm.dmsdevsite.com\/?page_id=155"},"modified":"2019-01-28T22:06:35","modified_gmt":"2019-01-28T22:06:35","slug":"quotes-from-uc-davis","status":"publish","type":"page","link":"https:\/\/childcancer.org\/es\/the-facts\/research\/quotes-from-uc-davis\/","title":{"rendered":"Testimonios de UC Davis"},"content":{"rendered":"<h2><em>Noriko Satake. MD, Centro Oncol\u00f3gico Integral UCD<\/em><\/h2>\n<p>\u201cEstoy muy agradecido por el generoso apoyo del Keaton Raphael Memorial para mi investigaci\u00f3n en UC Davis para encontrar tratamientos innovadores para los c\u00e1nceres infantiles. Ha hecho posible que persiga mi sue\u00f1o de encontrar mejores formas de tratar a los ni\u00f1os con neuroblastoma y leucemia\u201d.<\/p>\n<h2><em>James Chan, PhD, Centro de Ciencia y Tecnolog\u00eda Biofot\u00f3nica, UC Davis<\/em><\/h2>\n<p>\u201cGracias al apoyo brindado por la Keaton Raphael Memorial Foundation, hemos podido lograr un progreso significativo en la investigaci\u00f3n en el desarrollo de sistemas de espectroscopia Raman de pr\u00f3xima generaci\u00f3n para analizar c\u00e9lulas individuales y descubrir nuevas formas de diagn\u00f3stico de c\u00e1nceres pedi\u00e1tricos, as\u00ed como nuevas aplicaciones biol\u00f3gicas de estas herramientas \u00f3pticas avanzadas\u201d.<\/p>","protected":false},"excerpt":{"rendered":"<p>Noriko Satake. M.D., UCD Comprehensive Cancer Center \u201cI am so grateful for the generous support of the Keaton Raphael Memorial for my research at UC Davis to find innovative treatments [&hellip;]<\/p>\n","protected":false},"author":5,"featured_media":0,"parent":151,"menu_order":1,"comment_status":"closed","ping_status":"closed","template":"","meta":{"_acf_changed":false,"give_campaign_id":0,"footnotes":""},"categories":[],"tags":[],"class_list":["post-155","page","type-page","status-publish","hentry"],"acf":[],"campaignId":"","_links":{"self":[{"href":"https:\/\/childcancer.org\/es\/wp-json\/wp\/v2\/pages\/155","targetHints":{"allow":["GET"]}}],"collection":[{"href":"https:\/\/childcancer.org\/es\/wp-json\/wp\/v2\/pages"}],"about":[{"href":"https:\/\/childcancer.org\/es\/wp-json\/wp\/v2\/types\/page"}],"author":[{"embeddable":true,"href":"https:\/\/childcancer.org\/es\/wp-json\/wp\/v2\/users\/5"}],"replies":[{"embeddable":true,"href":"https:\/\/childcancer.org\/es\/wp-json\/wp\/v2\/comments?post=155"}],"version-history":[{"count":0,"href":"https:\/\/childcancer.org\/es\/wp-json\/wp\/v2\/pages\/155\/revisions"}],"up":[{"embeddable":true,"href":"https:\/\/childcancer.org\/es\/wp-json\/wp\/v2\/pages\/151"}],"wp:attachment":[{"href":"https:\/\/childcancer.org\/es\/wp-json\/wp\/v2\/media?parent=155"}],"wp:term":[{"taxonomy":"category","embeddable":true,"href":"https:\/\/childcancer.org\/es\/wp-json\/wp\/v2\/categories?post=155"},{"taxonomy":"post_tag","embeddable":true,"href":"https:\/\/childcancer.org\/es\/wp-json\/wp\/v2\/tags?post=155"}],"curies":[{"name":"palabra clave","href":"https:\/\/api.w.org\/{rel}","templated":true}]}}