{"id":151,"date":"2016-12-01T16:42:03","date_gmt":"2016-12-01T16:42:03","guid":{"rendered":"http:\/\/krm.dmsdevsite.com\/?page_id=151"},"modified":"2019-01-28T22:06:35","modified_gmt":"2019-01-28T22:06:35","slug":"research","status":"publish","type":"page","link":"https:\/\/childcancer.org\/es\/the-facts\/research\/","title":{"rendered":"Investigaci\u00f3n"},"content":{"rendered":"<h2>Desde 2002, Child Cancer Alliance de Keaton se ha asociado con St. Baldrick&#039;s Foundation, una organizaci\u00f3n ben\u00e9fica impulsada por voluntarios comprometida a financiar las investigaciones m\u00e1s prometedoras para encontrar curas para los c\u00e1nceres infantiles y dar a los sobrevivientes una vida larga y saludable.<\/h2>\n<p>Una gran parte de la misi\u00f3n de Keaton&#039;s Child Cancer Alliance es recaudar fondos para la investigaci\u00f3n de una cura para el c\u00e1ncer pedi\u00e1trico y, a lo largo de los a\u00f1os, han logrado recaudar estos fondos contactando a los miembros de la comunidad local para que se afeiten la cabeza a cambio de donaciones durante las celebraciones anuales de St. Balrick. KCCA ha creado una s\u00f3lida asociaci\u00f3n con St. Baldrick&#039;s Foundation a lo largo de los a\u00f1os proporcionando fondos a nivel nacional y local para una cura.<\/p>\n<p><strong>Con el dinero recaudado, Child Cancer Alliance de Keaton ha podido mantener algunos locales para tres programas de investigaci\u00f3n diferentes:<\/strong><\/p>\n<ul>\n<li>Proyecto Raman Centro de Biofot\u00f3nica<\/li>\n<li>Programa de ensayos cl\u00ednicos pedi\u00e1tricos de UC Davis: lea m\u00e1s al respecto <a href=\"http:\/\/www.ucdmc.ucdavis.edu\/cancer\/clinical_trials\/search\/index.html\" target=\"_blank\" rel=\"noopener noreferrer\">AQU\u00cd<\/a><\/li>\n<li>Nueva terapia dirigida para los c\u00e1nceres infantiles<\/li>\n<\/ul>\n<p>Los videos a continuaci\u00f3n se extienden al Proyecto Raman, as\u00ed como a la Nueva terapia dirigida para los c\u00e1nceres infantiles, ya que tanto el Dr. James Chan, Ph.D como la Dra. Dra. Noriko Satake le brindan su explicaci\u00f3n:<\/p>\n<p><iframe src=\"\/\/www.youtube.com\/embed\/NR-EYfmBYfc?rel=0\" width=\"560\" height=\"315\" frameborder=\"0\"><\/iframe><br \/>\n(Biofot\u00f3nica; Tecnolog\u00eda L\u00e1ser Raman \u2013 James Chan, Ph.D)<\/p>\n<p><a href=\"https:\/\/childcancer.org\/assets\/Biophotonics_KRM_Partnership.pdf\" target=\"_blank\" rel=\"noopener noreferrer\">M\u00e1s informaci\u00f3n sobre biofot\u00f3nica y tecnolog\u00eda l\u00e1ser Raman<\/a><\/p>\n<p><iframe src=\"\/\/www.youtube.com\/embed\/kG1RnNTTGok?rel=0\" width=\"560\" height=\"315\" frameborder=\"0\"><\/iframe><br \/>\n(Investigaci\u00f3n de Terapia Dirigida \u2013 Dr. Noriko Satake)<\/p>\n<h2>Nueva terapia dirigida para los c\u00e1nceres infantiles<\/h2>\n<p>El objetivo de este proyecto es desarrollar nuevos tratamientos para los c\u00e1nceres infantiles (actualmente nuestro enfoque est\u00e1 en la leucemia linfobl\u00e1stica aguda y el neuroblastoma, los dos tipos de c\u00e1ncer m\u00e1s comunes en los ni\u00f1os). Hemos identificado un nuevo gen diana prometedor en c\u00e9lulas de leucemia y neuroblastoma, que funciona como un &quot;interruptor de encendido y apagado&quot; para una prote\u00edna que regula el crecimiento celular. Estamos desarrollando un nuevo medicamento para &quot;apagar&quot; el gen para detener el crecimiento de las c\u00e9lulas cancerosas. Este m\u00e9todo se llama terapia dirigida. Si tiene \u00e9xito, nuestra terapia dirigida tambi\u00e9n permitir\u00e1 la administraci\u00f3n de tratamientos contra el c\u00e1ncer directamente a las c\u00e9lulas de leucemia o neuroblastoma, limitando el da\u00f1o causado a las c\u00e9lulas sanas y reduciendo los efectos secundarios negativos de la terapia convencional. Adem\u00e1s, ajustando el m\u00e9todo que usamos para &quot;apagar&quot; el gen y tambi\u00e9n encontrando algo \u00fanico en las c\u00e9lulas tumorales de cada paciente, podemos desarrollar tratamientos personalizados para pacientes individuales.<\/p>\n<p>Hemos demostrado que la desactivaci\u00f3n del gen mediante un m\u00e9todo de silenciamiento redujo el crecimiento de c\u00e9lulas de leucemia y neuroblastoma en cultivos celulares. Recientemente presentamos los resultados de nuestros experimentos en tres conferencias m\u00e9dicas nacionales: la reuni\u00f3n anual de la Sociedad Estadounidense de Hematolog\u00eda, la reuni\u00f3n anual de la Asociaci\u00f3n Estadounidense de Investigaci\u00f3n del C\u00e1ncer y la reuni\u00f3n de la ciencia traslacional de 2013, donde recibimos un premio Scholars Abstract Award por nuestro p\u00f3ster.<\/p>\n<h3>Noriko Satake MD<\/h3>\n<p>En los \u00faltimos 20 a\u00f1os, solo se han aprobado dos nuevos medicamentos que se desarrollaron espec\u00edficamente para tratar a ni\u00f1os con c\u00e1ncer. Ahora hay tres. <strong>El 10 de marzo de 2015\u00a0<\/strong><b>la FDA aprob\u00f3 este nuevo f\u00e1rmaco para tratar el neuroblastoma de alto riesgo, poni\u00e9ndolo disponible no solo a trav\u00e9s de un ensayo cl\u00ednico, sino tambi\u00e9n para\u00a0<i>todo\u00a0<\/i>ni\u00f1os con este agresivo c\u00e1ncer infantil.<\/b>\u00a0Lea m\u00e1s sobre este incre\u00edble avance:<\/p>\n<p><span style=\"text-decoration: underline;\"><span style=\"color: #000000;\"><a title=\"Noticias de \u00faltima hora\" href=\"http:\/\/www.stbaldricks.org\/blog\/post\/breaking-news-the-fda-approves-childhood-cancer-drug\" target=\"_blank\" rel=\"noopener noreferrer\"><span style=\"color: #000000; text-decoration: underline;\">http:\/\/www.stbaldricks.org\/blog\/post\/breaking-news-the-fda-approves-childhood-cancer-drug<\/span><\/a><\/span><\/span><\/p>\n<p><a title=\"FDA\" href=\"http:\/\/www.fda.gov\/NewsEvents\/Newsroom\/PressAnnouncements\/ucm437460.htm\" target=\"_blank\" rel=\"noopener noreferrer\"><span style=\"color: #000000;\">http:\/\/www.fda.gov\/NewsEvents\/Newsroom\/PressAnnouncements\/ucm437460.htm<\/span><\/a><\/p>","protected":false},"excerpt":{"rendered":"<p>Since 2002 Keaton&#8217;s Child Cancer Alliance has partnered with the St. Baldrick\u2019s Foundation, a volunteer-driven charity committed to funding the most promising research to find cures for childhood cancers and [&hellip;]<\/p>\n","protected":false},"author":5,"featured_media":0,"parent":27,"menu_order":1,"comment_status":"closed","ping_status":"closed","template":"","meta":{"_acf_changed":false,"give_campaign_id":0,"footnotes":""},"categories":[],"tags":[],"class_list":["post-151","page","type-page","status-publish","hentry"],"acf":[],"campaignId":"","_links":{"self":[{"href":"https:\/\/childcancer.org\/es\/wp-json\/wp\/v2\/pages\/151","targetHints":{"allow":["GET"]}}],"collection":[{"href":"https:\/\/childcancer.org\/es\/wp-json\/wp\/v2\/pages"}],"about":[{"href":"https:\/\/childcancer.org\/es\/wp-json\/wp\/v2\/types\/page"}],"author":[{"embeddable":true,"href":"https:\/\/childcancer.org\/es\/wp-json\/wp\/v2\/users\/5"}],"replies":[{"embeddable":true,"href":"https:\/\/childcancer.org\/es\/wp-json\/wp\/v2\/comments?post=151"}],"version-history":[{"count":0,"href":"https:\/\/childcancer.org\/es\/wp-json\/wp\/v2\/pages\/151\/revisions"}],"up":[{"embeddable":true,"href":"https:\/\/childcancer.org\/es\/wp-json\/wp\/v2\/pages\/27"}],"wp:attachment":[{"href":"https:\/\/childcancer.org\/es\/wp-json\/wp\/v2\/media?parent=151"}],"wp:term":[{"taxonomy":"category","embeddable":true,"href":"https:\/\/childcancer.org\/es\/wp-json\/wp\/v2\/categories?post=151"},{"taxonomy":"post_tag","embeddable":true,"href":"https:\/\/childcancer.org\/es\/wp-json\/wp\/v2\/tags?post=151"}],"curies":[{"name":"palabra clave","href":"https:\/\/api.w.org\/{rel}","templated":true}]}}