{"id":116,"date":"2016-12-01T01:35:27","date_gmt":"2016-12-01T01:35:27","guid":{"rendered":"http:\/\/krm.dmsdevsite.com\/?page_id=116"},"modified":"2019-01-28T22:06:34","modified_gmt":"2019-01-28T22:06:34","slug":"teen-resources","status":"publish","type":"page","link":"https:\/\/childcancer.org\/es\/family-navigator\/resources\/teen-resources\/","title":{"rendered":"Recursos para adolescentes"},"content":{"rendered":"<h1>Recursos para adolescentes y hermanos<\/h1>\n<p>La Alianza contra el c\u00e1ncer infantil de Keaton tiene como objetivo ayudar a los adultos j\u00f3venes de todas las edades que atraviesan su batalla contra el c\u00e1ncer infantil y brindar diferentes oportunidades de recursos espec\u00edficamente dirigidas a los adolescentes y sus hermanos. Estos recursos van desde, campamentos, grupos, puntos de venta, actividades, becas y materiales informativos.<\/p>\n<p><a href=\"https:\/\/childcancer.org\/assets\/Teen-Resource-Brochure.pdf\" target=\"_blank\" rel=\"noopener noreferrer\">Folleto de recursos para adolescentes<\/a><\/p>\n<p>Si usted o su empresa ofrece actividades especiales para adultos j\u00f3venes y desea aparecer en nuestro sitio, comun\u00edquese con Jessica Alonso al <a href=\"mailto:Jessica.Alonso@childcancer.org\" target=\"_blank\" rel=\"noopener noreferrer\">Jessica.Alonso@childcancer.org<\/a> o 916.757.6134<\/p>","protected":false},"excerpt":{"rendered":"<p>Resources for Teens &amp; Siblings The Keaton&#8217;s Child Cancer Alliance aims to assist all ages of young adults going through their childhood cancer battle and provide different resource opportunities specifically [&hellip;]<\/p>\n","protected":false},"author":5,"featured_media":0,"parent":104,"menu_order":3,"comment_status":"closed","ping_status":"closed","template":"","meta":{"_acf_changed":false,"give_campaign_id":0,"footnotes":""},"categories":[],"tags":[],"class_list":["post-116","page","type-page","status-publish","hentry"],"acf":[],"campaignId":"","_links":{"self":[{"href":"https:\/\/childcancer.org\/es\/wp-json\/wp\/v2\/pages\/116","targetHints":{"allow":["GET"]}}],"collection":[{"href":"https:\/\/childcancer.org\/es\/wp-json\/wp\/v2\/pages"}],"about":[{"href":"https:\/\/childcancer.org\/es\/wp-json\/wp\/v2\/types\/page"}],"author":[{"embeddable":true,"href":"https:\/\/childcancer.org\/es\/wp-json\/wp\/v2\/users\/5"}],"replies":[{"embeddable":true,"href":"https:\/\/childcancer.org\/es\/wp-json\/wp\/v2\/comments?post=116"}],"version-history":[{"count":0,"href":"https:\/\/childcancer.org\/es\/wp-json\/wp\/v2\/pages\/116\/revisions"}],"up":[{"embeddable":true,"href":"https:\/\/childcancer.org\/es\/wp-json\/wp\/v2\/pages\/104"}],"wp:attachment":[{"href":"https:\/\/childcancer.org\/es\/wp-json\/wp\/v2\/media?parent=116"}],"wp:term":[{"taxonomy":"category","embeddable":true,"href":"https:\/\/childcancer.org\/es\/wp-json\/wp\/v2\/categories?post=116"},{"taxonomy":"post_tag","embeddable":true,"href":"https:\/\/childcancer.org\/es\/wp-json\/wp\/v2\/tags?post=116"}],"curies":[{"name":"palabra clave","href":"https:\/\/api.w.org\/{rel}","templated":true}]}}