{"id":112,"date":"2016-12-01T01:34:43","date_gmt":"2016-12-01T01:34:43","guid":{"rendered":"http:\/\/krm.dmsdevsite.com\/?page_id=112"},"modified":"2019-07-17T21:49:07","modified_gmt":"2019-07-17T21:49:07","slug":"family-ambassadors","status":"publish","type":"page","link":"https:\/\/childcancer.org\/es\/family-ambassadors\/","title":{"rendered":"Embajadores familiares"},"content":{"rendered":"<h2>\u00a1Las voces de muchos que pelean una batalla todos los d\u00edas que ning\u00fan ni\u00f1o o familia deber\u00eda enfrentar!<\/h2>\n<p>Como organizaci\u00f3n, buscamos a nuestros valientes ni\u00f1os y sus familias para que representen a la Alianza contra el C\u00e1ncer Infantil de Keaton y compartan sus historias como un recordatorio de que el c\u00e1ncer infantil a\u00fan no est\u00e1 derrotado, \u00a1pero se puede combatir y vencer! Sus historias son una inspiraci\u00f3n para nosotros, nuestros socios, voluntarios, miembros de la junta y simpatizantes no solo para crear conciencia, sino tambi\u00e9n para tomar medidas y marcar la diferencia para los ni\u00f1os con c\u00e1ncer.<\/p>\n<p>\u00bfEst\u00e1 interesado en compartir la historia de su hijo y convertirse en la voz de todos los ni\u00f1os? Contactanos en <a href=\"mailto: jessica.alonso@childcancer.org\" target=\"_blank\" rel=\"noopener noreferrer\"> jessica.alonso@childcancer.org<\/a> o 916.786.6786<\/p>","protected":false},"excerpt":{"rendered":"<p>The voices of many who fight a battle every day no child or family should ever have to take on! As an organization we look to our brave kids and [&hellip;]<\/p>\n","protected":false},"author":5,"featured_media":0,"parent":0,"menu_order":1,"comment_status":"closed","ping_status":"closed","template":"","meta":{"_acf_changed":false,"give_campaign_id":0,"footnotes":""},"categories":[],"tags":[],"class_list":["post-112","page","type-page","status-publish","hentry"],"acf":[],"campaignId":"","_links":{"self":[{"href":"https:\/\/childcancer.org\/es\/wp-json\/wp\/v2\/pages\/112","targetHints":{"allow":["GET"]}}],"collection":[{"href":"https:\/\/childcancer.org\/es\/wp-json\/wp\/v2\/pages"}],"about":[{"href":"https:\/\/childcancer.org\/es\/wp-json\/wp\/v2\/types\/page"}],"author":[{"embeddable":true,"href":"https:\/\/childcancer.org\/es\/wp-json\/wp\/v2\/users\/5"}],"replies":[{"embeddable":true,"href":"https:\/\/childcancer.org\/es\/wp-json\/wp\/v2\/comments?post=112"}],"version-history":[{"count":0,"href":"https:\/\/childcancer.org\/es\/wp-json\/wp\/v2\/pages\/112\/revisions"}],"wp:attachment":[{"href":"https:\/\/childcancer.org\/es\/wp-json\/wp\/v2\/media?parent=112"}],"wp:term":[{"taxonomy":"category","embeddable":true,"href":"https:\/\/childcancer.org\/es\/wp-json\/wp\/v2\/categories?post=112"},{"taxonomy":"post_tag","embeddable":true,"href":"https:\/\/childcancer.org\/es\/wp-json\/wp\/v2\/tags?post=112"}],"curies":[{"name":"palabra clave","href":"https:\/\/api.w.org\/{rel}","templated":true}]}}