{"id":11131,"date":"2022-08-21T11:35:23","date_gmt":"2022-08-21T18:35:23","guid":{"rendered":"https:\/\/kcca.tabercreative.com\/?page_id=11131"},"modified":"2022-08-21T11:35:23","modified_gmt":"2022-08-21T18:35:23","slug":"enjoy-the-benefits-of-playing-a-slot-machine-online","status":"publish","type":"page","link":"https:\/\/childcancer.org\/es\/enjoy-the-benefits-of-playing-a-slot-machine-online\/","title":{"rendered":"Disfrute de los beneficios de jugar en una m\u00e1quina tragamonedas en l\u00ednea"},"content":{"rendered":"<p>Puede disfrutar de los numerosos beneficios de jugar a las m\u00e1quinas tragamonedas en l\u00ednea aprendiendo algunas cosas sobre ellas. Obtenga m\u00e1s informaci\u00f3n sobre los multiplicadores, as\u00ed como sobre los Logros y los Jackpots.\n<\/p>\n<h2>multiplicadores<br \/>\n<\/h2>\n<p>Los multiplicadores son s\u00edmbolos que aumentan sus pagos si gana ciertas combinaciones. El creador de la m\u00e1quina determina el multiplicador y puede ser cualquier valor que elijas. Para activar los multiplicadores, deber\u00e1s completar cada nivel. Debes jugar en una m\u00e1quina tragamonedas con m\u00faltiples recompensas para aprovechar al m\u00e1ximo los multiplicadores. Aqu\u00ed hay algunos consejos para maximizar los pagos del multiplicador.\n<\/p>\n<p>Un multiplicador funciona multiplicando sus ganancias en el juego normal o en una ronda de bonificaci\u00f3n. Es com\u00fan ver multiplicadores en rondas de bonificaci\u00f3n y giros gratis. Estos s\u00edmbolos pueden brindarle una emoci\u00f3n adicional y crear una experiencia diferente a la de un juego est\u00e1ndar. Existen varios tipos de multiplicadores y podr\u00e1s localizar uno que se ajuste a tus necesidades. Hay muchas maneras de aumentar el multiplicador. Antes de comenzar a jugar, es importante comprender los s\u00edmbolos de los s\u00edmbolos multiplicadores.\n<\/p>\n<h2>logros<br \/>\n<\/h2>\n<p>Para obtener un &quot;puntaje alto&quot; para obtener un &quot;puntaje alto&quot;, <a href=\"https:\/\/sportando.basketball\/lista-dei-10-migliori-casino-online-in-italia-tutto-sugli-attuali-bonus\/\">bono de casino siti<\/a> el jugador debe jugar en una m\u00e1quina tragamonedas en particular. Un ejemplo es la m\u00e1quina tragamonedas con jackpot progresivo. Este tipo de m\u00e1quinas tragamonedas se distingue por un tema que cambia cada cuatro a\u00f1os, seg\u00fan la temporada. Solo hay una m\u00e1quina disponible en cada momento. Este juego es muy apreciado por los jugadores de tragamonedas en l\u00ednea. Pero es mejor no esperar un multiplicador de pago alto si est\u00e1 jugando este tipo de m\u00e1quina tragamonedas.\n<\/p>\n<p>Cuando un jugador gana el pago, el jugador recibir\u00e1 un mensaje multimedia que se mostrar\u00e1. Se mostrar\u00e1 el nombre de la combinaci\u00f3n ganadora y un premio. Aunque la cantidad de dinero otorgada diferir\u00e1 seg\u00fan la m\u00e1quina que se utilice, existen ciertas reglas. Un jugador puede recibir cr\u00e9ditos de bonificaci\u00f3n una vez que haya completado un nivel. Sin embargo, estos est\u00e1n sujetos a requisitos de apuesta. Para evitar esto, los jugadores deben ponerse en contacto con el soporte en caso de que no quieran obtener el bono.\n<\/p>\n<h2>botes<br \/>\n<\/h2>\n<p>El juego en l\u00ednea es ahora una forma de juego muy popular y las tragamonedas con jackpot son una de las m\u00e1s populares. Muchos jugadores buscan una forma simple y r\u00e1pida de ganar dinero. Algunos jugadores compran software dudoso y otras estrategias que descubren en Ebooks para hacerlo m\u00e1s f\u00e1cil. Suelen tener muchas p\u00e9rdidas. Aqu\u00ed hay algunos consejos que pueden ayudarlo a aumentar sus posibilidades de ganar en grande en las tragamonedas:\n<\/p>\n<p>Para maximizar sus posibilidades de alcanzar una cantidad que pueda ganar, el primer paso es determinar la apuesta m\u00e1xima por tirada. Debido a los numerosos factores involucrados, esto es vital. Adem\u00e1s, los jugadores deben tener en cuenta que los premios mayores pueden cambiar con frecuencia, lo que aumenta la probabilidad de que se les gane un gran premio. Los jugadores tambi\u00e9n deben tener cuidado con los botes progresivos que son inferiores al nivel m\u00ednimo. Los jugadores supersticiosos creen que la pr\u00f3xima gran victoria no se obtendr\u00e1 hasta que se reponga el premio mayor.\n<\/p>\n<h2>Retorno al jugador (RTP)<br \/>\n<\/h2>\n<p>Cuanto mayor sea el porcentaje de retorno al jugador (RTP), mejor ser\u00e1 para ti jugar en las m\u00e1quinas tragamonedas. Si est\u00e1 jugando durante el tiempo suficiente, el juego con un RTP extremadamente alto podr\u00eda dar como resultado que el premio mayor sea $90. El RTP para cada sesi\u00f3n puede oscilar entre 10 y 130%. Si su porcentaje de retorno al jugador es inferior al 80 por ciento, podr\u00eda tener problemas para activar bonos o perder dinero en giros muertos.\n<\/p>\n<p>La frecuencia de aciertos es un indicador del RTP de una m\u00e1quina. Este es un indicador de la frecuencia con la que un jugador ganar\u00e1 una cantidad espec\u00edfica por giro. Por lo general, una frecuencia de aciertos del 8 por ciento indica que habr\u00e1 ocho ganancias por cada cien giros. Si bien los porcentajes de RTP pueden variar seg\u00fan el tipo de juego, el software y las l\u00edneas de pago, todos pueden usarse como gu\u00eda.\n<\/p>\n<h2>Casinos que ofrecen dinero real<br \/>\n<\/h2>\n<p>Las tragamonedas con dinero real se encuentran entre los juegos de casino m\u00e1s populares en Internet. Son divertidas de jugar y las m\u00e1quinas tragamonedas con dinero real tienen el mejor potencial de pago. Puede obtener grandes ganancias con tragamonedas de alta varianza, aunque sean las m\u00e1s riesgosas. Las tragamonedas con poca variaci\u00f3n tienen m\u00e1s probabilidades de ganar. Los mejores casinos en l\u00ednea que funcionan con dinero real con tragamonedas tienen una amplia gama de juegos, incluidas m\u00e1s de 100 de las tragamonedas mejor pagadas. Sin embargo, esto no significa que las tragamonedas gratis sean in\u00fatiles. Hay muchas formas de ganar a lo grande, lo que incluye giros gratis y botes progresivos.\n<\/p>\n<p>Hay muchos casinos en l\u00ednea que ofrecen m\u00e1quinas tragamonedas con dinero real en los Estados Unidos. La mayor\u00eda de ellos se encuentran en estados que han legalizado en l\u00ednea <a href=\"https:\/\/www.outlookindia.com\/outlook-spotlight\/the-best-10-online-casinos-to-play-in-india-special-offers-bonuses-news-215726\">mejores casinos en l\u00ednea<\/a> juego. Los mejores se est\u00e1n expandiendo a nuevos estados, mientras que los m\u00e1s antiguos se est\u00e1n cerrando. Hay mucha competencia entre las marcas en Pennsylvania, NJ. MI. CT, CT, WV. Tambi\u00e9n puede jugar en uno de los casinos de sorteos si vive en uno de estos estados.<\/p>","protected":false},"excerpt":{"rendered":"<p>You can enjoy the numerous benefits of playing online slot machines by learning a few things about them. Learn more about multipliers as well as Achievements and Jackpots. Multipliers Multipliers [&hellip;]<\/p>\n","protected":false},"author":5,"featured_media":0,"parent":0,"menu_order":0,"comment_status":"closed","ping_status":"closed","template":"","meta":{"_acf_changed":false,"give_campaign_id":0,"footnotes":""},"categories":[],"tags":[],"class_list":["post-11131","page","type-page","status-publish","hentry"],"acf":[],"campaignId":"","_links":{"self":[{"href":"https:\/\/childcancer.org\/es\/wp-json\/wp\/v2\/pages\/11131","targetHints":{"allow":["GET"]}}],"collection":[{"href":"https:\/\/childcancer.org\/es\/wp-json\/wp\/v2\/pages"}],"about":[{"href":"https:\/\/childcancer.org\/es\/wp-json\/wp\/v2\/types\/page"}],"author":[{"embeddable":true,"href":"https:\/\/childcancer.org\/es\/wp-json\/wp\/v2\/users\/5"}],"replies":[{"embeddable":true,"href":"https:\/\/childcancer.org\/es\/wp-json\/wp\/v2\/comments?post=11131"}],"version-history":[{"count":0,"href":"https:\/\/childcancer.org\/es\/wp-json\/wp\/v2\/pages\/11131\/revisions"}],"wp:attachment":[{"href":"https:\/\/childcancer.org\/es\/wp-json\/wp\/v2\/media?parent=11131"}],"wp:term":[{"taxonomy":"category","embeddable":true,"href":"https:\/\/childcancer.org\/es\/wp-json\/wp\/v2\/categories?post=11131"},{"taxonomy":"post_tag","embeddable":true,"href":"https:\/\/childcancer.org\/es\/wp-json\/wp\/v2\/tags?post=11131"}],"curies":[{"name":"palabra clave","href":"https:\/\/api.w.org\/{rel}","templated":true}]}}