{"id":110,"date":"2016-12-01T01:34:18","date_gmt":"2016-12-01T01:34:18","guid":{"rendered":"http:\/\/krm.dmsdevsite.com\/?page_id=110"},"modified":"2019-01-28T22:06:33","modified_gmt":"2019-01-28T22:06:33","slug":"bereavement-support","status":"publish","type":"page","link":"https:\/\/childcancer.org\/es\/family-navigator\/services\/bereavement-support\/","title":{"rendered":"Apoyo de duelo"},"content":{"rendered":"<p>Child Cancer Alliance de Keaton est\u00e1 comprometida con un duelo saludable y comprende la devastaci\u00f3n que la p\u00e9rdida de un ni\u00f1o precioso puede tener para toda la familia. Proporcionamos libros y recursos de duelo apropiados para todos los miembros de la familia. La informaci\u00f3n se coloca en un &quot;Estuche de recuerdos&quot; de madera hecho a mano en el que los miembros de la familia pueden guardar sus preciados recuerdos. Nuestro Family Navigator proporciona recursos adicionales y apoyo a la familia asegur\u00e1ndoles que no est\u00e1n solos en su proceso de duelo.<\/p>","protected":false},"excerpt":{"rendered":"<p>Keaton&#8217;s Child Cancer Alliance is committed to healthy grieving and understands the devastation that losing a precious child can have on the entire family. We provide appropriate bereavement books and [&hellip;]<\/p>\n","protected":false},"author":5,"featured_media":0,"parent":102,"menu_order":3,"comment_status":"closed","ping_status":"closed","template":"","meta":{"_acf_changed":false,"give_campaign_id":0,"footnotes":""},"categories":[],"tags":[],"class_list":["post-110","page","type-page","status-publish","hentry"],"acf":[],"campaignId":"","_links":{"self":[{"href":"https:\/\/childcancer.org\/es\/wp-json\/wp\/v2\/pages\/110","targetHints":{"allow":["GET"]}}],"collection":[{"href":"https:\/\/childcancer.org\/es\/wp-json\/wp\/v2\/pages"}],"about":[{"href":"https:\/\/childcancer.org\/es\/wp-json\/wp\/v2\/types\/page"}],"author":[{"embeddable":true,"href":"https:\/\/childcancer.org\/es\/wp-json\/wp\/v2\/users\/5"}],"replies":[{"embeddable":true,"href":"https:\/\/childcancer.org\/es\/wp-json\/wp\/v2\/comments?post=110"}],"version-history":[{"count":0,"href":"https:\/\/childcancer.org\/es\/wp-json\/wp\/v2\/pages\/110\/revisions"}],"up":[{"embeddable":true,"href":"https:\/\/childcancer.org\/es\/wp-json\/wp\/v2\/pages\/102"}],"wp:attachment":[{"href":"https:\/\/childcancer.org\/es\/wp-json\/wp\/v2\/media?parent=110"}],"wp:term":[{"taxonomy":"category","embeddable":true,"href":"https:\/\/childcancer.org\/es\/wp-json\/wp\/v2\/categories?post=110"},{"taxonomy":"post_tag","embeddable":true,"href":"https:\/\/childcancer.org\/es\/wp-json\/wp\/v2\/tags?post=110"}],"curies":[{"name":"palabra clave","href":"https:\/\/api.w.org\/{rel}","templated":true}]}}