{"id":108,"date":"2016-12-01T01:33:58","date_gmt":"2016-12-01T01:33:58","guid":{"rendered":"http:\/\/krm.dmsdevsite.com\/?page_id=108"},"modified":"2019-01-28T22:06:33","modified_gmt":"2019-01-28T22:06:33","slug":"end-of-therapy-celebrations","status":"publish","type":"page","link":"https:\/\/childcancer.org\/es\/family-navigator\/services\/end-of-therapy-celebrations\/","title":{"rendered":"Celebraciones de fin de terapia"},"content":{"rendered":"<h2>La Alianza contra el C\u00e1ncer Infantil de Keaton se asoci\u00f3 con el Centro M\u00e9dico UC Davis (Centro Pedi\u00e1trico) para celebrar el fin de la terapia de los ni\u00f1os.<\/h2>\n<p>Para los ni\u00f1os que enfrentan el proceso largo, agotador y a menudo doloroso de luchar contra el c\u00e1ncer en el hospital, hay un rayo de esperanza y luz al final del t\u00fanel ~ y un\u00a0<i>Celebraci\u00f3n del fin de la terapia<\/i>. La fase de tratamiento ha terminado y es un paso importante en el proceso tomarse el tiempo para disfrutar de este hito y debe ser reconocido. \u00a1Los m\u00e9dicos, las enfermeras, SW y nuestro Family Navigator, todos los que tienen interacciones diarias con los ni\u00f1os, est\u00e1n presentes para disfrutar de un pastel o pastelitos especialmente decorados!<\/p>\n<p>Si est\u00e1 interesado en llevar sus dulces habilidades a nuestros ni\u00f1os, comun\u00edquese con Jessica Alonso o Sarah Perry al 916.784.6786 o env\u00ede un correo electr\u00f3nico\u00a0<a href=\"mailto:programs@childcancer.org\" target=\"_blank\" rel=\"noopener\">programs@childcancer.org<\/a><\/p>\n<p>&nbsp;<\/p>","protected":false},"excerpt":{"rendered":"<p>Keaton&#8217;s Child Cancer Alliance Has Partnered with UC Davis Medical Center (Pediatric Center) to Celebrate Children\u2019s End of Therapy. For children facing the long, grueling and often painful process of [&hellip;]<\/p>\n","protected":false},"author":5,"featured_media":0,"parent":102,"menu_order":2,"comment_status":"closed","ping_status":"closed","template":"","meta":{"_acf_changed":false,"give_campaign_id":0,"footnotes":""},"categories":[],"tags":[],"class_list":["post-108","page","type-page","status-publish","hentry"],"acf":[],"campaignId":"","_links":{"self":[{"href":"https:\/\/childcancer.org\/es\/wp-json\/wp\/v2\/pages\/108","targetHints":{"allow":["GET"]}}],"collection":[{"href":"https:\/\/childcancer.org\/es\/wp-json\/wp\/v2\/pages"}],"about":[{"href":"https:\/\/childcancer.org\/es\/wp-json\/wp\/v2\/types\/page"}],"author":[{"embeddable":true,"href":"https:\/\/childcancer.org\/es\/wp-json\/wp\/v2\/users\/5"}],"replies":[{"embeddable":true,"href":"https:\/\/childcancer.org\/es\/wp-json\/wp\/v2\/comments?post=108"}],"version-history":[{"count":0,"href":"https:\/\/childcancer.org\/es\/wp-json\/wp\/v2\/pages\/108\/revisions"}],"up":[{"embeddable":true,"href":"https:\/\/childcancer.org\/es\/wp-json\/wp\/v2\/pages\/102"}],"wp:attachment":[{"href":"https:\/\/childcancer.org\/es\/wp-json\/wp\/v2\/media?parent=108"}],"wp:term":[{"taxonomy":"category","embeddable":true,"href":"https:\/\/childcancer.org\/es\/wp-json\/wp\/v2\/categories?post=108"},{"taxonomy":"post_tag","embeddable":true,"href":"https:\/\/childcancer.org\/es\/wp-json\/wp\/v2\/tags?post=108"}],"curies":[{"name":"palabra clave","href":"https:\/\/api.w.org\/{rel}","templated":true}]}}