{"id":10622,"date":"2017-05-31T20:36:09","date_gmt":"2017-05-31T20:36:09","guid":{"rendered":"http:\/\/krm.dmsdevsite.com\/?page_id=4286"},"modified":"2017-05-31T20:36:09","modified_gmt":"2017-05-31T20:36:09","slug":"become-a-sponsor-2","status":"publish","type":"page","link":"https:\/\/childcancer.org\/es\/get-involved\/sponsors\/become-a-sponsor-2\/","title":{"rendered":"Convi\u00e9rtete en patrocinador"},"content":{"rendered":"<p class=\"p3\"><span class=\"s1\">Los patrocinios brindan la oportunidad perfecta para que su empresa u organizaci\u00f3n se asocie con Child Cancer Alliance de Keaton y ayude a los ni\u00f1os que luchan contra el c\u00e1ncer ya sus familias durante el momento m\u00e1s dif\u00edcil de su vida. Como padrino, brindas la esperanza, la fortaleza y la curaci\u00f3n que tanto necesitan los ni\u00f1os que luchan contra el c\u00e1ncer.<\/span><\/p>\n<p class=\"p3\"><span class=\"s1\">Cada a\u00f1o, los patrocinios est\u00e1n disponibles para eventos familiares y de recaudaci\u00f3n de fondos espec\u00edficos. O eche un vistazo a convertirse en un socio anual. Child Cancer Alliance de Keaton reconoce con orgullo a las empresas asociadas en eventos, en el sitio web, en las redes sociales y en los medios impresos, y destaca su contribuci\u00f3n de muchas maneras.<\/span><\/p>\n<p class=\"p4\"><span class=\"s1\">Para m\u00e1s informaci\u00f3n llame a Jessica Alonso al 916.757.6134 o env\u00edele un correo electr\u00f3nico a <a href=\"mailto:Jessica.alonso@childcancer.org\" target=\"_blank\" rel=\"noopener noreferrer\" data-auth=\"NotApplicable\">Jessica.Alonso@ChildCancer.org<\/a>.<\/span><\/p>\n<p>&nbsp;<\/p>","protected":false},"excerpt":{"rendered":"<p>Sponsorships provide the perfect opportunity for your company or organization to partner with Keaton&#8217;s Child Cancer Alliance and help children battling cancer and their families during the most difficult time [&hellip;]<\/p>\n","protected":false},"author":5,"featured_media":0,"parent":180,"menu_order":1,"comment_status":"closed","ping_status":"closed","template":"","meta":{"_acf_changed":false,"give_campaign_id":0,"footnotes":""},"categories":[],"tags":[],"class_list":["post-10622","page","type-page","status-publish","hentry"],"acf":[],"campaignId":"","_links":{"self":[{"href":"https:\/\/childcancer.org\/es\/wp-json\/wp\/v2\/pages\/10622","targetHints":{"allow":["GET"]}}],"collection":[{"href":"https:\/\/childcancer.org\/es\/wp-json\/wp\/v2\/pages"}],"about":[{"href":"https:\/\/childcancer.org\/es\/wp-json\/wp\/v2\/types\/page"}],"author":[{"embeddable":true,"href":"https:\/\/childcancer.org\/es\/wp-json\/wp\/v2\/users\/5"}],"replies":[{"embeddable":true,"href":"https:\/\/childcancer.org\/es\/wp-json\/wp\/v2\/comments?post=10622"}],"version-history":[{"count":0,"href":"https:\/\/childcancer.org\/es\/wp-json\/wp\/v2\/pages\/10622\/revisions"}],"up":[{"embeddable":true,"href":"https:\/\/childcancer.org\/es\/wp-json\/wp\/v2\/pages\/180"}],"wp:attachment":[{"href":"https:\/\/childcancer.org\/es\/wp-json\/wp\/v2\/media?parent=10622"}],"wp:term":[{"taxonomy":"category","embeddable":true,"href":"https:\/\/childcancer.org\/es\/wp-json\/wp\/v2\/categories?post=10622"},{"taxonomy":"post_tag","embeddable":true,"href":"https:\/\/childcancer.org\/es\/wp-json\/wp\/v2\/tags?post=10622"}],"curies":[{"name":"palabra clave","href":"https:\/\/api.w.org\/{rel}","templated":true}]}}