{"id":10621,"date":"2016-12-01T16:55:41","date_gmt":"2016-12-01T16:55:41","guid":{"rendered":"http:\/\/krm.dmsdevsite.com\/?page_id=184"},"modified":"2016-12-01T16:55:41","modified_gmt":"2016-12-01T16:55:41","slug":"donate","status":"publish","type":"page","link":"https:\/\/childcancer.org\/es\/get-involved\/donate\/","title":{"rendered":"Donar"},"content":{"rendered":"<h1>\u00bfPor qu\u00e9 dar?<\/h1>\n<p>El c\u00e1ncer infantil sigue siendo la enfermedad mortal #1 de nuestros ni\u00f1os. Cada d\u00eda, las familias se enfrentan a los impactos emocionales y financieros de esta horrible enfermedad y conf\u00edan en organizaciones locales como Keaton Raphael Memorial para recibir ayuda. En promedio, una familia cuyo hijo tiene c\u00e1ncer puede esperar pagar aproximadamente $50,000 por gastos de bolsillo durante el curso del tratamiento de su hijo.<\/p>\n<h3>\u00a1Maneras de dar y c\u00f3mo puede ayudar!<\/h3>\n<p>Hay varias maneras en que puede ayudar. Su generosidad tendr\u00e1 un impacto directo en las vidas de los ni\u00f1os locales con c\u00e1ncer y sus familias. Ver nuestro <a href=\"https:\/\/childcancer.org\/assets\/Wish-List.pdf\" target=\"_blank\" rel=\"noopener noreferrer\">Lista de deseos<\/a>\u00a0para los art\u00edculos que se necesitan durante todo el a\u00f1o para ayudar a llenar un cofre de esperanza para cada ni\u00f1o que lucha contra el c\u00e1ncer y su familia.<\/p>\n<h3>Programas de Caridad<\/h3>\n<p>Aceptamos con gratitud donaciones de acciones, p\u00f3lizas de seguro de vida, fideicomisos caritativos remanentes, anualidades de regalo o un legado caritativo en un testamento o fideicomiso. P\u00f3ngase en contacto con nosotros para m\u00e1s detalles.<\/p>\n<h3>Fideicomisos ben\u00e9ficos remanentes<\/h3>\n<p>Una opci\u00f3n efectiva y popular para las personas que desean dejar un legado duradero a su organizaci\u00f3n ben\u00e9fica favorita y obtener varios beneficios financieros al mismo tiempo es el fideicomiso de remanente de caridad. A cambio de una futura donaci\u00f3n a la caridad, el fideicomiso caritativo restante le brinda varios beneficios fiscales y econ\u00f3micos. Los activos del fideicomiso eventualmente pasan a la caridad, no a su familia. Trabaje con sus asesores fiscales y legales para que un fideicomiso ben\u00e9fico remanente, o cualquier otra estrategia de donaci\u00f3n de fin de a\u00f1o, se ajuste a su plan patrimonial general.<\/p>\n<p>El Keaton Raphael Memorial es una organizaci\u00f3n sin fines de lucro 501c3, identificaci\u00f3n fiscal 68-0406980 y socio certificado de United Way #11669<\/p>","protected":false},"excerpt":{"rendered":"<p>Why Give? Childhood cancer still remains the #1 disease-killer of our children. Each day families are faced with the emotional and financial impacts of this horrific disease and they rely [&hellip;]<\/p>\n","protected":false},"author":5,"featured_media":0,"parent":29,"menu_order":5,"comment_status":"closed","ping_status":"closed","template":"","meta":{"_acf_changed":false,"give_campaign_id":0,"footnotes":""},"categories":[],"tags":[],"class_list":["post-10621","page","type-page","status-publish","hentry"],"acf":[],"campaignId":"","_links":{"self":[{"href":"https:\/\/childcancer.org\/es\/wp-json\/wp\/v2\/pages\/10621","targetHints":{"allow":["GET"]}}],"collection":[{"href":"https:\/\/childcancer.org\/es\/wp-json\/wp\/v2\/pages"}],"about":[{"href":"https:\/\/childcancer.org\/es\/wp-json\/wp\/v2\/types\/page"}],"author":[{"embeddable":true,"href":"https:\/\/childcancer.org\/es\/wp-json\/wp\/v2\/users\/5"}],"replies":[{"embeddable":true,"href":"https:\/\/childcancer.org\/es\/wp-json\/wp\/v2\/comments?post=10621"}],"version-history":[{"count":0,"href":"https:\/\/childcancer.org\/es\/wp-json\/wp\/v2\/pages\/10621\/revisions"}],"up":[{"embeddable":true,"href":"https:\/\/childcancer.org\/es\/wp-json\/wp\/v2\/pages\/29"}],"wp:attachment":[{"href":"https:\/\/childcancer.org\/es\/wp-json\/wp\/v2\/media?parent=10621"}],"wp:term":[{"taxonomy":"category","embeddable":true,"href":"https:\/\/childcancer.org\/es\/wp-json\/wp\/v2\/categories?post=10621"},{"taxonomy":"post_tag","embeddable":true,"href":"https:\/\/childcancer.org\/es\/wp-json\/wp\/v2\/tags?post=10621"}],"curies":[{"name":"palabra clave","href":"https:\/\/api.w.org\/{rel}","templated":true}]}}