{"id":10620,"date":"2016-12-01T16:52:16","date_gmt":"2016-12-01T16:52:16","guid":{"rendered":"http:\/\/krm.dmsdevsite.com\/?page_id=176"},"modified":"2016-12-01T16:52:16","modified_gmt":"2016-12-01T16:52:16","slug":"volunteers-2","status":"publish","type":"page","link":"https:\/\/childcancer.org\/es\/get-involved\/volunteers-2\/","title":{"rendered":"voluntarios"},"content":{"rendered":"<div class=\"wpb-content-wrapper\"><div class=\"vc_row wpb_row vc_row-fluid\"><div class=\"wpb_column vc_column_container vc_col-sm-12\"><div class=\"vc_column-inner\"><div class=\"wpb_wrapper\">\n\t<div class=\"wpb_text_column wpb_content_element\" >\n\t\t<div class=\"wpb_wrapper\">\n\t\t\t<div class=\"page-header\">\n<h1>Nuestros voluntarios de Keaton&#039;s Child Cancer Alliance contin\u00faan marcando la diferencia para los ni\u00f1os. Estamos abrumados por su generosidad de tiempo y esp\u00edritu en nuestra b\u00fasqueda para ayudar a las familias durante el proceso de c\u00e1ncer de sus hijos.<\/h1>\n<\/div>\n<h2>\u00a1Los voluntarios son la luz de la ESPERANZA!<\/h2>\n<p>Hay varias oportunidades para aprovechar su tiempo, talentos y habilidades.<\/p>\n<p>Los eventos especiales, la asistencia en la oficina, los programas y los proyectos siempre necesitan voluntarios.<\/p>\n<p>Oportunidades de pasantes universitarios disponibles seg\u00fan las necesidades. (*no pagado)<\/p>\n<p>Cont\u00e1ctenos y llene el <a title=\"Formulario de Voluntariado\" href=\"https:\/\/childcancer.org\/es\/get-involved\/volunteers\/volunteer-form\/\" target=\"_blank\" rel=\"noopener noreferrer\">Solicitud de voluntariado<\/a> \u00a1para que podamos ayudar a que su experiencia como voluntario con nosotros sea una coincidencia significativa! Le agradecemos por pensar en nuestra organizaci\u00f3n para compartir con usted.<\/p>\n\n\t\t<\/div>\n\t<\/div>\n<\/div><\/div><\/div><\/div><div class=\"vc_row wpb_row vc_row-fluid\"><div class=\"wpb_column vc_column_container vc_col-sm-4\"><div class=\"vc_column-inner\"><div class=\"wpb_wrapper\">\n\t<div class=\"wpb_text_column wpb_content_element\" >\n\t\t<div class=\"wpb_wrapper\">\n\t\t\t<p>Informaci\u00f3n del contacto:<\/p>\n<p><strong>Coordinador de Voluntarios de Keaton<\/strong><\/p>\n<p>Tel\u00e9fono: 916.784.6786<\/p>\n<p>Fax: 916.784.3384<br \/>\nCorreo electr\u00f3nico: <a href=\"mailto:volunteer@childcancer.org\" target=\"_blank\" rel=\"noopener noreferrer\" data-auth=\"NotApplicable\">volunteer@childcancer.org<\/a><\/p>\n\n\t\t<\/div>\n\t<\/div>\n<\/div><\/div><\/div><div class=\"wpb_column vc_column_container vc_col-sm-4\"><div class=\"vc_column-inner\"><div class=\"wpb_wrapper\"><div class=\"vc_btn3-container vc_btn3-center vc_do_btn\" ><a class=\"vc_general vc_btn3 vc_btn3-size-md vc_btn3-shape-rounded vc_btn3-style-outline vc_btn3-color-primary\" href=\"https:\/\/signup.com\/go\/QJRELwa\" title=\"\" target=\"_blank\">Oportunidades generales de voluntariado<\/a><\/div><\/div><\/div><\/div><div class=\"wpb_column vc_column_container vc_col-sm-4\"><div class=\"vc_column-inner\"><div class=\"wpb_wrapper\"><\/div><\/div><\/div><\/div>\n<\/div>","protected":false},"excerpt":{"rendered":"Our Keaton's Child Cancer Alliance volunteers continue to make a difference for children.\u00a0 We are overwhelmed by your generosity of time and spirit in our quest to help families during [...]","protected":false},"author":5,"featured_media":0,"parent":29,"menu_order":1,"comment_status":"closed","ping_status":"closed","template":"","meta":{"_acf_changed":false,"give_campaign_id":0,"footnotes":""},"categories":[],"tags":[],"class_list":["post-10620","page","type-page","status-publish","hentry"],"acf":[],"campaignId":"","_links":{"self":[{"href":"https:\/\/childcancer.org\/es\/wp-json\/wp\/v2\/pages\/10620","targetHints":{"allow":["GET"]}}],"collection":[{"href":"https:\/\/childcancer.org\/es\/wp-json\/wp\/v2\/pages"}],"about":[{"href":"https:\/\/childcancer.org\/es\/wp-json\/wp\/v2\/types\/page"}],"author":[{"embeddable":true,"href":"https:\/\/childcancer.org\/es\/wp-json\/wp\/v2\/users\/5"}],"replies":[{"embeddable":true,"href":"https:\/\/childcancer.org\/es\/wp-json\/wp\/v2\/comments?post=10620"}],"version-history":[{"count":0,"href":"https:\/\/childcancer.org\/es\/wp-json\/wp\/v2\/pages\/10620\/revisions"}],"up":[{"embeddable":true,"href":"https:\/\/childcancer.org\/es\/wp-json\/wp\/v2\/pages\/29"}],"wp:attachment":[{"href":"https:\/\/childcancer.org\/es\/wp-json\/wp\/v2\/media?parent=10620"}],"wp:term":[{"taxonomy":"category","embeddable":true,"href":"https:\/\/childcancer.org\/es\/wp-json\/wp\/v2\/categories?post=10620"},{"taxonomy":"post_tag","embeddable":true,"href":"https:\/\/childcancer.org\/es\/wp-json\/wp\/v2\/tags?post=10620"}],"curies":[{"name":"palabra clave","href":"https:\/\/api.w.org\/{rel}","templated":true}]}}