{"id":106,"date":"2016-12-01T01:33:41","date_gmt":"2016-12-01T01:33:41","guid":{"rendered":"http:\/\/krm.dmsdevsite.com\/?page_id=106"},"modified":"2019-05-08T19:11:29","modified_gmt":"2019-05-08T19:11:29","slug":"family-care-services","status":"publish","type":"page","link":"https:\/\/childcancer.org\/es\/family-navigator\/services\/family-care-services\/","title":{"rendered":"Servicios de atenci\u00f3n familiar"},"content":{"rendered":"<h2>Cuando una familia escucha las palabras \u201csu hijo tiene c\u00e1ncer\u201d, sus vidas dan un vuelco.<\/h2>\n<p>Family Navigator de Keaton&#039;s Child Cancer Alliance brinda a las familias la informaci\u00f3n, los recursos y la educaci\u00f3n necesarios para navegar las complejidades de su viaje contra el c\u00e1ncer infantil junto con un recurso para contactar para obtener apoyo emocional a trav\u00e9s del estr\u00e9s que el c\u00e1ncer puede generar en una familia.<\/p>\n<p>Cada familia referida recibe una caja de esperanza personalizada llena de una manta para acurrucarse personalizada, art\u00edculos informativos, libros relacionados con el c\u00e1ncer del ni\u00f1o, un diario, un gorro tejido a mano, una funda de almohada, libros de arteterapia, regalos para el ni\u00f1o y regalos para los hermanos. para que se les recuerde que son una parte importante del viaje de sus familias.<\/p>\n<p>Child Cancer Alliance de Keaton tambi\u00e9n proporciona subvenciones financieras a familias necesitadas, que son la mayor\u00eda de nuestras referencias. El costo total del &quot;Cofre de la esperanza&quot; completo es $750. En promedio, asistimos a 140 familias por a\u00f1o.<\/p>\n<h2>Lista de deseos del cofre de la esperanza<\/h2>\n<p>Durante todo el a\u00f1o se pueden realizar compras en nuestro <a href=\"https:\/\/childcancer.org\/assets\/Wish-List.pdf\">Lista de deseos<\/a><span style=\"color: #333399;\">\u00a0<\/span>para ayudar a llenar un cofre de esperanza para cada ni\u00f1o y su familia. Haga clic en Lista de deseos para obtener un PDF de la lista a continuaci\u00f3n y proporcione donaciones directamente a Child Cancer Alliance de Keaton en 2260 Douglas Blvd, Suite 140, Roseville, CA 95661 o llame al 916.784.6786 para obtener ayuda.<\/p>\n<ul>\n<li>Legos (mini packs para ni\u00f1os y ni\u00f1as) de 3 a 14 a\u00f1os<\/li>\n<li>Art\u00edculos educativos (de 0 a 18 a\u00f1os): Brain Quest, bingo, alfabeto\/n\u00fameros, tapetes de rompecabezas, Leap Frog, Vtech, Baby Einstein y juegos de cartas<\/li>\n<li>DVD con clasificaci\u00f3n G-PG13<\/li>\n<li>Abalorios, Sets de pintura, Sets de manualidades, Play-Doh<\/li>\n<li>Juegos de mesa familiares: Doodle Pro, Juegos: Monopoly, Candyland, Battleship, Operation, Memory, Connect 4, Perfection, Trouble, Cootie Board Game, Don&#039;t Spill the Beans, Elefun, Hungry Hungry Hippos, etc.<\/li>\n<li>Libros y Puzzles para ni\u00f1os y ni\u00f1as<\/li>\n<li>Libros para colorear, crayones (tama\u00f1o regular y jumbo), l\u00e1pices de colores, libros de acuarelas, conjuntos de actividades Crayola<\/li>\n<li>Blocs de bocetos para artistas, l\u00e1pices de arte, barras de carb\u00f3n, l\u00e1pices de grafito para ni\u00f1os y ni\u00f1as adolescentes<\/li>\n<li>Juguetes educativos y de desarrollo para beb\u00e9s, Cucharas para beb\u00e9s, Vasos para sorber<\/li>\n<li>Escribir diarios, bol\u00edgrafos<\/li>\n<li>Juegos de viaje para ni\u00f1os de cualquier edad.<\/li>\n<li>$5- $10 Tarjetas de regalo: Jamba Juice, Subway, Chipotle, Panda Express, Starbucks y otros restaurantes de comida r\u00e1pida<\/li>\n<li>Tarjetas de regalo: Arco, 76, Chevron, Shell, Win-Co, FoodMaxx, Safeway, Raley&#039;s, Walmart, Target, Amazon, iTunes<\/li>\n<li>Art\u00edculos de cuidado personal: desinfectante de manos, l\u00e1piz labial, loci\u00f3n sin perfume, toallitas higi\u00e9nicas, cepillo de dientes, pasta de dientes, champ\u00fa y acondicionador de tama\u00f1o de viaje, champ\u00fa seco<\/li>\n<\/ul>\n<p>Nuestras familias pasan mucho tiempo fuera de casa, viajando y estando en el hospital, por lo que todos estos elementos pueden ayudar a que su estad\u00eda en el hospital sea un poco agradable.<\/p>\n<h2>Mantas para acurrucarse<\/h2>\n<p>Algunas palabras de lo que ha hecho la manta para acurrucarse...<\/p>\n<p><em>\u201cTodav\u00eda tenemos una hermosa manta azul con el nombre de Jedidiah, \u00a1y dormimos debajo de ella todas las noches! Gracias.&quot;<\/em>\u2013 Madre de y \u00c1ngel<\/p>\n<p><em>\u201c\u00a1Le encant\u00f3 la manta! Cada vez que vamos al hospital, ella nos hace tomarlo para que podamos vestir su cama con \u00e9l.\u201d-\u00a0<\/em>Madre de un luchador<\/p>\n<p><em>\u201cSe aferra a \u00e9l durante sus citas. Le proporciona mucho consuelo.\u201d-\u00a0<\/em>Madre de un luchador<\/p>\n<p><em>\u201cGracias Keaton Raphael Memorial por la hermosa manta para acurrucarse que me envi\u00f3. \u00a1Comenzar\u00e9 mi cuarta ronda de quimioterapia en cualquier momento y me asegurar\u00e9 de llevar mi Snuggle Blanket conmigo! \u201d- <\/em>Un peque\u00f1o h\u00e9roe, Arielle<\/p>\n<h3>Medidas de la manta para acurrucarse terminada<\/h3>\n<p>Beb\u00e9- 3\u00d73 pies.<\/p>\n<p>3 a\u00f1os-10 a\u00f1os- 4.5\u00d74 pies.<\/p>\n<p>Adolescentes- 4\u00d75 pies.<\/p>\n<p>1. Las mantas se fabrican en tres tama\u00f1os para cuatro grupos de edad. Los colores\/estampados de la tela se eligen para combinar con cada ni\u00f1o.<\/p>\n<ul>\n<li>nacimiento \u2013 3 a\u00f1os 1 yarda<\/li>\n<li>4-10 a\u00f1os 1 \u00bd yardas<\/li>\n<li>11-18 a\u00f1os 2 yardas<\/li>\n<\/ul>\n<p>2. La tela es de vell\u00f3n a juego: parte superior estampada con espalda s\u00f3lida<\/p>\n<p>3. Coloque la tela en el piso, con los lados derechos juntos: Alise todas las arrugas (IMPORTANTE)<\/p>\n<p>4. Recorte los bordes de la parte superior\/espalda juntos, asegur\u00e1ndose de quitar todas las letras\/restos\/bordes torcidos<\/p>\n<p>5. Cosa con \u00bd\u201d de margen de costura. Deje una abertura de 6 pulgadas para girar del lado derecho hacia afuera.<\/p>\n<p>6. Gire a la derecha hacia afuera. Aseg\u00farese de tirar de las esquinas cuadradas.<\/p>\n<p>7. Enrolle los bordes de la abertura de 6 pulgadas para cerrarlos. Cosa con un margen de costura de 1\/8 pulg. para cerrar el agujero.<\/p>\n<p>8. Coloque alfileres alrededor de todos los bordes antes de coser un borde alrededor de toda la manta a 1-1 \u00bd pulgadas del borde. Aseg\u00farese de aplanar el borde de la frazada mientras cose el borde para que la parte superior e inferior queden al ras entre s\u00ed.<\/p>\n<p>\u00a1Gracias a nuestros fabulosos voluntarios que hacen mantas!<\/p>\n<p>&nbsp;<\/p>\n<h3><\/h3>","protected":false},"excerpt":{"rendered":"<p>When a family hears the words, \u201cyour child has cancer,\u201d their lives turn upside down. Keaton&#8217;s Child Cancer Alliance\u2019s Family Navigator provides families with the information, resources, and education necessary [&hellip;]<\/p>\n","protected":false},"author":5,"featured_media":0,"parent":102,"menu_order":1,"comment_status":"closed","ping_status":"closed","template":"","meta":{"_acf_changed":false,"give_campaign_id":0,"footnotes":""},"categories":[],"tags":[],"class_list":["post-106","page","type-page","status-publish","hentry"],"acf":[],"campaignId":"","_links":{"self":[{"href":"https:\/\/childcancer.org\/es\/wp-json\/wp\/v2\/pages\/106","targetHints":{"allow":["GET"]}}],"collection":[{"href":"https:\/\/childcancer.org\/es\/wp-json\/wp\/v2\/pages"}],"about":[{"href":"https:\/\/childcancer.org\/es\/wp-json\/wp\/v2\/types\/page"}],"author":[{"embeddable":true,"href":"https:\/\/childcancer.org\/es\/wp-json\/wp\/v2\/users\/5"}],"replies":[{"embeddable":true,"href":"https:\/\/childcancer.org\/es\/wp-json\/wp\/v2\/comments?post=106"}],"version-history":[{"count":0,"href":"https:\/\/childcancer.org\/es\/wp-json\/wp\/v2\/pages\/106\/revisions"}],"up":[{"embeddable":true,"href":"https:\/\/childcancer.org\/es\/wp-json\/wp\/v2\/pages\/102"}],"wp:attachment":[{"href":"https:\/\/childcancer.org\/es\/wp-json\/wp\/v2\/media?parent=106"}],"wp:term":[{"taxonomy":"category","embeddable":true,"href":"https:\/\/childcancer.org\/es\/wp-json\/wp\/v2\/categories?post=106"},{"taxonomy":"post_tag","embeddable":true,"href":"https:\/\/childcancer.org\/es\/wp-json\/wp\/v2\/tags?post=106"}],"curies":[{"name":"palabra clave","href":"https:\/\/api.w.org\/{rel}","templated":true}]}}