{"id":104,"date":"2016-12-01T01:33:11","date_gmt":"2016-12-01T01:33:11","guid":{"rendered":"http:\/\/krm.dmsdevsite.com\/?page_id=104"},"modified":"2019-07-22T19:09:08","modified_gmt":"2019-07-22T19:09:08","slug":"resources","status":"publish","type":"page","link":"https:\/\/childcancer.org\/es\/family-navigator\/resources\/","title":{"rendered":"Recursos"},"content":{"rendered":"<div class=\"wpb-content-wrapper\"><div class=\"vc_row wpb_row vc_row-fluid\"><div class=\"wpb_column vc_column_container vc_col-sm-12\"><div class=\"vc_column-inner\"><div class=\"wpb_wrapper\">\n\t<div class=\"wpb_text_column wpb_content_element\" >\n\t\t<div class=\"wpb_wrapper\">\n\t\t\t<p>Child Cancer Alliance de Keaton entiende cu\u00e1n devastador puede ser un diagn\u00f3stico de c\u00e1ncer infantil para toda la familia y tiene muchas conexiones y puntos de venta para ayudar con sus necesidades. Nos conectamos con varios terapeutas y otros socios de la comunidad para ayudar a la familia en su conjunto a superar el impacto emocional que acompa\u00f1a al diagn\u00f3stico.<\/p>\n<p>Tener a alguien con quien hablar que est\u00e9 pasando por lo mismo o que haya pasado por la misma situaci\u00f3n tambi\u00e9n puede ser una gran v\u00eda para lidiar con el estr\u00e9s emocional del que otros no tienen idea. Brindamos oportunidades para conectar a las familias con otras familias que est\u00e1n pasando por la misma batalla en un entorno personal o en una de nuestras actividades divertidas al aire libre, que incluyen; juegos de baloncesto, d\u00edas en el parque y m\u00e1s. Esto brinda una oportunidad para que el ni\u00f1o en tratamiento se conecte con otros junto con los padres y hermanos.<\/p>\n<p>Comun\u00edquese con nosotros si necesita ayuda o tiene preguntas al 916.784.6786. Estamos aqu\u00ed para ayudar de todas las formas posibles para aliviar algunas tensiones diarias, brindando a la familia tiempo para concentrarse en que su hijo mejore.<em><br \/>\n<\/em><\/p>\n\n\t\t<\/div>\n\t<\/div>\n<\/div><\/div><\/div><\/div><div class=\"vc_row wpb_row vc_row-fluid\"><div class=\"wpb_column vc_column_container vc_col-sm-3\"><div class=\"vc_column-inner\"><div class=\"wpb_wrapper\"><\/div><\/div><\/div><div class=\"wpb_column vc_column_container vc_col-sm-3\"><div class=\"vc_column-inner\"><div class=\"wpb_wrapper\"><div class=\"vc_btn3-container vc_btn3-left vc_do_btn\" ><a class=\"vc_general vc_btn3 vc_btn3-size-md vc_btn3-shape-rounded vc_btn3-style-outline vc_btn3-color-primary\" href=\"https:\/\/childcancer.org\/es\/services\/family-navigator\/resources\/family-resources\/\" title=\"\" target=\"_blank\">Recursos familiares<\/a><\/div><\/div><\/div><\/div><div class=\"wpb_column vc_column_container vc_col-sm-3\"><div class=\"vc_column-inner\"><div class=\"wpb_wrapper\"><div class=\"vc_btn3-container vc_btn3-center vc_do_btn\" ><a class=\"vc_general vc_btn3 vc_btn3-size-md vc_btn3-shape-rounded vc_btn3-style-outline vc_btn3-color-primary\" href=\"https:\/\/childcancer.org\/es\/services\/family-navigator\/resources\/teen-resources\/\" title=\"\" target=\"_blank\">Recursos para adolescentes<\/a><\/div><\/div><\/div><\/div><div class=\"wpb_column vc_column_container vc_col-sm-3\"><div class=\"vc_column-inner\"><div class=\"wpb_wrapper\"><\/div><\/div><\/div><\/div>\n<\/div>","protected":false},"excerpt":{"rendered":"Keaton's Child Cancer Alliance understands how devastating a childhood cancer diagnosis can be on the entire family and have many connections and outlets to assist with their needs.\u00a0We connect with [...]","protected":false},"author":5,"featured_media":0,"parent":70,"menu_order":5,"comment_status":"closed","ping_status":"closed","template":"","meta":{"_acf_changed":false,"give_campaign_id":0,"footnotes":""},"categories":[],"tags":[],"class_list":["post-104","page","type-page","status-publish","hentry"],"acf":[],"campaignId":"","_links":{"self":[{"href":"https:\/\/childcancer.org\/es\/wp-json\/wp\/v2\/pages\/104","targetHints":{"allow":["GET"]}}],"collection":[{"href":"https:\/\/childcancer.org\/es\/wp-json\/wp\/v2\/pages"}],"about":[{"href":"https:\/\/childcancer.org\/es\/wp-json\/wp\/v2\/types\/page"}],"author":[{"embeddable":true,"href":"https:\/\/childcancer.org\/es\/wp-json\/wp\/v2\/users\/5"}],"replies":[{"embeddable":true,"href":"https:\/\/childcancer.org\/es\/wp-json\/wp\/v2\/comments?post=104"}],"version-history":[{"count":0,"href":"https:\/\/childcancer.org\/es\/wp-json\/wp\/v2\/pages\/104\/revisions"}],"up":[{"embeddable":true,"href":"https:\/\/childcancer.org\/es\/wp-json\/wp\/v2\/pages\/70"}],"wp:attachment":[{"href":"https:\/\/childcancer.org\/es\/wp-json\/wp\/v2\/media?parent=104"}],"wp:term":[{"taxonomy":"category","embeddable":true,"href":"https:\/\/childcancer.org\/es\/wp-json\/wp\/v2\/categories?post=104"},{"taxonomy":"post_tag","embeddable":true,"href":"https:\/\/childcancer.org\/es\/wp-json\/wp\/v2\/tags?post=104"}],"curies":[{"name":"palabra clave","href":"https:\/\/api.w.org\/{rel}","templated":true}]}}