{"id":100,"date":"2016-12-01T01:32:04","date_gmt":"2016-12-01T01:32:04","guid":{"rendered":"http:\/\/krm.dmsdevsite.com\/?page_id=100"},"modified":"2019-01-28T22:06:33","modified_gmt":"2019-01-28T22:06:33","slug":"impact","status":"publish","type":"page","link":"https:\/\/childcancer.org\/es\/family-navigator\/impact\/","title":{"rendered":"Impacto"},"content":{"rendered":"<h2>Cada a\u00f1o, la Alianza contra el C\u00e1ncer Infantil de Keaton<\/h2>\n<ul>\n<li>Brinda apoyo financiero y servicios a un promedio de 500 ni\u00f1os y familias en el norte de California.<\/li>\n<li>Distribuye 150 cofres de esperanza personalizados y paquetes de informaci\u00f3n.<\/li>\n<li>Se asocia con m\u00e1s de 230 empresas y organizaciones locales para brindar a las familias servicios y recursos cr\u00edticos.<\/li>\n<li>Brinda apoyo financiero para servicios de duelo a m\u00e1s de una docena de familias.<\/li>\n<li>Conecta a ni\u00f1os, adolescentes, hermanos y familias a trav\u00e9s de eventos sociales.<\/li>\n<li>Presenta becas a adolescentes y adultos j\u00f3venes en busca de educaci\u00f3n superior.<\/li>\n<li>Adopta a m\u00e1s de 30 familias durante la temporada de vacaciones proporcionando art\u00edculos de la lista de deseos y necesidades b\u00e1sicas.<\/li>\n<li>Dona m\u00e1s de medio mill\u00f3n de d\u00f3lares para financiar tratamientos innovadores e investigaciones para encontrar una cura a trav\u00e9s de nuestra asociaci\u00f3n con St. Baldrick&#039;s y SuperCuts.<\/li>\n<\/ul>\n<h3><em>\u201cFue reconfortante saber que hab\u00eda otros que sab\u00edan exactamente a qu\u00e9 nos enfrent\u00e1bamos\u201d. Padre de la Alianza contra el C\u00e1ncer Infantil de Keaton<\/em><\/h3>","protected":false},"excerpt":{"rendered":"<p>Each year Keaton&#8217;s Child Cancer Alliance Provides financial support and services to an average of 500 children and families in Northern California. Distributes 150 customized Hope Chests and information packages. [&hellip;]<\/p>\n","protected":false},"author":5,"featured_media":0,"parent":70,"menu_order":3,"comment_status":"closed","ping_status":"closed","template":"","meta":{"_acf_changed":false,"give_campaign_id":0,"footnotes":""},"categories":[],"tags":[],"class_list":["post-100","page","type-page","status-publish","hentry"],"acf":[],"campaignId":"","_links":{"self":[{"href":"https:\/\/childcancer.org\/es\/wp-json\/wp\/v2\/pages\/100","targetHints":{"allow":["GET"]}}],"collection":[{"href":"https:\/\/childcancer.org\/es\/wp-json\/wp\/v2\/pages"}],"about":[{"href":"https:\/\/childcancer.org\/es\/wp-json\/wp\/v2\/types\/page"}],"author":[{"embeddable":true,"href":"https:\/\/childcancer.org\/es\/wp-json\/wp\/v2\/users\/5"}],"replies":[{"embeddable":true,"href":"https:\/\/childcancer.org\/es\/wp-json\/wp\/v2\/comments?post=100"}],"version-history":[{"count":0,"href":"https:\/\/childcancer.org\/es\/wp-json\/wp\/v2\/pages\/100\/revisions"}],"up":[{"embeddable":true,"href":"https:\/\/childcancer.org\/es\/wp-json\/wp\/v2\/pages\/70"}],"wp:attachment":[{"href":"https:\/\/childcancer.org\/es\/wp-json\/wp\/v2\/media?parent=100"}],"wp:term":[{"taxonomy":"category","embeddable":true,"href":"https:\/\/childcancer.org\/es\/wp-json\/wp\/v2\/categories?post=100"},{"taxonomy":"post_tag","embeddable":true,"href":"https:\/\/childcancer.org\/es\/wp-json\/wp\/v2\/tags?post=100"}],"curies":[{"name":"palabra clave","href":"https:\/\/api.w.org\/{rel}","templated":true}]}}